{"id":171985,"date":"2022-10-20T00:39:24","date_gmt":"2022-10-19T22:39:24","guid":{"rendered":"http:\/\/dev.claret.cat\/producte\/el-gran-libro-del-humor-espanol\/"},"modified":"2023-10-06T07:34:34","modified_gmt":"2023-10-06T05:34:34","slug":"el-gran-libro-del-humor-espanol-9788418741647","status":"publish","type":"product","link":"https:\/\/www.claret.cat\/es\/libro\/el-gran-libro-del-humor-espanol-9788418741647\/","title":{"rendered":"EL GRAN LIBRO DEL HUMOR ESPA\u00d1OL"},"content":{"rendered":"<p>\u00bfExiste realmente un humor espa\u00f1ol? \u00bfY catal\u00e1n o andaluz? \u00bfEs verdad que los mismos chistes de Lepe se cuentan tambi\u00e9n en Inglaterra, Francia, Estados Unidos\u2026? \u00bfSe puede derrocar a un Gobierno con los chistes? \u00bfCu\u00e1les son los l\u00edmites de la libertad de expresi\u00f3n en la comedia?<br \/>El gran libro del humor espa\u00f1ol se propone resolver estas y otras muchas preguntas ofreciendo un amplio, documentado y a menudo desternillante recorrido por los \u00faltimos cien a\u00f1os de comedia hecha en Espa\u00f1a,<br \/> buscando lo que une a Jardiel Poncela, Mortadelo y Filem\u00f3n, La Codorniz o Capri con Miguel Noguera, los Chanantes, Pepe Rubianes o El Jueves\u2026 En suma, l\u00facidas y divertidas conexiones con la historia del absurdo, de la chapuza, la parodia, el humor pol\u00edtico o incluso la revoluci\u00f3n de las redes sociales en la comedia. Analizar los mecanismos del humor, que son universales, y detenerse en algunas diferencias, que son superficiales, nos ayuda a explicar y a entender nuestra historia<br \/> y la sociedad en la que vivimos.<br \/>Jaime Rubio Hancock, periodista especializado en humor, filosof\u00eda y redes sociales, logra evitar con un tono ameno y riguroso, pero alejado del academicismo, el riesgo del que ya advirtiera E. B. White: \u00abAnalizar el humor es como diseccionar una rana. Hay poca gente interesada y la rana acaba muerta\u00bb.<\/p>\n","protected":false},"excerpt":{"rendered":"<p>RUBIO HANCOCK, JAIME<\/p>\n","protected":false},"featured_media":312726,"template":"","meta":{"_acf_changed":false,"om_disable_all_campaigns":false,"rs_blank_template":"","rs_page_bg_color":"","slide_template_v7":"","inline_featured_image":false,"_monsterinsights_skip_tracking":false,"_monsterinsights_sitenote_active":false,"_monsterinsights_sitenote_note":"","_monsterinsights_sitenote_category":0},"product_brand":[],"product_cat":[540],"product_tag":[],"class_list":{"0":"post-171985","1":"product","2":"type-product","3":"status-publish","4":"has-post-thumbnail","6":"product_cat-otros","8":"first","9":"instock","10":"taxable","11":"shipping-taxable","12":"purchasable","13":"product-type-simple"},"acf":{"autor":"RUBIO HANCOCK, JAIME","codart":"841874164","libros-coleccion":"Fondo","ediciones":"1","encuadernacion":"R\u00fastica","fecha_de_publicacion":"01\/10\/2022","novedad":"1","paginas":"398","subtitulo":"","orden":"0","portada":"0","idioma":"spa","editorial":[{"ID":6127,"post_author":"3","post_date":"2022-07-28 17:45:28","post_date_gmt":"2022-07-28 15:45:28","post_content":"","post_title":"ARPA EDITORES","post_excerpt":"","post_status":"publish","comment_status":"closed","ping_status":"closed","post_password":"","post_name":"arpa-editores","to_ping":"","pinged":"","post_modified":"2022-07-28 17:45:28","post_modified_gmt":"2022-07-28 15:45:28","post_content_filtered":"","post_parent":0,"guid":"http:\/\/dev.claret.cat\/editorial\/arpa-editores\/","menu_order":0,"post_type":"editorial","post_mime_type":"","comment_count":"0","filter":"raw"}],"autores-libros":[{"ID":158366,"post_author":"3","post_date":"2022-10-14 15:36:16","post_date_gmt":"2022-10-14 13:36:16","post_content":"","post_title":"JAIME RUBIO HANCOCK","post_excerpt":"","post_status":"publish","comment_status":"closed","ping_status":"closed","post_password":"","post_name":"jaime-rubio-hancock","to_ping":"","pinged":"","post_modified":"2022-10-14 15:36:16","post_modified_gmt":"2022-10-14 13:36:16","post_content_filtered":"","post_parent":0,"guid":"http:\/\/dev.claret.cat\/autor\/jaime-rubio-hancock\/","menu_order":0,"post_type":"autor","post_mime_type":"","comment_count":"0","filter":"raw"}]},"aioseo_notices":[],"_links":{"self":[{"href":"https:\/\/www.claret.cat\/es\/wp-json\/wp\/v2\/product\/171985","targetHints":{"allow":["GET"]}}],"collection":[{"href":"https:\/\/www.claret.cat\/es\/wp-json\/wp\/v2\/product"}],"about":[{"href":"https:\/\/www.claret.cat\/es\/wp-json\/wp\/v2\/types\/product"}],"wp:featuredmedia":[{"embeddable":true,"href":"https:\/\/www.claret.cat\/es\/wp-json\/wp\/v2\/media\/312726"}],"wp:attachment":[{"href":"https:\/\/www.claret.cat\/es\/wp-json\/wp\/v2\/media?parent=171985"}],"wp:term":[{"taxonomy":"product_brand","embeddable":true,"href":"https:\/\/www.claret.cat\/es\/wp-json\/wp\/v2\/product_brand?post=171985"},{"taxonomy":"product_cat","embeddable":true,"href":"https:\/\/www.claret.cat\/es\/wp-json\/wp\/v2\/product_cat?post=171985"},{"taxonomy":"product_tag","embeddable":true,"href":"https:\/\/www.claret.cat\/es\/wp-json\/wp\/v2\/product_tag?post=171985"}],"curies":[{"name":"wp","href":"https:\/\/api.w.org\/{rel}","templated":true}]}}