{"id":171988,"date":"2022-10-20T00:39:27","date_gmt":"2022-10-19T22:39:27","guid":{"rendered":"http:\/\/dev.claret.cat\/producte\/un-sandwich-de-amor-por-favor\/"},"modified":"2023-10-06T07:34:36","modified_gmt":"2023-10-06T05:34:36","slug":"un-sandwich-de-amor-por-favor-9788418749179","status":"publish","type":"product","link":"https:\/\/www.claret.cat\/es\/libro\/un-sandwich-de-amor-por-favor-9788418749179\/","title":{"rendered":"UN S\u00c1NDWICH DE AMOR, \u00a1POR FAVOR!"},"content":{"rendered":"<p>\u00bfSEPARARSE? \u00bfEso qu\u00e9 es?<\/p>\n<p> Nuestro peque\u00f1o y risue\u00f1o protagonista se enfrenta a conocer por qu\u00e9 mam\u00e1 y pap\u00e1 ya no viven juntos. \u00bfSer\u00e1 por Buba, su h\u00e1mster apestoso? Nooo, no lo creo. \u00bfSer\u00e1 por no recoger los juguetes? Espero que no&#8230;\u00bfEntonces?<\/p>\n","protected":false},"excerpt":{"rendered":"<p>ACOSTA, ALICIA<\/p>\n","protected":false},"featured_media":171989,"template":"","meta":{"_acf_changed":false,"om_disable_all_campaigns":false,"rs_blank_template":"","rs_page_bg_color":"","slide_template_v7":"","inline_featured_image":false,"_monsterinsights_skip_tracking":false,"_monsterinsights_sitenote_active":false,"_monsterinsights_sitenote_note":"","_monsterinsights_sitenote_category":0},"product_brand":[],"product_cat":[362],"product_tag":[],"class_list":{"0":"post-171988","1":"product","2":"type-product","3":"status-publish","4":"has-post-thumbnail","6":"product_cat-libros-preadolescentes-6-12-anos","8":"first","9":"instock","10":"taxable","11":"shipping-taxable","12":"purchasable","13":"product-type-simple"},"acf":{"autor":"ACOSTA, ALICIA","codart":"841874917","libros-coleccion":"Miau","ediciones":"1","encuadernacion":"Carton\u00e9","fecha_de_publicacion":"01\/10\/2022","novedad":"1","paginas":"32","subtitulo":"","orden":"0","portada":"0","idioma":"spa","editorial":[{"ID":147821,"post_author":"3","post_date":"2022-10-14 11:53:28","post_date_gmt":"2022-10-14 09:53:28","post_content":"","post_title":"Ediciones Jaguar","post_excerpt":"","post_status":"publish","comment_status":"closed","ping_status":"closed","post_password":"","post_name":"ediciones-jaguar","to_ping":"","pinged":"","post_modified":"2022-10-14 11:53:28","post_modified_gmt":"2022-10-14 09:53:28","post_content_filtered":"","post_parent":0,"guid":"http:\/\/dev.claret.cat\/editorial\/ediciones-jaguar\/","menu_order":0,"post_type":"editorial","post_mime_type":"","comment_count":"0","filter":"raw"}],"autores-libros":[{"ID":149837,"post_author":"3","post_date":"2022-10-14 14:28:05","post_date_gmt":"2022-10-14 12:28:05","post_content":"","post_title":"ALICIA ACOSTA","post_excerpt":"","post_status":"publish","comment_status":"closed","ping_status":"closed","post_password":"","post_name":"alicia-acosta","to_ping":"","pinged":"","post_modified":"2022-10-14 14:28:05","post_modified_gmt":"2022-10-14 12:28:05","post_content_filtered":"","post_parent":0,"guid":"http:\/\/dev.claret.cat\/autor\/alicia-acosta\/","menu_order":0,"post_type":"autor","post_mime_type":"","comment_count":"0","filter":"raw"}]},"aioseo_notices":[],"_links":{"self":[{"href":"https:\/\/www.claret.cat\/es\/wp-json\/wp\/v2\/product\/171988","targetHints":{"allow":["GET"]}}],"collection":[{"href":"https:\/\/www.claret.cat\/es\/wp-json\/wp\/v2\/product"}],"about":[{"href":"https:\/\/www.claret.cat\/es\/wp-json\/wp\/v2\/types\/product"}],"wp:featuredmedia":[{"embeddable":true,"href":"https:\/\/www.claret.cat\/es\/wp-json\/wp\/v2\/media\/171989"}],"wp:attachment":[{"href":"https:\/\/www.claret.cat\/es\/wp-json\/wp\/v2\/media?parent=171988"}],"wp:term":[{"taxonomy":"product_brand","embeddable":true,"href":"https:\/\/www.claret.cat\/es\/wp-json\/wp\/v2\/product_brand?post=171988"},{"taxonomy":"product_cat","embeddable":true,"href":"https:\/\/www.claret.cat\/es\/wp-json\/wp\/v2\/product_cat?post=171988"},{"taxonomy":"product_tag","embeddable":true,"href":"https:\/\/www.claret.cat\/es\/wp-json\/wp\/v2\/product_tag?post=171988"}],"curies":[{"name":"wp","href":"https:\/\/api.w.org\/{rel}","templated":true}]}}