{"id":172051,"date":"2022-10-20T00:40:42","date_gmt":"2022-10-19T22:40:42","guid":{"rendered":"http:\/\/dev.claret.cat\/producte\/paisatges-desconeguts-del-sistema-solar\/"},"modified":"2023-10-06T07:35:20","modified_gmt":"2023-10-06T05:35:20","slug":"paisatges-desconeguts-del-sistema-solar-9788418830785","status":"publish","type":"product","link":"https:\/\/www.claret.cat\/es\/libro\/paisatges-desconeguts-del-sistema-solar-9788418830785\/","title":{"rendered":"PAISATGES DESCONEGUTS DEL SISTEMA SOLAR"},"content":{"rendered":"<p>El nostre planeta, la Terra, \u00e9s un min\u00fascul puntet que gira al voltant d&#8221;una estrella, el Sol. El gran astre \u00e9s el centre del nostre sistema planetari i la seva gravetat atrau els nostres set planetes germans.<\/p>\n<p> Et convidem a un viatge inoblidable pels meravellosos paisatges desconeguts del nostre sistema solar, passant pel desert abrasador de Venus, la pols vermella de Mart, els fascinants anells de Saturn o el gas blav\u00f3s de Nept\u00fa. Sense oblidar-nos, \u00e9s clar, del centre del nostre sistema planetari, el Sol.<\/p>\n<p> Despr\u00e9s de l&#8221;\u00e8xit de Paisatges perduts de la terra, guardonat amb diversos premis internacionals, Aina Bestard s&#8221;endinsa en els fant\u00e0stics paisatges del nostre sistema solar.<\/p>\n","protected":false},"excerpt":{"rendered":"<p>BESTARD, AINA<\/p>\n","protected":false},"featured_media":172052,"template":"","meta":{"_acf_changed":false,"om_disable_all_campaigns":false,"rs_blank_template":"","rs_page_bg_color":"","slide_template_v7":"","inline_featured_image":false,"_monsterinsights_skip_tracking":false,"_monsterinsights_sitenote_active":false,"_monsterinsights_sitenote_note":"","_monsterinsights_sitenote_category":0},"product_brand":[],"product_cat":[133,132],"product_tag":[],"class_list":{"0":"post-172051","1":"product","2":"type-product","3":"status-publish","4":"has-post-thumbnail","6":"product_cat-lectures-per-adolescents-12-18-anys","7":"product_cat-lectures-per-preadolescents-6-12-anys","9":"first","10":"instock","11":"taxable","12":"shipping-taxable","13":"purchasable","14":"product-type-simple"},"acf":{"autor":"BESTARD, AINA","codart":"841883078","libros-coleccion":"","ediciones":"1","encuadernacion":"Carton\u00e9","fecha_de_publicacion":"01\/10\/2022","novedad":"1","paginas":"0","subtitulo":"","orden":"0","portada":"0","idioma":"cat","editorial":[{"ID":148985,"post_author":"3","post_date":"2022-10-14 12:02:33","post_date_gmt":"2022-10-14 10:02:33","post_content":"","post_title":"Zahori de ideas","post_excerpt":"","post_status":"publish","comment_status":"closed","ping_status":"closed","post_password":"","post_name":"zahori-de-ideas","to_ping":"","pinged":"","post_modified":"2022-10-14 12:02:33","post_modified_gmt":"2022-10-14 10:02:33","post_content_filtered":"","post_parent":0,"guid":"http:\/\/dev.claret.cat\/editorial\/zahori-de-ideas\/","menu_order":0,"post_type":"editorial","post_mime_type":"","comment_count":"0","filter":"raw"}],"autores-libros":[{"ID":149291,"post_author":"3","post_date":"2022-10-14 14:23:42","post_date_gmt":"2022-10-14 12:23:42","post_content":"","post_title":"AINA BESTARD","post_excerpt":"","post_status":"publish","comment_status":"closed","ping_status":"closed","post_password":"","post_name":"aina-bestard","to_ping":"","pinged":"","post_modified":"2022-10-14 14:23:42","post_modified_gmt":"2022-10-14 12:23:42","post_content_filtered":"","post_parent":0,"guid":"http:\/\/dev.claret.cat\/autor\/aina-bestard\/","menu_order":0,"post_type":"autor","post_mime_type":"","comment_count":"0","filter":"raw"}]},"aioseo_notices":[],"_links":{"self":[{"href":"https:\/\/www.claret.cat\/es\/wp-json\/wp\/v2\/product\/172051","targetHints":{"allow":["GET"]}}],"collection":[{"href":"https:\/\/www.claret.cat\/es\/wp-json\/wp\/v2\/product"}],"about":[{"href":"https:\/\/www.claret.cat\/es\/wp-json\/wp\/v2\/types\/product"}],"wp:featuredmedia":[{"embeddable":true,"href":"https:\/\/www.claret.cat\/es\/wp-json\/wp\/v2\/media\/172052"}],"wp:attachment":[{"href":"https:\/\/www.claret.cat\/es\/wp-json\/wp\/v2\/media?parent=172051"}],"wp:term":[{"taxonomy":"product_brand","embeddable":true,"href":"https:\/\/www.claret.cat\/es\/wp-json\/wp\/v2\/product_brand?post=172051"},{"taxonomy":"product_cat","embeddable":true,"href":"https:\/\/www.claret.cat\/es\/wp-json\/wp\/v2\/product_cat?post=172051"},{"taxonomy":"product_tag","embeddable":true,"href":"https:\/\/www.claret.cat\/es\/wp-json\/wp\/v2\/product_tag?post=172051"}],"curies":[{"name":"wp","href":"https:\/\/api.w.org\/{rel}","templated":true}]}}