{"id":1721,"date":"2022-07-27T20:56:28","date_gmt":"2022-07-27T18:56:28","guid":{"rendered":"http:\/\/dev.claret.cat\/producto\/escriviu-be-el-catala-9788498468567\/"},"modified":"2026-04-18T12:20:30","modified_gmt":"2026-04-18T10:20:30","slug":"escriviu-be-el-catala-9788482978567","status":"publish","type":"product","link":"https:\/\/www.claret.cat\/es\/libro\/escriviu-be-el-catala-9788482978567\/","title":{"rendered":"ESCRIVIU B\u00c9 EL CATAL\u00c0"},"content":{"rendered":"<p>Aquest no \u00e9s pas un manual per escriure \u00abamb estil\u00bb, fent \u00fas dels recursos literaris que ofereix la llengua, sin\u00f3 una cosa molt menys ambiciosa i elemental: escriure amb correcci\u00f3 almenys ortogr\u00e0fica.<\/p>\n","protected":false},"excerpt":{"rendered":"<p>CASANOVES CASALS ,MANUEL<\/p>\n","protected":false},"featured_media":387322,"template":"","meta":{"_acf_changed":false,"om_disable_all_campaigns":false,"rs_blank_template":"","rs_page_bg_color":"","slide_template_v7":"","inline_featured_image":false,"_monsterinsights_skip_tracking":false,"_monsterinsights_sitenote_active":false,"_monsterinsights_sitenote_note":"","_monsterinsights_sitenote_category":0},"product_brand":[],"product_cat":[573,140,578,145,189,453,581,139,572],"product_tag":[],"class_list":{"0":"post-1721","1":"product","2":"type-product","3":"status-publish","4":"has-post-thumbnail","6":"product_cat-bachillerato","7":"product_cat-batxillerat","8":"product_cat-diccionarios-y-libros-de-consulta","9":"product_cat-diccionaris-i-llibres-de-consulta","10":"product_cat-didactica-i-praxi-escolar","11":"product_cat-didactica-y-praxis-escolar","12":"product_cat-editorial-claret","13":"product_cat-secundaria","14":"product_cat-secundaria-escolar-4_escolar-spa","16":"first","17":"instock","18":"taxable","19":"shipping-taxable","20":"purchasable","21":"product-type-simple"},"acf":{"autor":"CASANOVES CASALS ,MANUEL","codart":"848297856","ediciones":"12","encuadernacion":"R\u00fastica","fecha_de_publicacion":"25\/08\/2005","novedad":"0","paginas":"130","subtitulo":"","orden":"999","portada":"0","idioma":"cat","libros-coleccion":"POMPEU FABRA","autores-libros":[{"ID":5776,"post_author":"3","post_date":"2022-07-28 17:31:14","post_date_gmt":"2022-07-28 15:31:14","post_content":"","post_title":"MANUEL CASANOVES CASALS","post_excerpt":"","post_status":"publish","comment_status":"closed","ping_status":"closed","post_password":"","post_name":"manuel-casanoves-casals","to_ping":"","pinged":"","post_modified":"2022-07-28 17:31:14","post_modified_gmt":"2022-07-28 15:31:14","post_content_filtered":"","post_parent":0,"guid":"http:\/\/dev.claret.cat\/autor\/manuel-casanoves-casals\/","menu_order":0,"post_type":"autor","post_mime_type":"","comment_count":"0","filter":"raw"}],"editorial":[{"ID":6158,"post_author":"3","post_date":"2022-07-28 17:46:08","post_date_gmt":"2022-07-28 15:46:08","post_content":"","post_title":"CLARET","post_excerpt":"","post_status":"publish","comment_status":"closed","ping_status":"closed","post_password":"","post_name":"claret","to_ping":"","pinged":"","post_modified":"2022-07-28 17:46:08","post_modified_gmt":"2022-07-28 15:46:08","post_content_filtered":"","post_parent":0,"guid":"http:\/\/dev.claret.cat\/editorial\/claret\/","menu_order":0,"post_type":"editorial","post_mime_type":"","comment_count":"0","filter":"raw"}],"booktrailer":"","resenas":""},"aioseo_notices":[],"_links":{"self":[{"href":"https:\/\/www.claret.cat\/es\/wp-json\/wp\/v2\/product\/1721","targetHints":{"allow":["GET"]}}],"collection":[{"href":"https:\/\/www.claret.cat\/es\/wp-json\/wp\/v2\/product"}],"about":[{"href":"https:\/\/www.claret.cat\/es\/wp-json\/wp\/v2\/types\/product"}],"wp:featuredmedia":[{"embeddable":true,"href":"https:\/\/www.claret.cat\/es\/wp-json\/wp\/v2\/media\/387322"}],"wp:attachment":[{"href":"https:\/\/www.claret.cat\/es\/wp-json\/wp\/v2\/media?parent=1721"}],"wp:term":[{"taxonomy":"product_brand","embeddable":true,"href":"https:\/\/www.claret.cat\/es\/wp-json\/wp\/v2\/product_brand?post=1721"},{"taxonomy":"product_cat","embeddable":true,"href":"https:\/\/www.claret.cat\/es\/wp-json\/wp\/v2\/product_cat?post=1721"},{"taxonomy":"product_tag","embeddable":true,"href":"https:\/\/www.claret.cat\/es\/wp-json\/wp\/v2\/product_tag?post=1721"}],"curies":[{"name":"wp","href":"https:\/\/api.w.org\/{rel}","templated":true}]}}