{"id":172144,"date":"2022-10-20T00:42:29","date_gmt":"2022-10-19T22:42:29","guid":{"rendered":"http:\/\/dev.claret.cat\/producte\/les-bruixes-de-brooklyn-mes-magia\/"},"modified":"2026-02-25T11:00:29","modified_gmt":"2026-02-25T10:00:29","slug":"les-bruixes-de-brooklyn-mes-magia-9788468353753","status":"publish","type":"product","link":"https:\/\/www.claret.cat\/es\/libro\/les-bruixes-de-brooklyn-mes-magia-9788468353753\/","title":{"rendered":"LES BRUIXES DE BROOKLYN: M\u00c9S M\u00c0GIA"},"content":{"rendered":"<p>Qu\u00e8 passa quan treus una bruixa de Brooklyn?    L?Effie est\u00e0 a punt de descobrir que M\u00c9S M\u00c0GIA porta M\u00c9S PROBLEMES quan es veu atrapada en uns campaments d?estiu per a bruixes. Sobreviure sense els seus amics ja era prou dif\u00edcil, per\u00f2 quan les mans de l?Effie comencen a brillar de color VERD pels nous poders que t\u00e9, els seus companys de campaments comencen a treure FOC pels queixals. Resulta que quan ets bruixa, la vida fora de Brooklyn tamb\u00e9 \u00e9s ben estranya!    No et perdis la m\u00e0gia!<\/p>\n","protected":false},"excerpt":{"rendered":"<p>ESCABASSE, SOPHIE<\/p>\n","protected":false},"featured_media":172145,"template":"","meta":{"_acf_changed":false,"om_disable_all_campaigns":false,"rs_blank_template":"","rs_page_bg_color":"","slide_template_v7":"","inline_featured_image":false,"_monsterinsights_skip_tracking":false,"_monsterinsights_sitenote_active":false,"_monsterinsights_sitenote_note":"","_monsterinsights_sitenote_category":0},"product_brand":[],"product_cat":[132,362],"product_tag":[],"class_list":{"0":"post-172144","1":"product","2":"type-product","3":"status-publish","4":"has-post-thumbnail","6":"product_cat-lectures-per-preadolescents-6-12-anys","7":"product_cat-libros-preadolescentes-6-12-anos","9":"first","10":"instock","11":"taxable","12":"shipping-taxable","13":"purchasable","14":"product-type-simple"},"acf":{"autor":"ESCABASSE, SOPHIE","codart":"846835375","libros-coleccion":"","ediciones":"1","encuadernacion":"Carton\u00e9","fecha_de_publicacion":"01\/10\/2022","novedad":"1","paginas":"210","subtitulo":"","orden":"0","portada":"0","idioma":"cat","editorial":[{"ID":6193,"post_author":"3","post_date":"2022-07-28 17:46:53","post_date_gmt":"2022-07-28 15:46:53","post_content":"","post_title":"EDEBE GUADIEL","post_excerpt":"","post_status":"publish","comment_status":"closed","ping_status":"closed","post_password":"","post_name":"edebe-guadiel","to_ping":"","pinged":"","post_modified":"2022-07-28 17:46:53","post_modified_gmt":"2022-07-28 15:46:53","post_content_filtered":"","post_parent":0,"guid":"http:\/\/dev.claret.cat\/editorial\/edebe-guadiel\/","menu_order":0,"post_type":"editorial","post_mime_type":"","comment_count":"0","filter":"raw"}],"autores-libros":[{"ID":169693,"post_author":"3","post_date":"2022-10-14 22:29:16","post_date_gmt":"2022-10-14 20:29:16","post_content":"","post_title":"SOPHIE ESCABASSE","post_excerpt":"","post_status":"publish","comment_status":"closed","ping_status":"closed","post_password":"","post_name":"sophie-escabasse","to_ping":"","pinged":"","post_modified":"2022-10-14 22:29:16","post_modified_gmt":"2022-10-14 20:29:16","post_content_filtered":"","post_parent":0,"guid":"http:\/\/dev.claret.cat\/autor\/sophie-escabasse\/","menu_order":0,"post_type":"autor","post_mime_type":"","comment_count":"0","filter":"raw"}],"booktrailer":"","resenas":""},"aioseo_notices":[],"_links":{"self":[{"href":"https:\/\/www.claret.cat\/es\/wp-json\/wp\/v2\/product\/172144","targetHints":{"allow":["GET"]}}],"collection":[{"href":"https:\/\/www.claret.cat\/es\/wp-json\/wp\/v2\/product"}],"about":[{"href":"https:\/\/www.claret.cat\/es\/wp-json\/wp\/v2\/types\/product"}],"wp:featuredmedia":[{"embeddable":true,"href":"https:\/\/www.claret.cat\/es\/wp-json\/wp\/v2\/media\/172145"}],"wp:attachment":[{"href":"https:\/\/www.claret.cat\/es\/wp-json\/wp\/v2\/media?parent=172144"}],"wp:term":[{"taxonomy":"product_brand","embeddable":true,"href":"https:\/\/www.claret.cat\/es\/wp-json\/wp\/v2\/product_brand?post=172144"},{"taxonomy":"product_cat","embeddable":true,"href":"https:\/\/www.claret.cat\/es\/wp-json\/wp\/v2\/product_cat?post=172144"},{"taxonomy":"product_tag","embeddable":true,"href":"https:\/\/www.claret.cat\/es\/wp-json\/wp\/v2\/product_tag?post=172144"}],"curies":[{"name":"wp","href":"https:\/\/api.w.org\/{rel}","templated":true}]}}