{"id":172183,"date":"2022-10-20T00:43:13","date_gmt":"2022-10-19T22:43:13","guid":{"rendered":"http:\/\/dev.claret.cat\/producte\/la-desastrosa-aventura-duna-pela-de-platan\/"},"modified":"2023-10-06T07:43:33","modified_gmt":"2023-10-06T05:43:33","slug":"la-desastrosa-aventura-duna-pela-de-platan-9788418304408","status":"publish","type":"product","link":"https:\/\/www.claret.cat\/es\/libro\/la-desastrosa-aventura-duna-pela-de-platan-9788418304408\/","title":{"rendered":"LA DESASTROSA AVENTURA D&#8221;UNA PELA DE PL\u00c0TAN"},"content":{"rendered":"<p>Has trepitjat mai una pela de pl\u00e0tan? Has vist mai caure alg\u00fa per haver-ho fet? Aquesta hist\u00f2ria tracta d&#8221;aix\u00f2, d&#8221;una pela de pl\u00e0tan que acaba on no toca, a terra&#8230; i provoca el caos a la ciutat. T&#8221;atreveixes, sense riure, a llegir-la?<\/p>\n","protected":false},"excerpt":{"rendered":"<p>ACOSTA, ALICIA<\/p>\n","protected":false},"featured_media":540443,"template":"","meta":{"_acf_changed":false,"om_disable_all_campaigns":false,"rs_blank_template":"","rs_page_bg_color":"","slide_template_v7":"","inline_featured_image":false,"_monsterinsights_skip_tracking":false,"_monsterinsights_sitenote_active":false,"_monsterinsights_sitenote_note":"","_monsterinsights_sitenote_category":0},"product_brand":[],"product_cat":[132],"product_tag":[],"class_list":{"0":"post-172183","1":"product","2":"type-product","3":"status-publish","4":"has-post-thumbnail","6":"product_cat-lectures-per-preadolescents-6-12-anys","8":"first","9":"instock","10":"taxable","11":"shipping-taxable","12":"purchasable","13":"product-type-simple"},"acf":{"autor":"ACOSTA, ALICIA","codart":"841830440","libros-coleccion":"INFANTIL","ediciones":"1","encuadernacion":"Carton\u00e9","fecha_de_publicacion":"01\/10\/2022","novedad":"1","paginas":"45","subtitulo":"","orden":"0","portada":"0","idioma":"cat","editorial":[{"ID":147977,"post_author":"3","post_date":"2022-10-14 11:54:41","post_date_gmt":"2022-10-14 09:54:41","post_content":"","post_title":"EDITORIAL FLAMBOYANT","post_excerpt":"","post_status":"publish","comment_status":"closed","ping_status":"closed","post_password":"","post_name":"editorial-flamboyant","to_ping":"","pinged":"","post_modified":"2022-10-14 11:54:41","post_modified_gmt":"2022-10-14 09:54:41","post_content_filtered":"","post_parent":0,"guid":"http:\/\/dev.claret.cat\/editorial\/editorial-flamboyant\/","menu_order":0,"post_type":"editorial","post_mime_type":"","comment_count":"0","filter":"raw"}],"autores-libros":[{"ID":149837,"post_author":"3","post_date":"2022-10-14 14:28:05","post_date_gmt":"2022-10-14 12:28:05","post_content":"","post_title":"ALICIA ACOSTA","post_excerpt":"","post_status":"publish","comment_status":"closed","ping_status":"closed","post_password":"","post_name":"alicia-acosta","to_ping":"","pinged":"","post_modified":"2022-10-14 14:28:05","post_modified_gmt":"2022-10-14 12:28:05","post_content_filtered":"","post_parent":0,"guid":"http:\/\/dev.claret.cat\/autor\/alicia-acosta\/","menu_order":0,"post_type":"autor","post_mime_type":"","comment_count":"0","filter":"raw"}]},"aioseo_notices":[],"_links":{"self":[{"href":"https:\/\/www.claret.cat\/es\/wp-json\/wp\/v2\/product\/172183","targetHints":{"allow":["GET"]}}],"collection":[{"href":"https:\/\/www.claret.cat\/es\/wp-json\/wp\/v2\/product"}],"about":[{"href":"https:\/\/www.claret.cat\/es\/wp-json\/wp\/v2\/types\/product"}],"wp:featuredmedia":[{"embeddable":true,"href":"https:\/\/www.claret.cat\/es\/wp-json\/wp\/v2\/media\/540443"}],"wp:attachment":[{"href":"https:\/\/www.claret.cat\/es\/wp-json\/wp\/v2\/media?parent=172183"}],"wp:term":[{"taxonomy":"product_brand","embeddable":true,"href":"https:\/\/www.claret.cat\/es\/wp-json\/wp\/v2\/product_brand?post=172183"},{"taxonomy":"product_cat","embeddable":true,"href":"https:\/\/www.claret.cat\/es\/wp-json\/wp\/v2\/product_cat?post=172183"},{"taxonomy":"product_tag","embeddable":true,"href":"https:\/\/www.claret.cat\/es\/wp-json\/wp\/v2\/product_tag?post=172183"}],"curies":[{"name":"wp","href":"https:\/\/api.w.org\/{rel}","templated":true}]}}