{"id":172219,"date":"2022-10-20T00:43:54","date_gmt":"2022-10-19T22:43:54","guid":{"rendered":"http:\/\/dev.claret.cat\/producte\/bebe-a-la-cazuela\/"},"modified":"2023-10-06T07:47:15","modified_gmt":"2023-10-06T05:47:15","slug":"bebe-a-la-cazuela-9788491456100","status":"publish","type":"product","link":"https:\/\/www.claret.cat\/es\/libro\/bebe-a-la-cazuela-9788491456100\/","title":{"rendered":"\u00bfBEB\u00c9 A LA CAZUELA?"},"content":{"rendered":"<p>El ogro glot\u00f3n tiene un gran apetito y le gustar\u00eda comer algo delicioso: su abuela le dijo que no hay nada mejor que un? \u00a1beb\u00e9! \u00bfSer\u00e1 capaz de encontrar uno?<\/p>\n","protected":false},"excerpt":{"rendered":"<p>CAMPELLO, GIUDITTA<\/p>\n","protected":false},"featured_media":172220,"template":"","meta":{"_acf_changed":false,"om_disable_all_campaigns":false,"rs_blank_template":"","rs_page_bg_color":"","slide_template_v7":"","inline_featured_image":false,"_monsterinsights_skip_tracking":false,"_monsterinsights_sitenote_active":false,"_monsterinsights_sitenote_note":"","_monsterinsights_sitenote_category":0},"product_brand":[],"product_cat":[362],"product_tag":[],"class_list":{"0":"post-172219","1":"product","2":"type-product","3":"status-publish","4":"has-post-thumbnail","6":"product_cat-libros-preadolescentes-6-12-anos","8":"first","9":"instock","10":"taxable","11":"shipping-taxable","12":"purchasable","13":"product-type-simple"},"acf":{"autor":"CAMPELLO, GIUDITTA","codart":"849145610","libros-coleccion":"PICARONA","ediciones":"1","encuadernacion":"Carton\u00e9","fecha_de_publicacion":"01\/10\/2022","novedad":"1","paginas":"29","subtitulo":"","orden":"0","portada":"0","idioma":"spa","editorial":[{"ID":6329,"post_author":"3","post_date":"2022-07-28 17:49:51","post_date_gmt":"2022-07-28 15:49:51","post_content":"","post_title":"PICARONA","post_excerpt":"","post_status":"publish","comment_status":"closed","ping_status":"closed","post_password":"","post_name":"picarona","to_ping":"","pinged":"","post_modified":"2022-07-28 17:49:51","post_modified_gmt":"2022-07-28 15:49:51","post_content_filtered":"","post_parent":0,"guid":"http:\/\/dev.claret.cat\/editorial\/picarona\/","menu_order":0,"post_type":"editorial","post_mime_type":"","comment_count":"0","filter":"raw"}],"autores-libros":[{"ID":263510,"post_author":"3","post_date":"2022-12-01 11:18:05","post_date_gmt":"2022-12-01 10:18:05","post_content":"","post_title":"GIUDITTA CAMPELLO","post_excerpt":"","post_status":"publish","comment_status":"closed","ping_status":"closed","post_password":"","post_name":"giuditta-campello","to_ping":"","pinged":"","post_modified":"2022-12-01 11:18:05","post_modified_gmt":"2022-12-01 10:18:05","post_content_filtered":"","post_parent":0,"guid":"http:\/\/dev.claret.cat\/autor\/giuditta-campello\/","menu_order":0,"post_type":"autor","post_mime_type":"","comment_count":"0","filter":"raw"}]},"aioseo_notices":[],"_links":{"self":[{"href":"https:\/\/www.claret.cat\/es\/wp-json\/wp\/v2\/product\/172219","targetHints":{"allow":["GET"]}}],"collection":[{"href":"https:\/\/www.claret.cat\/es\/wp-json\/wp\/v2\/product"}],"about":[{"href":"https:\/\/www.claret.cat\/es\/wp-json\/wp\/v2\/types\/product"}],"wp:featuredmedia":[{"embeddable":true,"href":"https:\/\/www.claret.cat\/es\/wp-json\/wp\/v2\/media\/172220"}],"wp:attachment":[{"href":"https:\/\/www.claret.cat\/es\/wp-json\/wp\/v2\/media?parent=172219"}],"wp:term":[{"taxonomy":"product_brand","embeddable":true,"href":"https:\/\/www.claret.cat\/es\/wp-json\/wp\/v2\/product_brand?post=172219"},{"taxonomy":"product_cat","embeddable":true,"href":"https:\/\/www.claret.cat\/es\/wp-json\/wp\/v2\/product_cat?post=172219"},{"taxonomy":"product_tag","embeddable":true,"href":"https:\/\/www.claret.cat\/es\/wp-json\/wp\/v2\/product_tag?post=172219"}],"curies":[{"name":"wp","href":"https:\/\/api.w.org\/{rel}","templated":true}]}}