{"id":172237,"date":"2022-10-20T00:44:14","date_gmt":"2022-10-19T22:44:14","guid":{"rendered":"http:\/\/dev.claret.cat\/producte\/la-desastrosa-aventura-de-una-cascara-de-platano\/"},"modified":"2023-10-06T07:43:35","modified_gmt":"2023-10-06T05:43:35","slug":"la-desastrosa-aventura-de-una-cascara-de-platano-9788418304415","status":"publish","type":"product","link":"https:\/\/www.claret.cat\/es\/libro\/la-desastrosa-aventura-de-una-cascara-de-platano-9788418304415\/","title":{"rendered":"LA DESASTROSA AVENTURA DE UNA C\u00c1SCARA DE PL\u00c1TANO"},"content":{"rendered":"<p>\u00bfHas pisado alguna vez una c\u00e1scara de pl\u00e1tano? \u00bfHas visto a alguien caer por su culpa? Esta historia va de eso, de una c\u00e1scara de pl\u00e1tano que termina donde no deb\u00eda, en el suelo, provocando el caos en la ciudad&#8230; \u00bfTe atreves a leerla&#8230; sin re\u00edrte?<\/p>\n","protected":false},"excerpt":{"rendered":"<p>ACOSTA, ALICIA<\/p>\n","protected":false},"featured_media":453809,"template":"","meta":{"_acf_changed":false,"om_disable_all_campaigns":false,"rs_blank_template":"","rs_page_bg_color":"","slide_template_v7":"","inline_featured_image":false,"_monsterinsights_skip_tracking":false,"_monsterinsights_sitenote_active":false,"_monsterinsights_sitenote_note":"","_monsterinsights_sitenote_category":0},"product_brand":[],"product_cat":[362],"product_tag":[],"class_list":{"0":"post-172237","1":"product","2":"type-product","3":"status-publish","4":"has-post-thumbnail","6":"product_cat-libros-preadolescentes-6-12-anos","8":"first","9":"instock","10":"taxable","11":"shipping-taxable","12":"purchasable","13":"product-type-simple"},"acf":{"autor":"ACOSTA, ALICIA","codart":"841830441","libros-coleccion":"INFANTIL","ediciones":"1","encuadernacion":"Carton\u00e9","fecha_de_publicacion":"01\/10\/2022","novedad":"1","paginas":"0","subtitulo":"","orden":"0","portada":"0","idioma":"spa","editorial":[{"ID":147977,"post_author":"3","post_date":"2022-10-14 11:54:41","post_date_gmt":"2022-10-14 09:54:41","post_content":"","post_title":"EDITORIAL FLAMBOYANT","post_excerpt":"","post_status":"publish","comment_status":"closed","ping_status":"closed","post_password":"","post_name":"editorial-flamboyant","to_ping":"","pinged":"","post_modified":"2022-10-14 11:54:41","post_modified_gmt":"2022-10-14 09:54:41","post_content_filtered":"","post_parent":0,"guid":"http:\/\/dev.claret.cat\/editorial\/editorial-flamboyant\/","menu_order":0,"post_type":"editorial","post_mime_type":"","comment_count":"0","filter":"raw"}],"autores-libros":[{"ID":149837,"post_author":"3","post_date":"2022-10-14 14:28:05","post_date_gmt":"2022-10-14 12:28:05","post_content":"","post_title":"ALICIA ACOSTA","post_excerpt":"","post_status":"publish","comment_status":"closed","ping_status":"closed","post_password":"","post_name":"alicia-acosta","to_ping":"","pinged":"","post_modified":"2022-10-14 14:28:05","post_modified_gmt":"2022-10-14 12:28:05","post_content_filtered":"","post_parent":0,"guid":"http:\/\/dev.claret.cat\/autor\/alicia-acosta\/","menu_order":0,"post_type":"autor","post_mime_type":"","comment_count":"0","filter":"raw"}]},"aioseo_notices":[],"_links":{"self":[{"href":"https:\/\/www.claret.cat\/es\/wp-json\/wp\/v2\/product\/172237","targetHints":{"allow":["GET"]}}],"collection":[{"href":"https:\/\/www.claret.cat\/es\/wp-json\/wp\/v2\/product"}],"about":[{"href":"https:\/\/www.claret.cat\/es\/wp-json\/wp\/v2\/types\/product"}],"wp:featuredmedia":[{"embeddable":true,"href":"https:\/\/www.claret.cat\/es\/wp-json\/wp\/v2\/media\/453809"}],"wp:attachment":[{"href":"https:\/\/www.claret.cat\/es\/wp-json\/wp\/v2\/media?parent=172237"}],"wp:term":[{"taxonomy":"product_brand","embeddable":true,"href":"https:\/\/www.claret.cat\/es\/wp-json\/wp\/v2\/product_brand?post=172237"},{"taxonomy":"product_cat","embeddable":true,"href":"https:\/\/www.claret.cat\/es\/wp-json\/wp\/v2\/product_cat?post=172237"},{"taxonomy":"product_tag","embeddable":true,"href":"https:\/\/www.claret.cat\/es\/wp-json\/wp\/v2\/product_tag?post=172237"}],"curies":[{"name":"wp","href":"https:\/\/api.w.org\/{rel}","templated":true}]}}