{"id":172240,"date":"2022-10-20T00:44:17","date_gmt":"2022-10-19T22:44:17","guid":{"rendered":"http:\/\/dev.claret.cat\/producte\/leo-con-el-principito\/"},"modified":"2023-10-06T07:51:30","modified_gmt":"2023-10-06T05:51:30","slug":"leo-con-el-principito-9788419472083","status":"publish","type":"product","link":"https:\/\/www.claret.cat\/es\/libro\/leo-con-el-principito-9788419472083\/","title":{"rendered":"LEO CON EL PRINCIPITO"},"content":{"rendered":"<p>El Principito viv\u00eda en un planeta muy peque\u00f1o, se ocupaba de sus plantas y le gustaba ver los atardeceres. Pero se sent\u00eda solo, as\u00ed que un d\u00eda decidi\u00f3 viajar por otros planetas. Lleg\u00f3 a la Tierra, se hizo amigo de un zorro y conoci\u00f3 a un aviador.Empieza a leer con la historia del Principito.Letra may\u00fascula. Letra ligada<\/p>\n","protected":false},"excerpt":{"rendered":"<p>DE SAINT-EXUP\u00c9RY, ANTOINE<\/p>\n","protected":false},"featured_media":392505,"template":"","meta":{"_acf_changed":false,"om_disable_all_campaigns":false,"rs_blank_template":"","rs_page_bg_color":"","slide_template_v7":"","inline_featured_image":false,"_monsterinsights_skip_tracking":false,"_monsterinsights_sitenote_active":false,"_monsterinsights_sitenote_note":"","_monsterinsights_sitenote_category":0},"product_brand":[],"product_cat":[361],"product_tag":[],"class_list":{"0":"post-172240","1":"product","2":"type-product","3":"status-publish","4":"has-post-thumbnail","6":"product_cat-cuentos-para-ninos-0-6-anos","8":"first","9":"instock","10":"taxable","11":"shipping-taxable","12":"purchasable","13":"product-type-simple"},"acf":{"autor":"DE SAINT-EXUP\u00c9RY, ANTOINE","codart":"841947208","libros-coleccion":"INFANTIL","ediciones":"1","encuadernacion":"Carton\u00e9","fecha_de_publicacion":"01\/10\/2022","novedad":"1","paginas":"45","subtitulo":"","orden":"0","portada":"0","idioma":"spa","editorial":[{"ID":148356,"post_author":"3","post_date":"2022-10-14 11:57:36","post_date_gmt":"2022-10-14 09:57:36","post_content":"","post_title":"La Esfera Azul","post_excerpt":"","post_status":"publish","comment_status":"closed","ping_status":"closed","post_password":"","post_name":"la-esfera-azul","to_ping":"","pinged":"","post_modified":"2022-10-14 11:57:36","post_modified_gmt":"2022-10-14 09:57:36","post_content_filtered":"","post_parent":0,"guid":"http:\/\/dev.claret.cat\/editorial\/la-esfera-azul\/","menu_order":0,"post_type":"editorial","post_mime_type":"","comment_count":"0","filter":"raw"}],"autores-libros":[{"ID":150786,"post_author":"3","post_date":"2022-10-14 14:35:44","post_date_gmt":"2022-10-14 12:35:44","post_content":"","post_title":"ANTOINE DE SAINT-EXUPERY","post_excerpt":"","post_status":"publish","comment_status":"closed","ping_status":"closed","post_password":"","post_name":"antoine-de-saint-exupery-3","to_ping":"","pinged":"","post_modified":"2022-10-14 14:35:44","post_modified_gmt":"2022-10-14 12:35:44","post_content_filtered":"","post_parent":0,"guid":"http:\/\/dev.claret.cat\/autor\/antoine-de-saint-exupery-3\/","menu_order":0,"post_type":"autor","post_mime_type":"","comment_count":"0","filter":"raw"}]},"aioseo_notices":[],"_links":{"self":[{"href":"https:\/\/www.claret.cat\/es\/wp-json\/wp\/v2\/product\/172240","targetHints":{"allow":["GET"]}}],"collection":[{"href":"https:\/\/www.claret.cat\/es\/wp-json\/wp\/v2\/product"}],"about":[{"href":"https:\/\/www.claret.cat\/es\/wp-json\/wp\/v2\/types\/product"}],"wp:featuredmedia":[{"embeddable":true,"href":"https:\/\/www.claret.cat\/es\/wp-json\/wp\/v2\/media\/392505"}],"wp:attachment":[{"href":"https:\/\/www.claret.cat\/es\/wp-json\/wp\/v2\/media?parent=172240"}],"wp:term":[{"taxonomy":"product_brand","embeddable":true,"href":"https:\/\/www.claret.cat\/es\/wp-json\/wp\/v2\/product_brand?post=172240"},{"taxonomy":"product_cat","embeddable":true,"href":"https:\/\/www.claret.cat\/es\/wp-json\/wp\/v2\/product_cat?post=172240"},{"taxonomy":"product_tag","embeddable":true,"href":"https:\/\/www.claret.cat\/es\/wp-json\/wp\/v2\/product_tag?post=172240"}],"curies":[{"name":"wp","href":"https:\/\/api.w.org\/{rel}","templated":true}]}}