{"id":172303,"date":"2022-10-20T00:45:25","date_gmt":"2022-10-19T22:45:25","guid":{"rendered":"http:\/\/dev.claret.cat\/producte\/perspectives-espirituals-i-fets-humans\/"},"modified":"2023-10-06T08:11:15","modified_gmt":"2023-10-06T06:11:15","slug":"perspectives-espirituals-i-fets-humans-9788497164757","status":"publish","type":"product","link":"https:\/\/www.claret.cat\/es\/libro\/perspectives-espirituals-i-fets-humans-9788497164757\/","title":{"rendered":"PERSPECTIVES ESPIRITUALS I FETS HUMANS"},"content":{"rendered":"<p>Aquesta obra presenta una s\u00e8rie de meditacions sobre la tradici\u00f3 i la civilitzaci\u00f3 moderna, l?art, la vida espiritual, la metaf\u00edsica i les virtuts. D?especial import\u00e0ncia \u00e9s l?extensa exposici\u00f3 que fa Schuom de les virtuts espirituals, aix\u00ed com tamb\u00e9 la m<\/p>\n","protected":false},"excerpt":{"rendered":"<p>SCHUON, FRITHJOF \/ SCHUON, FRITHJOF<\/p>\n","protected":false},"featured_media":172304,"template":"","meta":{"_acf_changed":false,"om_disable_all_campaigns":false,"rs_blank_template":"","rs_page_bg_color":"","slide_template_v7":"","inline_featured_image":false,"_monsterinsights_skip_tracking":false,"_monsterinsights_sitenote_active":false,"_monsterinsights_sitenote_note":"","_monsterinsights_sitenote_category":0},"product_brand":[],"product_cat":[172],"product_tag":[],"class_list":{"0":"post-172303","1":"product","2":"type-product","3":"status-publish","4":"has-post-thumbnail","6":"product_cat-estetica","8":"first","9":"instock","10":"taxable","11":"shipping-taxable","12":"purchasable","13":"product-type-simple"},"acf":{"autor":"SCHUON, FRITHJOF \/ SCHUON, FRITHJOF","codart":"849716475","libros-coleccion":"FORA DE COL.LECCI\u00d3","ediciones":"1","encuadernacion":"R\u00fastica","fecha_de_publicacion":"01\/09\/2022","novedad":"1","paginas":"259","subtitulo":"","orden":"0","portada":"0","idioma":"cat","editorial":[{"ID":6273,"post_author":"3","post_date":"2022-07-28 17:48:39","post_date_gmt":"2022-07-28 15:48:39","post_content":"","post_title":"Jos\u00e9 J. Ola\u00f1eta Editor","post_excerpt":"","post_status":"publish","comment_status":"closed","ping_status":"closed","post_password":"","post_name":"jose-j-olaneta-editor","to_ping":"","pinged":"","post_modified":"2022-07-28 17:48:39","post_modified_gmt":"2022-07-28 15:48:39","post_content_filtered":"","post_parent":0,"guid":"http:\/\/dev.claret.cat\/editorial\/jose-j-olaneta-editor\/","menu_order":0,"post_type":"editorial","post_mime_type":"","comment_count":"0","filter":"raw"}],"autores-libros":[{"ID":156450,"post_author":"3","post_date":"2022-10-14 15:20:54","post_date_gmt":"2022-10-14 13:20:54","post_content":"","post_title":"FRITHJOF SCHUON","post_excerpt":"","post_status":"publish","comment_status":"closed","ping_status":"closed","post_password":"","post_name":"frithjof-schuon","to_ping":"","pinged":"","post_modified":"2022-10-14 15:20:54","post_modified_gmt":"2022-10-14 13:20:54","post_content_filtered":"","post_parent":0,"guid":"http:\/\/dev.claret.cat\/autor\/frithjof-schuon\/","menu_order":0,"post_type":"autor","post_mime_type":"","comment_count":"0","filter":"raw"}]},"aioseo_notices":[],"_links":{"self":[{"href":"https:\/\/www.claret.cat\/es\/wp-json\/wp\/v2\/product\/172303","targetHints":{"allow":["GET"]}}],"collection":[{"href":"https:\/\/www.claret.cat\/es\/wp-json\/wp\/v2\/product"}],"about":[{"href":"https:\/\/www.claret.cat\/es\/wp-json\/wp\/v2\/types\/product"}],"wp:featuredmedia":[{"embeddable":true,"href":"https:\/\/www.claret.cat\/es\/wp-json\/wp\/v2\/media\/172304"}],"wp:attachment":[{"href":"https:\/\/www.claret.cat\/es\/wp-json\/wp\/v2\/media?parent=172303"}],"wp:term":[{"taxonomy":"product_brand","embeddable":true,"href":"https:\/\/www.claret.cat\/es\/wp-json\/wp\/v2\/product_brand?post=172303"},{"taxonomy":"product_cat","embeddable":true,"href":"https:\/\/www.claret.cat\/es\/wp-json\/wp\/v2\/product_cat?post=172303"},{"taxonomy":"product_tag","embeddable":true,"href":"https:\/\/www.claret.cat\/es\/wp-json\/wp\/v2\/product_tag?post=172303"}],"curies":[{"name":"wp","href":"https:\/\/api.w.org\/{rel}","templated":true}]}}