{"id":172435,"date":"2022-10-20T00:47:52","date_gmt":"2022-10-19T22:47:52","guid":{"rendered":"http:\/\/dev.claret.cat\/producte\/un-regalo-monstruoso\/"},"modified":"2026-03-06T13:46:13","modified_gmt":"2026-03-06T12:46:13","slug":"un-regalo-monstruoso-9788418304910","status":"publish","type":"product","link":"https:\/\/www.claret.cat\/es\/libro\/un-regalo-monstruoso-9788418304910\/","title":{"rendered":"UN REGALO MONSTRUOSO"},"content":{"rendered":"<p>Hoy es la Noche Mundial del Terror, que re\u00fane en un lugar rec\u00f3ndito y secreto a los nueve personajes m\u00e1s malvados que existen. Para la ocasi\u00f3n, el famoso chef Lotten Gocrudo ha preparado su mejor catering. Es medianoche: \u00a1hora de abrir los regalos! Acompa\u00f1a a la bruja, al trol y a los dem\u00e1s monstruos a abrir sus paquetes levantando las tapas: horno para ni\u00f1os, catapulta demolici\u00f3n&#8230; Juguetes al gusto de cada invitado. Pero hay un \u00faltimo paquete. \u00bfY si fuera una trampa?<\/p>\n","protected":false},"excerpt":{"rendered":"<p>MART\u00cd, MERITXELL \/ SALOM\u00d3, XAVIER<\/p>\n","protected":false},"featured_media":295243,"template":"","meta":{"_acf_changed":false,"om_disable_all_campaigns":false,"rs_blank_template":"","rs_page_bg_color":"","slide_template_v7":"","inline_featured_image":false,"_monsterinsights_skip_tracking":false,"_monsterinsights_sitenote_active":false,"_monsterinsights_sitenote_note":"","_monsterinsights_sitenote_category":0},"product_brand":[],"product_cat":[132,362],"product_tag":[],"class_list":{"0":"post-172435","1":"product","2":"type-product","3":"status-publish","4":"has-post-thumbnail","6":"product_cat-lectures-per-preadolescents-6-12-anys","7":"product_cat-libros-preadolescentes-6-12-anos","9":"first","10":"instock","11":"taxable","12":"shipping-taxable","13":"purchasable","14":"product-type-simple"},"acf":{"autor":"MART\u00cd, MERITXELL \/ SALOM\u00d3, XAVIER","codart":"841830491","libros-coleccion":"INFANTIL","ediciones":"1","encuadernacion":"Carton\u00e9","fecha_de_publicacion":"01\/09\/2022","novedad":"1","paginas":"36","subtitulo":"","orden":"0","portada":"0","idioma":"spa","editorial":[{"ID":147977,"post_author":"3","post_date":"2022-10-14 11:54:41","post_date_gmt":"2022-10-14 09:54:41","post_content":"","post_title":"EDITORIAL FLAMBOYANT","post_excerpt":"","post_status":"publish","comment_status":"closed","ping_status":"closed","post_password":"","post_name":"editorial-flamboyant","to_ping":"","pinged":"","post_modified":"2022-10-14 11:54:41","post_modified_gmt":"2022-10-14 09:54:41","post_content_filtered":"","post_parent":0,"guid":"http:\/\/dev.claret.cat\/editorial\/editorial-flamboyant\/","menu_order":0,"post_type":"editorial","post_mime_type":"","comment_count":"0","filter":"raw"}],"autores-libros":[{"ID":164754,"post_author":"3","post_date":"2022-10-14 17:49:37","post_date_gmt":"2022-10-14 15:49:37","post_content":"","post_title":"MERITXELL MART\u00cd","post_excerpt":"","post_status":"publish","comment_status":"closed","ping_status":"closed","post_password":"","post_name":"meritxell-marti","to_ping":"","pinged":"","post_modified":"2022-10-14 17:49:37","post_modified_gmt":"2022-10-14 15:49:37","post_content_filtered":"","post_parent":0,"guid":"http:\/\/dev.claret.cat\/autor\/meritxell-marti\/","menu_order":0,"post_type":"autor","post_mime_type":"","comment_count":"0","filter":"raw"},{"ID":263969,"post_author":"3","post_date":"2022-12-01 11:22:35","post_date_gmt":"2022-12-01 10:22:35","post_content":"","post_title":"XAVIER SALOM\u00d3","post_excerpt":"","post_status":"publish","comment_status":"closed","ping_status":"closed","post_password":"","post_name":"xavier-salomo","to_ping":"","pinged":"","post_modified":"2022-12-01 11:22:35","post_modified_gmt":"2022-12-01 10:22:35","post_content_filtered":"","post_parent":0,"guid":"http:\/\/dev.claret.cat\/autor\/xavier-salomo\/","menu_order":0,"post_type":"autor","post_mime_type":"","comment_count":"0","filter":"raw"}],"booktrailer":"","resenas":""},"aioseo_notices":[],"_links":{"self":[{"href":"https:\/\/www.claret.cat\/es\/wp-json\/wp\/v2\/product\/172435","targetHints":{"allow":["GET"]}}],"collection":[{"href":"https:\/\/www.claret.cat\/es\/wp-json\/wp\/v2\/product"}],"about":[{"href":"https:\/\/www.claret.cat\/es\/wp-json\/wp\/v2\/types\/product"}],"wp:featuredmedia":[{"embeddable":true,"href":"https:\/\/www.claret.cat\/es\/wp-json\/wp\/v2\/media\/295243"}],"wp:attachment":[{"href":"https:\/\/www.claret.cat\/es\/wp-json\/wp\/v2\/media?parent=172435"}],"wp:term":[{"taxonomy":"product_brand","embeddable":true,"href":"https:\/\/www.claret.cat\/es\/wp-json\/wp\/v2\/product_brand?post=172435"},{"taxonomy":"product_cat","embeddable":true,"href":"https:\/\/www.claret.cat\/es\/wp-json\/wp\/v2\/product_cat?post=172435"},{"taxonomy":"product_tag","embeddable":true,"href":"https:\/\/www.claret.cat\/es\/wp-json\/wp\/v2\/product_tag?post=172435"}],"curies":[{"name":"wp","href":"https:\/\/api.w.org\/{rel}","templated":true}]}}