{"id":172483,"date":"2022-10-20T00:48:47","date_gmt":"2022-10-19T22:48:47","guid":{"rendered":"http:\/\/dev.claret.cat\/producte\/un-dia-sin-pantallas\/"},"modified":"2023-10-06T08:32:36","modified_gmt":"2023-10-06T06:32:36","slug":"un-dia-sin-pantallas-9788411019064","status":"publish","type":"product","link":"https:\/\/www.claret.cat\/es\/libro\/un-dia-sin-pantallas-9788411019064\/","title":{"rendered":"\u00a1UN D\u00cdA SIN PANTALLAS!"},"content":{"rendered":"<p>Un libro para leer en familia que no dejar\u00e1 indiferente a nadie  Este libro cuenta la historia de Violeta, una ni\u00f1a que se ha cansado que sus padres presten m\u00e1s atenci\u00f3n al m\u00f3vil y a los dispositivos electr\u00f3nicos que a sus propios hijos y quehaceres familiares   Un d\u00eda decide que declara oficialmente &quot;un d\u00eda sin pantallas&quot;   Descubre en este libro como ese d\u00eda se convierte en extraordinario<\/p>\n","protected":false},"excerpt":{"rendered":"<p>EMMANUELLE LEPETIT<\/p>\n","protected":false},"featured_media":172484,"template":"","meta":{"_acf_changed":false,"om_disable_all_campaigns":false,"rs_blank_template":"","rs_page_bg_color":"","slide_template_v7":"","inline_featured_image":false,"_monsterinsights_skip_tracking":false,"_monsterinsights_sitenote_active":false,"_monsterinsights_sitenote_note":"","_monsterinsights_sitenote_category":0},"product_brand":[],"product_cat":[361],"product_tag":[],"class_list":{"0":"post-172483","1":"product","2":"type-product","3":"status-publish","4":"has-post-thumbnail","6":"product_cat-cuentos-para-ninos-0-6-anos","8":"first","9":"instock","10":"taxable","11":"shipping-taxable","12":"purchasable","13":"product-type-simple"},"acf":{"autor":"EMMANUELLE LEPETIT","codart":"841101906","libros-coleccion":"FORA DE COL.LECCI\u00d3","ediciones":"1","encuadernacion":"Carton\u00e9","fecha_de_publicacion":"01\/08\/2022","novedad":"1","paginas":"45","subtitulo":"","orden":"0","portada":"0","idioma":"spa","editorial":[{"ID":148636,"post_author":"3","post_date":"2022-10-14 11:59:48","post_date_gmt":"2022-10-14 09:59:48","post_content":"","post_title":"PANINI ESPA\u00d1A","post_excerpt":"","post_status":"publish","comment_status":"closed","ping_status":"closed","post_password":"","post_name":"panini-espana","to_ping":"","pinged":"","post_modified":"2022-10-14 11:59:48","post_modified_gmt":"2022-10-14 09:59:48","post_content_filtered":"","post_parent":0,"guid":"http:\/\/dev.claret.cat\/editorial\/panini-espana\/","menu_order":0,"post_type":"editorial","post_mime_type":"","comment_count":"0","filter":"raw"}],"autores-libros":[{"ID":263448,"post_author":"3","post_date":"2022-12-01 11:17:29","post_date_gmt":"2022-12-01 10:17:29","post_content":"","post_title":"EMMANUELLE LEPETIT","post_excerpt":"","post_status":"publish","comment_status":"closed","ping_status":"closed","post_password":"","post_name":"emmanuelle-lepetit","to_ping":"","pinged":"","post_modified":"2022-12-01 11:17:29","post_modified_gmt":"2022-12-01 10:17:29","post_content_filtered":"","post_parent":0,"guid":"http:\/\/dev.claret.cat\/autor\/emmanuelle-lepetit\/","menu_order":0,"post_type":"autor","post_mime_type":"","comment_count":"0","filter":"raw"}]},"aioseo_notices":[],"_links":{"self":[{"href":"https:\/\/www.claret.cat\/es\/wp-json\/wp\/v2\/product\/172483","targetHints":{"allow":["GET"]}}],"collection":[{"href":"https:\/\/www.claret.cat\/es\/wp-json\/wp\/v2\/product"}],"about":[{"href":"https:\/\/www.claret.cat\/es\/wp-json\/wp\/v2\/types\/product"}],"wp:featuredmedia":[{"embeddable":true,"href":"https:\/\/www.claret.cat\/es\/wp-json\/wp\/v2\/media\/172484"}],"wp:attachment":[{"href":"https:\/\/www.claret.cat\/es\/wp-json\/wp\/v2\/media?parent=172483"}],"wp:term":[{"taxonomy":"product_brand","embeddable":true,"href":"https:\/\/www.claret.cat\/es\/wp-json\/wp\/v2\/product_brand?post=172483"},{"taxonomy":"product_cat","embeddable":true,"href":"https:\/\/www.claret.cat\/es\/wp-json\/wp\/v2\/product_cat?post=172483"},{"taxonomy":"product_tag","embeddable":true,"href":"https:\/\/www.claret.cat\/es\/wp-json\/wp\/v2\/product_tag?post=172483"}],"curies":[{"name":"wp","href":"https:\/\/api.w.org\/{rel}","templated":true}]}}