{"id":172519,"date":"2022-10-20T00:49:27","date_gmt":"2022-10-19T22:49:27","guid":{"rendered":"http:\/\/dev.claret.cat\/producte\/aguilas-en-germania\/"},"modified":"2023-10-06T08:39:37","modified_gmt":"2023-10-06T06:39:37","slug":"aguilas-en-germania-9788417859497","status":"publish","type":"product","link":"https:\/\/www.claret.cat\/es\/libro\/aguilas-en-germania-9788417859497\/","title":{"rendered":"\u00c1GUILAS EN GERMANIA"},"content":{"rendered":"<p>\u00c1guilas en Germania. Las campa\u00f1as de Varo y Germ\u00e1nico en el Rhin. En el a\u00f1o 9 d.C. el Imperio romano sufri\u00f3 una de sus m\u00e1s espectaculares derrotas: en los bosques de Teotoburgo tres legiones eran aniquiladas por una gran coalici\u00f3n de tribus germanas lideradas por Arminio, antiguo oficial de las cohortes auxiliares romanas. No era aquella la derrota m\u00e1s sangrienta de las \u00e1guilas romanas, pero s\u00ed que fue crucial porque oblig\u00f3 a Roma a reconsiderar su estrategia expansiva: algo que hasta aquel entonces ninguna potencia hab\u00eda conseguido. La masacre del general Varo y sus hombres era el cl\u00edmax de un proceso de conquista que se hab\u00eda iniciado dos d\u00e9cadas atr\u00e1s y que hab\u00eda contado con la presencia de los generales Druso y Tiberio, de la familia imperial. La ignota Germania Magna parec\u00eda una tierra llena de promesas, con riquezas a\u00fan por explotar y el lugar donde saciar el inextinguible deseo de llevar la romanizaci\u00f3n hasta el m\u00e1s apartado de los confines del mundo. En vano, las campa\u00f1as lanzadas por Germ\u00e1nico entre los a\u00f1os 14-16 d.C. intentaron revertir el curso de los acontecimientos: miles de hombres combatiero<\/p>\n","protected":false},"excerpt":{"rendered":"<p>ESTEBAN RIBAS, ALBERTO RA\u00daL<\/p>\n","protected":false},"featured_media":172520,"template":"","meta":{"_acf_changed":false,"om_disable_all_campaigns":false,"rs_blank_template":"","rs_page_bg_color":"","slide_template_v7":"","inline_featured_image":false,"_monsterinsights_skip_tracking":false,"_monsterinsights_sitenote_active":false,"_monsterinsights_sitenote_note":"","_monsterinsights_sitenote_category":0},"product_brand":[],"product_cat":[427],"product_tag":[],"class_list":{"0":"post-172519","1":"product","2":"type-product","3":"status-publish","4":"has-post-thumbnail","6":"product_cat-medieval-historia-2_humanidades","8":"first","9":"instock","10":"taxable","11":"shipping-taxable","12":"purchasable","13":"product-type-simple"},"acf":{"autor":"ESTEBAN RIBAS, ALBERTO RA\u00daL","codart":"841785949","libros-coleccion":"HRM","ediciones":"1","encuadernacion":"R\u00fastica","fecha_de_publicacion":"01\/07\/2022","novedad":"1","paginas":"202","subtitulo":"LAS CAMPA\u00d1AS DE VARO Y GERM\u00c1NICO EN EL RHIN","orden":"0","portada":"0","idioma":"spa","editorial":[{"ID":148271,"post_author":"3","post_date":"2022-10-14 11:56:57","post_date_gmt":"2022-10-14 09:56:57","post_content":"","post_title":"HRM EDICIONES","post_excerpt":"","post_status":"publish","comment_status":"closed","ping_status":"closed","post_password":"","post_name":"hrm-ediciones","to_ping":"","pinged":"","post_modified":"2022-10-14 11:56:57","post_modified_gmt":"2022-10-14 09:56:57","post_content_filtered":"","post_parent":0,"guid":"http:\/\/dev.claret.cat\/editorial\/hrm-ediciones\/","menu_order":0,"post_type":"editorial","post_mime_type":"","comment_count":"0","filter":"raw"}],"autores-libros":[{"ID":262967,"post_author":"3","post_date":"2022-12-01 11:10:14","post_date_gmt":"2022-12-01 10:10:14","post_content":"","post_title":"ALBERTO RA\u00daL ESTEBAN RIBAS","post_excerpt":"","post_status":"publish","comment_status":"closed","ping_status":"closed","post_password":"","post_name":"alberto-raul-esteban-ribas","to_ping":"","pinged":"","post_modified":"2022-12-01 11:10:14","post_modified_gmt":"2022-12-01 10:10:14","post_content_filtered":"","post_parent":0,"guid":"http:\/\/dev.claret.cat\/autor\/alberto-raul-esteban-ribas\/","menu_order":0,"post_type":"autor","post_mime_type":"","comment_count":"0","filter":"raw"}]},"aioseo_notices":[],"_links":{"self":[{"href":"https:\/\/www.claret.cat\/es\/wp-json\/wp\/v2\/product\/172519","targetHints":{"allow":["GET"]}}],"collection":[{"href":"https:\/\/www.claret.cat\/es\/wp-json\/wp\/v2\/product"}],"about":[{"href":"https:\/\/www.claret.cat\/es\/wp-json\/wp\/v2\/types\/product"}],"wp:featuredmedia":[{"embeddable":true,"href":"https:\/\/www.claret.cat\/es\/wp-json\/wp\/v2\/media\/172520"}],"wp:attachment":[{"href":"https:\/\/www.claret.cat\/es\/wp-json\/wp\/v2\/media?parent=172519"}],"wp:term":[{"taxonomy":"product_brand","embeddable":true,"href":"https:\/\/www.claret.cat\/es\/wp-json\/wp\/v2\/product_brand?post=172519"},{"taxonomy":"product_cat","embeddable":true,"href":"https:\/\/www.claret.cat\/es\/wp-json\/wp\/v2\/product_cat?post=172519"},{"taxonomy":"product_tag","embeddable":true,"href":"https:\/\/www.claret.cat\/es\/wp-json\/wp\/v2\/product_tag?post=172519"}],"curies":[{"name":"wp","href":"https:\/\/api.w.org\/{rel}","templated":true}]}}