{"id":172561,"date":"2022-10-20T00:50:12","date_gmt":"2022-10-19T22:50:12","guid":{"rendered":"http:\/\/dev.claret.cat\/producte\/les-bruixes-de-brooklyn-pero-que-passa\/"},"modified":"2024-05-03T10:43:35","modified_gmt":"2024-05-03T08:43:35","slug":"les-bruixes-de-brooklyn-pero-que-passa-9788468353739","status":"publish","type":"product","link":"https:\/\/www.claret.cat\/es\/libro\/les-bruixes-de-brooklyn-pero-que-passa-9788468353739\/","title":{"rendered":"LES BRUIXES DE BROOKLYN: PERO QU\u00c8 PASSA?"},"content":{"rendered":"<p>Podria haver-hi  encara M\u00c9S bruixes  a BROOKLYN?!    A l?Effie li fa molta IL?LUSI\u00d3 con\u00e8ixer tantes bruixes,  per\u00f2 qu\u00e8 passa amb els seus amics?  La nena nova els cau MILLOR que ELLA?!  Per acabar-ho d?adobar, aprendre m\u00e0gia \u00e9s DUR\u00cdSSIM!  L?Effie nom\u00e9s vol passar-s?ho b\u00e9 sent bruixa,  per\u00f2 la seva vida a Brooklyn est\u00e0 a punt de fer-se  (encara m\u00e9s) ESTRANYA.<\/p>\n","protected":false},"excerpt":{"rendered":"<p>ESCABASSE, SOPHIE<\/p>\n","protected":false},"featured_media":454001,"template":"","meta":{"_acf_changed":false,"om_disable_all_campaigns":false,"rs_blank_template":"","rs_page_bg_color":"","slide_template_v7":"","inline_featured_image":false,"_monsterinsights_skip_tracking":false,"_monsterinsights_sitenote_active":false,"_monsterinsights_sitenote_note":"","_monsterinsights_sitenote_category":0},"product_brand":[],"product_cat":[133,132,362,363],"product_tag":[],"class_list":{"0":"post-172561","1":"product","2":"type-product","3":"status-publish","4":"has-post-thumbnail","6":"product_cat-lectures-per-adolescents-12-18-anys","7":"product_cat-lectures-per-preadolescents-6-12-anys","8":"product_cat-libros-preadolescentes-6-12-anos","9":"product_cat-lecturas-por-adolescentes-12-18-anos","11":"first","12":"instock","13":"taxable","14":"shipping-taxable","15":"purchasable","16":"product-type-simple"},"acf":{"autor":"ESCABASSE, SOPHIE","codart":"846835373","libros-coleccion":"","ediciones":"1","encuadernacion":"R\u00fastica","fecha_de_publicacion":"01\/06\/2022","novedad":"1","paginas":"220","subtitulo":"","orden":"0","portada":"0","idioma":"cat","editorial":[{"ID":6193,"post_author":"3","post_date":"2022-07-28 17:46:53","post_date_gmt":"2022-07-28 15:46:53","post_content":"","post_title":"EDEBE GUADIEL","post_excerpt":"","post_status":"publish","comment_status":"closed","ping_status":"closed","post_password":"","post_name":"edebe-guadiel","to_ping":"","pinged":"","post_modified":"2022-07-28 17:46:53","post_modified_gmt":"2022-07-28 15:46:53","post_content_filtered":"","post_parent":0,"guid":"http:\/\/dev.claret.cat\/editorial\/edebe-guadiel\/","menu_order":0,"post_type":"editorial","post_mime_type":"","comment_count":"0","filter":"raw"}],"autores-libros":[{"ID":169693,"post_author":"3","post_date":"2022-10-14 22:29:16","post_date_gmt":"2022-10-14 20:29:16","post_content":"","post_title":"SOPHIE ESCABASSE","post_excerpt":"","post_status":"publish","comment_status":"closed","ping_status":"closed","post_password":"","post_name":"sophie-escabasse","to_ping":"","pinged":"","post_modified":"2022-10-14 22:29:16","post_modified_gmt":"2022-10-14 20:29:16","post_content_filtered":"","post_parent":0,"guid":"http:\/\/dev.claret.cat\/autor\/sophie-escabasse\/","menu_order":0,"post_type":"autor","post_mime_type":"","comment_count":"0","filter":"raw"}]},"aioseo_notices":[],"_links":{"self":[{"href":"https:\/\/www.claret.cat\/es\/wp-json\/wp\/v2\/product\/172561","targetHints":{"allow":["GET"]}}],"collection":[{"href":"https:\/\/www.claret.cat\/es\/wp-json\/wp\/v2\/product"}],"about":[{"href":"https:\/\/www.claret.cat\/es\/wp-json\/wp\/v2\/types\/product"}],"wp:featuredmedia":[{"embeddable":true,"href":"https:\/\/www.claret.cat\/es\/wp-json\/wp\/v2\/media\/454001"}],"wp:attachment":[{"href":"https:\/\/www.claret.cat\/es\/wp-json\/wp\/v2\/media?parent=172561"}],"wp:term":[{"taxonomy":"product_brand","embeddable":true,"href":"https:\/\/www.claret.cat\/es\/wp-json\/wp\/v2\/product_brand?post=172561"},{"taxonomy":"product_cat","embeddable":true,"href":"https:\/\/www.claret.cat\/es\/wp-json\/wp\/v2\/product_cat?post=172561"},{"taxonomy":"product_tag","embeddable":true,"href":"https:\/\/www.claret.cat\/es\/wp-json\/wp\/v2\/product_tag?post=172561"}],"curies":[{"name":"wp","href":"https:\/\/api.w.org\/{rel}","templated":true}]}}