{"id":172594,"date":"2022-10-20T00:50:50","date_gmt":"2022-10-19T22:50:50","guid":{"rendered":"http:\/\/dev.claret.cat\/producte\/travesia-por-los-jardines-de-luxemburgo\/"},"modified":"2023-10-06T09:31:41","modified_gmt":"2023-10-06T07:31:41","slug":"travesia-por-los-jardines-de-luxemburgo-9788418914591","status":"publish","type":"product","link":"https:\/\/www.claret.cat\/es\/libro\/travesia-por-los-jardines-de-luxemburgo-9788418914591\/","title":{"rendered":"TRAVES\u00cdA POR LOS JARDINES DE LUXEMBURGO"},"content":{"rendered":"<p>\u00abCuando era ni\u00f1o sol\u00eda ir a menudo a Luxemburgo. Podr\u00eda recapitular mi existencia hablando nada m\u00e1s que de este jard\u00edn y de las im\u00e1genes que despierta en m\u00ed. Inviernos de guerra\u2026 las ma\u00f1anas cuando se me hac\u00eda tarde y corr\u00eda hacia el liceo Montaigne\u2026 Instante fijo: el mismo y eterno anciano del traje gastado arroja pan a los pichones. Una joven elegante vigila de reojo a su hijo que se lava las manos en la tierra\u2026\u00bb.<\/p>\n<p> Marc Aug\u00e9 pone a prueba su experiencia de etn\u00f3logo y de habitante urbano para descifrar la trama que las costumbres van tejiendo un d\u00eda cualquiera en Par\u00eds. As\u00ed descubre c\u00f3mo los lugares organizan los recuerdos, c\u00f3mo se entrelazan las pr\u00e1cticas cotidianas en un universo simb\u00f3lico donde el etn\u00f3logo puede circular entre la actualidad pol\u00edtica y el deporte, entre los sue\u00f1os y los d\u00edas, entre Durkheim y S\u00e8vres-Babylone.<\/p>\n","protected":false},"excerpt":{"rendered":"<p>AUG\u00c9, MARC<\/p>\n","protected":false},"featured_media":310274,"template":"","meta":{"_acf_changed":false,"om_disable_all_campaigns":false,"rs_blank_template":"","rs_page_bg_color":"","slide_template_v7":"","inline_featured_image":false,"_monsterinsights_skip_tracking":false,"_monsterinsights_sitenote_active":false,"_monsterinsights_sitenote_note":"","_monsterinsights_sitenote_category":0},"product_brand":[],"product_cat":[90,540],"product_tag":[],"class_list":{"0":"post-172594","1":"product","2":"type-product","3":"status-publish","4":"has-post-thumbnail","6":"product_cat-altres","7":"product_cat-otros","9":"first","10":"instock","11":"taxable","12":"shipping-taxable","13":"purchasable","14":"product-type-simple"},"acf":{"autor":"AUG\u00c9, MARC","codart":"841891459","libros-coleccion":"FORA DE COL.LECCI\u00d3","ediciones":"1","encuadernacion":"R\u00fastica","fecha_de_publicacion":"01\/04\/2022","novedad":"1","paginas":"176","subtitulo":"","orden":"0","portada":"0","idioma":"spa","editorial":[{"ID":6261,"post_author":"3","post_date":"2022-07-28 17:48:24","post_date_gmt":"2022-07-28 15:48:24","post_content":"","post_title":"GEDISA","post_excerpt":"","post_status":"publish","comment_status":"closed","ping_status":"closed","post_password":"","post_name":"gedisa","to_ping":"","pinged":"","post_modified":"2022-07-28 17:48:24","post_modified_gmt":"2022-07-28 15:48:24","post_content_filtered":"","post_parent":0,"guid":"http:\/\/dev.claret.cat\/editorial\/gedisa\/","menu_order":0,"post_type":"editorial","post_mime_type":"","comment_count":"0","filter":"raw"}],"autores-libros":[{"ID":163287,"post_author":"3","post_date":"2022-10-14 17:37:49","post_date_gmt":"2022-10-14 15:37:49","post_content":"","post_title":"MARC AUG\u00c9","post_excerpt":"","post_status":"publish","comment_status":"closed","ping_status":"closed","post_password":"","post_name":"marc-auge","to_ping":"","pinged":"","post_modified":"2022-10-14 17:37:49","post_modified_gmt":"2022-10-14 15:37:49","post_content_filtered":"","post_parent":0,"guid":"http:\/\/dev.claret.cat\/autor\/marc-auge\/","menu_order":0,"post_type":"autor","post_mime_type":"","comment_count":"0","filter":"raw"}]},"aioseo_notices":[],"_links":{"self":[{"href":"https:\/\/www.claret.cat\/es\/wp-json\/wp\/v2\/product\/172594","targetHints":{"allow":["GET"]}}],"collection":[{"href":"https:\/\/www.claret.cat\/es\/wp-json\/wp\/v2\/product"}],"about":[{"href":"https:\/\/www.claret.cat\/es\/wp-json\/wp\/v2\/types\/product"}],"wp:featuredmedia":[{"embeddable":true,"href":"https:\/\/www.claret.cat\/es\/wp-json\/wp\/v2\/media\/310274"}],"wp:attachment":[{"href":"https:\/\/www.claret.cat\/es\/wp-json\/wp\/v2\/media?parent=172594"}],"wp:term":[{"taxonomy":"product_brand","embeddable":true,"href":"https:\/\/www.claret.cat\/es\/wp-json\/wp\/v2\/product_brand?post=172594"},{"taxonomy":"product_cat","embeddable":true,"href":"https:\/\/www.claret.cat\/es\/wp-json\/wp\/v2\/product_cat?post=172594"},{"taxonomy":"product_tag","embeddable":true,"href":"https:\/\/www.claret.cat\/es\/wp-json\/wp\/v2\/product_tag?post=172594"}],"curies":[{"name":"wp","href":"https:\/\/api.w.org\/{rel}","templated":true}]}}