{"id":172609,"date":"2022-10-20T00:51:03","date_gmt":"2022-10-19T22:51:03","guid":{"rendered":"http:\/\/dev.claret.cat\/producte\/el-mundo-de-sofia\/"},"modified":"2026-03-20T13:15:32","modified_gmt":"2026-03-20T12:15:32","slug":"el-mundo-de-sofia-9788498411706","status":"publish","type":"product","link":"https:\/\/www.claret.cat\/es\/libro\/el-mundo-de-sofia-9788498411706\/","title":{"rendered":"EL MUNDO DE SOF\u00cdA"},"content":{"rendered":"<p>Esta extraordinaria obra de divulgaci\u00f3n que se ha convertido ya en una obra de culto aporta una coherente visi\u00f3n de conjunto sobre aquellos aspectos imprescindibles para comprender la historia de la filosof\u00eda occidental. El mundo de Sof\u00eda tiene el m\u00e9rito de haber conjugado, acertadamente, rigor y amenidad en una narraci\u00f3n donde una joven ir\u00e1 conociendo su propia identidad mientras descubre la capacidad humana de hacer preguntas.<\/p>\n","protected":false},"excerpt":{"rendered":"<p>GAARDER, JOSTEIN<\/p>\n","protected":false},"featured_media":1090827,"template":"","meta":{"_acf_changed":false,"om_disable_all_campaigns":false,"rs_blank_template":"","rs_page_bg_color":"","slide_template_v7":"","inline_featured_image":false,"_monsterinsights_skip_tracking":false,"_monsterinsights_sitenote_active":false,"_monsterinsights_sitenote_note":"","_monsterinsights_sitenote_category":0},"product_brand":[],"product_cat":[133,373,166,363,130,360,129,359,139,572],"product_tag":[],"class_list":{"0":"post-172609","1":"product","2":"type-product","3":"status-publish","4":"has-post-thumbnail","6":"product_cat-lectures-per-adolescents-12-18-anys","7":"product_cat-autores","8":"product_cat-autors-filosofia","9":"product_cat-lecturas-por-adolescentes-12-18-anos","10":"product_cat-novella-historica-i-ficcio","11":"product_cat-novela-historica-y-ficcion","12":"product_cat-realisme-i-naturalisme","13":"product_cat-realismo-y-naturalismo","14":"product_cat-secundaria","15":"product_cat-secundaria-escolar-4_escolar-spa","17":"first","18":"instock","19":"taxable","20":"shipping-taxable","21":"purchasable","22":"product-type-simple"},"acf":{"autor":"GAARDER, JOSTEIN","codart":"849841170","libros-coleccion":"FORA DE COL.LECCI\u00d3","ediciones":"1","encuadernacion":"Carton\u00e9","fecha_de_publicacion":"01\/11\/2021","novedad":"1","paginas":"578","subtitulo":"NOVELA SOBRE LA HISTORIA DE LA FILOSOF\u00cdA","orden":"999","portada":"0","idioma":"spa","editorial":[{"ID":6365,"post_author":"3","post_date":"2022-07-28 17:50:37","post_date_gmt":"2022-07-28 15:50:37","post_content":"","post_title":"Siruela","post_excerpt":"","post_status":"publish","comment_status":"closed","ping_status":"closed","post_password":"","post_name":"siruela","to_ping":"","pinged":"","post_modified":"2022-07-28 17:50:37","post_modified_gmt":"2022-07-28 15:50:37","post_content_filtered":"","post_parent":0,"guid":"http:\/\/dev.claret.cat\/editorial\/siruela\/","menu_order":0,"post_type":"editorial","post_mime_type":"","comment_count":"0","filter":"raw"}],"autores-libros":[{"ID":160903,"post_author":"3","post_date":"2022-10-14 15:56:49","post_date_gmt":"2022-10-14 13:56:49","post_content":"","post_title":"JOSTEIN GAARDER","post_excerpt":"","post_status":"publish","comment_status":"closed","ping_status":"closed","post_password":"","post_name":"jostein-gaarder","to_ping":"","pinged":"","post_modified":"2022-10-14 15:56:49","post_modified_gmt":"2022-10-14 13:56:49","post_content_filtered":"","post_parent":0,"guid":"http:\/\/dev.claret.cat\/autor\/jostein-gaarder\/","menu_order":0,"post_type":"autor","post_mime_type":"","comment_count":"0","filter":"raw"}],"booktrailer":"","resenas":""},"aioseo_notices":[],"_links":{"self":[{"href":"https:\/\/www.claret.cat\/es\/wp-json\/wp\/v2\/product\/172609","targetHints":{"allow":["GET"]}}],"collection":[{"href":"https:\/\/www.claret.cat\/es\/wp-json\/wp\/v2\/product"}],"about":[{"href":"https:\/\/www.claret.cat\/es\/wp-json\/wp\/v2\/types\/product"}],"wp:featuredmedia":[{"embeddable":true,"href":"https:\/\/www.claret.cat\/es\/wp-json\/wp\/v2\/media\/1090827"}],"wp:attachment":[{"href":"https:\/\/www.claret.cat\/es\/wp-json\/wp\/v2\/media?parent=172609"}],"wp:term":[{"taxonomy":"product_brand","embeddable":true,"href":"https:\/\/www.claret.cat\/es\/wp-json\/wp\/v2\/product_brand?post=172609"},{"taxonomy":"product_cat","embeddable":true,"href":"https:\/\/www.claret.cat\/es\/wp-json\/wp\/v2\/product_cat?post=172609"},{"taxonomy":"product_tag","embeddable":true,"href":"https:\/\/www.claret.cat\/es\/wp-json\/wp\/v2\/product_tag?post=172609"}],"curies":[{"name":"wp","href":"https:\/\/api.w.org\/{rel}","templated":true}]}}