{"id":172636,"date":"2022-10-20T00:51:32","date_gmt":"2022-10-19T22:51:32","guid":{"rendered":"http:\/\/dev.claret.cat\/producte\/robinson-crusoe-5\/"},"modified":"2023-01-28T20:11:41","modified_gmt":"2023-01-28T19:11:41","slug":"robinson-crusoe-9788418395635","status":"publish","type":"product","link":"https:\/\/www.claret.cat\/es\/libro\/robinson-crusoe-9788418395635\/","title":{"rendered":"ROBINSON CRUSOE"},"content":{"rendered":"<p>Tras una traves\u00eda llena de aventuras y peligros, el marinero Robinson Crusoe naufraga en una isla desierta donde le esperan m\u00e1s de dos d\u00e9cadas de absoluta soledad. <br \/> Para sobrevivir y construir un nuevo mundo desde cero, cuenta con una sola herramienta: sus propias manos. Considerado el padre de la novela brit\u00e1nica, Daniel Defoe recurre en esta historia a un brillante uso de la perspectiva para poner en primer plano aspectos como los peligros de la naturaleza, el instinto o la soledad.<br \/> Uno de los libros de aventuras m\u00e1s le\u00eddos de todos los tiempos, traducido por el maestro Julio Cort\u00e1zar<\/p>\n","protected":false},"excerpt":{"rendered":"<p>DEFOE, DANIEL<\/p>\n","protected":false},"featured_media":172637,"template":"","meta":{"_acf_changed":false,"om_disable_all_campaigns":false,"rs_blank_template":"","rs_page_bg_color":"","slide_template_v7":"","inline_featured_image":false,"_monsterinsights_skip_tracking":false,"_monsterinsights_sitenote_active":false,"_monsterinsights_sitenote_note":"","_monsterinsights_sitenote_category":0},"product_brand":[],"product_cat":[16],"product_tag":[],"class_list":{"0":"post-172636","1":"product","2":"type-product","3":"status-publish","4":"has-post-thumbnail","6":"product_cat-sense-categoria","8":"first","9":"instock","10":"taxable","11":"shipping-taxable","12":"purchasable","13":"product-type-simple"},"acf":{"autor":"DEFOE, DANIEL","codart":"841839563","libros-coleccion":"CL\u00c1SICOS ILUSTRADOS","ediciones":"1","encuadernacion":"Carton\u00e9","fecha_de_publicacion":"01\/08\/2021","novedad":"1","paginas":"537","subtitulo":"","orden":"0","portada":"0","idioma":"spa","editorial":[{"ID":147917,"post_author":"3","post_date":"2022-10-14 11:54:14","post_date_gmt":"2022-10-14 09:54:14","post_content":"","post_title":"EDITORIAL ALMA","post_excerpt":"","post_status":"publish","comment_status":"closed","ping_status":"closed","post_password":"","post_name":"editorial-alma","to_ping":"","pinged":"","post_modified":"2022-10-14 11:54:14","post_modified_gmt":"2022-10-14 09:54:14","post_content_filtered":"","post_parent":0,"guid":"http:\/\/dev.claret.cat\/editorial\/editorial-alma\/","menu_order":0,"post_type":"editorial","post_mime_type":"","comment_count":"0","filter":"raw"}],"autores-libros":[{"ID":153571,"post_author":"3","post_date":"2022-10-14 14:57:49","post_date_gmt":"2022-10-14 12:57:49","post_content":"","post_title":"DANIEL DEFOE","post_excerpt":"","post_status":"publish","comment_status":"closed","ping_status":"closed","post_password":"","post_name":"daniel-defoe","to_ping":"","pinged":"","post_modified":"2022-10-14 14:57:49","post_modified_gmt":"2022-10-14 12:57:49","post_content_filtered":"","post_parent":0,"guid":"http:\/\/dev.claret.cat\/autor\/daniel-defoe\/","menu_order":0,"post_type":"autor","post_mime_type":"","comment_count":"0","filter":"raw"}]},"aioseo_notices":[],"_links":{"self":[{"href":"https:\/\/www.claret.cat\/es\/wp-json\/wp\/v2\/product\/172636","targetHints":{"allow":["GET"]}}],"collection":[{"href":"https:\/\/www.claret.cat\/es\/wp-json\/wp\/v2\/product"}],"about":[{"href":"https:\/\/www.claret.cat\/es\/wp-json\/wp\/v2\/types\/product"}],"wp:featuredmedia":[{"embeddable":true,"href":"https:\/\/www.claret.cat\/es\/wp-json\/wp\/v2\/media\/172637"}],"wp:attachment":[{"href":"https:\/\/www.claret.cat\/es\/wp-json\/wp\/v2\/media?parent=172636"}],"wp:term":[{"taxonomy":"product_brand","embeddable":true,"href":"https:\/\/www.claret.cat\/es\/wp-json\/wp\/v2\/product_brand?post=172636"},{"taxonomy":"product_cat","embeddable":true,"href":"https:\/\/www.claret.cat\/es\/wp-json\/wp\/v2\/product_cat?post=172636"},{"taxonomy":"product_tag","embeddable":true,"href":"https:\/\/www.claret.cat\/es\/wp-json\/wp\/v2\/product_tag?post=172636"}],"curies":[{"name":"wp","href":"https:\/\/api.w.org\/{rel}","templated":true}]}}