{"id":172727,"date":"2022-10-20T00:53:16","date_gmt":"2022-10-19T22:53:16","guid":{"rendered":"http:\/\/dev.claret.cat\/producte\/fuego-y-sangre\/"},"modified":"2023-01-28T07:59:39","modified_gmt":"2023-01-28T06:59:39","slug":"fuego-y-sangre-9788401022166","status":"publish","type":"product","link":"https:\/\/www.claret.cat\/es\/libro\/fuego-y-sangre-9788401022166\/","title":{"rendered":"FUEGO Y SANGRE"},"content":{"rendered":"<p>La nueva obra de George R. R. Martin narra la deslumbrante historia de los Targaryen, la dinast\u00eda que rein\u00f3 en Poniente trescientos a\u00f1os antes del comienzo de \u00abCanci\u00f3n de hielo y fuego\u00bb, la saga que inspir\u00f3 la serie de HBO: Juego de tronos. Siglos antes de que ocurrieran los hechos que se relatan en \u00abCanci\u00f3n de hielo y fuego\u00bb, la casa Targaryen, la \u00fanica dinast\u00eda de se\u00f1ores drag\u00f3n que sobrevivi\u00f3 a la Maldici\u00f3n de Valyria, se instal\u00f3 en la isla de Rocadrag\u00f3n. Aqu\u00ed tenemos el primero de los dos vol\u00famenes en el que el autor de Juego de tronos nos explica, con todo lujo de detalles, la historia de tan alucinante familia: comenzando por Aegon I Targaryen, creador del ic\u00f3nico Trono de Hierro, y seguido por el resto de las generaciones de Targaryens que combatieron fieramente por mantener el trono, y el poder, hasta la llegada de la guerra civil que casi termina con ellos. \u00bfQu\u00e9 ocurri\u00f3 en realidad durante la Danza de dragones? \u00bfPor qu\u00e9 era tan peligroso aproximarse a Valyria despu\u00e9s de la Maldici\u00f3n? \u00bfC\u00f3mo era Poniente cuando los dragones dominaban los cielos? Estos, y otros muchos, son los interrogantes a los que responde esta impresionante cr\u00f3nica, narrada por un culto maestre de la Ciudadela, que anticipa el ya famoso universo de George R.R. Martin. Fuego y Sangre brindar\u00e1 a los lectores la oportunidad de tener otra visi\u00f3n de la fant\u00e1stica historia de Poniente. Este libro, magn\u00edficamente ilustrado con 80 l\u00e1minas in\u00e9ditas de Doug Wheatley, se convertir\u00e1, sin dudarlo, en una lectura imprescindible para todos los fans de la exitosa serie.<\/p>\n","protected":false},"excerpt":{"rendered":"<p>MARTIN, GEORGE R.R. \/ WHEATLEY, DOUG<\/p>\n","protected":false},"featured_media":172728,"template":"","meta":{"_acf_changed":false,"om_disable_all_campaigns":false,"rs_blank_template":"","rs_page_bg_color":"","slide_template_v7":"","inline_featured_image":false,"_monsterinsights_skip_tracking":false,"_monsterinsights_sitenote_active":false,"_monsterinsights_sitenote_note":"","_monsterinsights_sitenote_category":0},"product_brand":[],"product_cat":[87],"product_tag":[],"class_list":{"0":"post-172727","1":"product","2":"type-product","3":"status-publish","4":"has-post-thumbnail","6":"product_cat-literatura","8":"first","9":"instock","10":"taxable","11":"shipping-taxable","12":"purchasable","13":"product-type-simple"},"acf":{"autor":"MARTIN, GEORGE R.R. \/ WHEATLEY, DOUG","codart":"840102216","libros-coleccion":"FANTASCY","ediciones":"1","encuadernacion":"Carton\u00e9","fecha_de_publicacion":"20\/11\/2018","novedad":"1","paginas":"1088","subtitulo":"300 A\u00d1OS ANTES DE JUEGO DE TRONOS, LOS DRAGONES REINABAN EN PONIENTE","orden":"0","portada":"0","idioma":"spa","editorial":[{"ID":6332,"post_author":"3","post_date":"2022-07-28 17:49:55","post_date_gmt":"2022-07-28 15:49:55","post_content":"","post_title":"PLAZA JANES, S.A.","post_excerpt":"","post_status":"publish","comment_status":"closed","ping_status":"closed","post_password":"","post_name":"plaza-janes-s-a","to_ping":"","pinged":"","post_modified":"2022-07-28 17:49:55","post_modified_gmt":"2022-07-28 15:49:55","post_content_filtered":"","post_parent":0,"guid":"http:\/\/dev.claret.cat\/editorial\/plaza-janes-s-a\/","menu_order":0,"post_type":"editorial","post_mime_type":"","comment_count":"0","filter":"raw"}],"autores-libros":[{"ID":156742,"post_author":"3","post_date":"2022-10-14 15:23:15","post_date_gmt":"2022-10-14 13:23:15","post_content":"","post_title":"GEORGE R.R. MARTIN","post_excerpt":"","post_status":"publish","comment_status":"closed","ping_status":"closed","post_password":"","post_name":"george-r-r-martin-4","to_ping":"","pinged":"","post_modified":"2022-10-14 15:23:15","post_modified_gmt":"2022-10-14 13:23:15","post_content_filtered":"","post_parent":0,"guid":"http:\/\/dev.claret.cat\/autor\/george-r-r-martin-4\/","menu_order":0,"post_type":"autor","post_mime_type":"","comment_count":"0","filter":"raw"}]},"aioseo_notices":[],"_links":{"self":[{"href":"https:\/\/www.claret.cat\/es\/wp-json\/wp\/v2\/product\/172727","targetHints":{"allow":["GET"]}}],"collection":[{"href":"https:\/\/www.claret.cat\/es\/wp-json\/wp\/v2\/product"}],"about":[{"href":"https:\/\/www.claret.cat\/es\/wp-json\/wp\/v2\/types\/product"}],"wp:featuredmedia":[{"embeddable":true,"href":"https:\/\/www.claret.cat\/es\/wp-json\/wp\/v2\/media\/172728"}],"wp:attachment":[{"href":"https:\/\/www.claret.cat\/es\/wp-json\/wp\/v2\/media?parent=172727"}],"wp:term":[{"taxonomy":"product_brand","embeddable":true,"href":"https:\/\/www.claret.cat\/es\/wp-json\/wp\/v2\/product_brand?post=172727"},{"taxonomy":"product_cat","embeddable":true,"href":"https:\/\/www.claret.cat\/es\/wp-json\/wp\/v2\/product_cat?post=172727"},{"taxonomy":"product_tag","embeddable":true,"href":"https:\/\/www.claret.cat\/es\/wp-json\/wp\/v2\/product_tag?post=172727"}],"curies":[{"name":"wp","href":"https:\/\/api.w.org\/{rel}","templated":true}]}}