{"id":17277,"date":"2022-10-01T23:28:06","date_gmt":"2022-10-01T21:28:06","guid":{"rendered":"http:\/\/dev.claret.cat\/producte\/las-jaurias\/"},"modified":"2023-01-28T08:01:33","modified_gmt":"2023-01-28T07:01:33","slug":"las-jaurias-9788417968199","status":"publish","type":"product","link":"https:\/\/www.claret.cat\/es\/libro\/las-jaurias-9788417968199\/","title":{"rendered":"LAS JAUR\u00cdAS"},"content":{"rendered":"<p>Una fascinante indagaci\u00f3n sobre un viejo crimen de Estado, dos asesinatos sin resolver y la misteriosa destrucci\u00f3n de una familia, en la fr\u00e1gil l\u00ednea fronteriza del Guadiana.NOVELA GANADORA DEL PREMIO L`H CONFIDENCIAL DE NOVELA NEGRA 2020En abril de 1965, en un pueblo extreme\u00f1o fronterizo con Portugal aparecieron los cad\u00e1veres del general Humberto Delgado y de su secretaria. Los asesinatos fueron obra de la polic\u00eda pol\u00edtica portuguesa, por encargo del dictador Oliveira Salazar y con la colaboraci\u00f3n de Franco. Muchos a\u00f1os despu\u00e9s, para Abel Castro, un viejo periodista en paro que trabaj\u00f3 en el caso, se trata de un asunto olvidado. Pero deja de serlo al recibir la visita de Catarina, una joven fot\u00f3grafa portuguesa que tiene el encargo de recorrer los escenarios de los cr\u00edmenes y quiere aclarar un misterio que la atormenta. Coincidiendo con el asesinato de Humberto Delgado, el \u00fanico hermano del padre de Catarina desapareci\u00f3 para siempre y ese hecho, como un veneno de efecto retardado, destruy\u00f3 a toda su familia. Abel acabar\u00e1 acompa\u00f1\u00e1ndola en un viaje fronterizo en el que descubrir\u00e1n que aquel pasado inquietante y lejano a\u00fan est\u00e1 lleno de amenazas.<\/p>\n","protected":false},"excerpt":{"rendered":"<p>GIL, ALBERTO<\/p>\n","protected":false},"featured_media":65696,"template":"","meta":{"_acf_changed":false,"om_disable_all_campaigns":false,"rs_blank_template":"","rs_page_bg_color":"","slide_template_v7":"","inline_featured_image":false,"_monsterinsights_skip_tracking":false,"_monsterinsights_sitenote_active":false,"_monsterinsights_sitenote_note":"","_monsterinsights_sitenote_category":0},"product_brand":[],"product_cat":[127],"product_tag":[],"class_list":{"0":"post-17277","1":"product","2":"type-product","3":"status-publish","4":"has-post-thumbnail","6":"product_cat-novella-contemporania","8":"first","9":"instock","10":"taxable","11":"shipping-taxable","12":"purchasable","13":"product-type-simple"},"acf":{"autor":"GIL, ALBERTO","codart":"841796819","libros-coleccion":"","ediciones":"1","encuadernacion":"R\u00fastica","fecha_de_publicacion":"01\/11\/2020","novedad":"1","paginas":"208","subtitulo":"PREMIO L'H CONFIDENCIAL 2020","orden":"0","portada":"0","idioma":"spa","editorial":[{"ID":148755,"post_author":"3","post_date":"2022-10-14 12:00:44","post_date_gmt":"2022-10-14 10:00:44","post_content":"","post_title":"Roca Editorial","post_excerpt":"","post_status":"publish","comment_status":"closed","ping_status":"closed","post_password":"","post_name":"roca-editorial","to_ping":"","pinged":"","post_modified":"2022-10-14 12:00:44","post_modified_gmt":"2022-10-14 10:00:44","post_content_filtered":"","post_parent":0,"guid":"http:\/\/dev.claret.cat\/editorial\/roca-editorial\/","menu_order":0,"post_type":"editorial","post_mime_type":"","comment_count":"0","filter":"raw"}],"autores-libros":[{"ID":149494,"post_author":"3","post_date":"2022-10-14 14:25:19","post_date_gmt":"2022-10-14 12:25:19","post_content":"","post_title":"ALBERTO GIL","post_excerpt":"","post_status":"publish","comment_status":"closed","ping_status":"closed","post_password":"","post_name":"alberto-gil","to_ping":"","pinged":"","post_modified":"2022-10-14 14:25:19","post_modified_gmt":"2022-10-14 12:25:19","post_content_filtered":"","post_parent":0,"guid":"http:\/\/dev.claret.cat\/autor\/alberto-gil\/","menu_order":0,"post_type":"autor","post_mime_type":"","comment_count":"0","filter":"raw"}]},"aioseo_notices":[],"_links":{"self":[{"href":"https:\/\/www.claret.cat\/es\/wp-json\/wp\/v2\/product\/17277","targetHints":{"allow":["GET"]}}],"collection":[{"href":"https:\/\/www.claret.cat\/es\/wp-json\/wp\/v2\/product"}],"about":[{"href":"https:\/\/www.claret.cat\/es\/wp-json\/wp\/v2\/types\/product"}],"wp:featuredmedia":[{"embeddable":true,"href":"https:\/\/www.claret.cat\/es\/wp-json\/wp\/v2\/media\/65696"}],"wp:attachment":[{"href":"https:\/\/www.claret.cat\/es\/wp-json\/wp\/v2\/media?parent=17277"}],"wp:term":[{"taxonomy":"product_brand","embeddable":true,"href":"https:\/\/www.claret.cat\/es\/wp-json\/wp\/v2\/product_brand?post=17277"},{"taxonomy":"product_cat","embeddable":true,"href":"https:\/\/www.claret.cat\/es\/wp-json\/wp\/v2\/product_cat?post=17277"},{"taxonomy":"product_tag","embeddable":true,"href":"https:\/\/www.claret.cat\/es\/wp-json\/wp\/v2\/product_tag?post=17277"}],"curies":[{"name":"wp","href":"https:\/\/api.w.org\/{rel}","templated":true}]}}