{"id":172793,"date":"2022-10-20T00:54:30","date_gmt":"2022-10-19T22:54:30","guid":{"rendered":"http:\/\/dev.claret.cat\/producte\/conecta2conjesus-ev-ciclo-c\/"},"modified":"2024-05-23T00:47:07","modified_gmt":"2024-05-22T22:47:07","slug":"conecta2conjesusev-ciclo-c-9788494895326","status":"publish","type":"product","link":"https:\/\/www.claret.cat\/es\/libro\/conecta2conjesusev-ciclo-c-9788494895326\/","title":{"rendered":"CONECTA2CONJES\u00daS.EV. CICLO C"},"content":{"rendered":"<p>Conecta2conJes\u00fas.ev es un atractivo Evangelio dominical para j\u00f3venes (Ciclo C).<br \/>El libro recoge todos los domingos y fiestas de este a\u00f1o lit\u00fargico, correspondiente al ciclo C.<br \/>Tiene una presentaci\u00f3n atractiva, con letra de buen tama\u00f1o, dibujos de Fano a todo color. Al abrir el libro, se presentan en ambas p\u00e1ginas el evangelio del domingo y, en la p\u00e1gina opuesta, una aplicaci\u00f3n a la vida del joven, para que el lector haga vida propia la palabra de Dios.<br \/>La autora lleva la Palabra de Dios a los j\u00f3venes con su propio lenguaje. Ha escrito un texto f\u00e1cil de leer, con bellas ideas y profundas, imbuidas en el amor de Dios y en el cari\u00f1o al hombre, con el deseo que que el texto lleve al lector a levantar los ojos al cielo y, en silencio, abra su coraz\u00f3n al Se\u00f1or, y le oiga, y se deje transformar por la Palabra, siempre activa y eficaz.<br \/>Siguiendo al Papa Francisco: Leo el Evangelio y ah\u00ed es Jes\u00fas que nos habla, el lector dialoga con Dios cuando lee esta obra: &#8216;Y me paro a pensar en tantas veces c\u00f3mo Jes\u00fas aparece en mi vida sin  merecerlo ni esperarlo, y ten\u00eda que decirle algo&#8230;&#8217;. &#8216;Qu\u00e9 bonito es mirarte, Jes\u00fas, dando \u00e1nimo y confianza! Yo no s\u00e9 si alcanzo a comprender esa gran palabra \u201cmisericordia\u201d. \u00a1Me suena a amor! Hoy juntar\u00e9 dos alegr\u00edas: verte resucitado y lleno de misericordia para todos&#8217;.<br \/>El libro aporta dos detalles interesantes: un peque\u00f1o calendario en cada p\u00e1gina dominical, de modo que f\u00e1cilmente se pueda acceder al domingo que se busca. Y tambi\u00e9n el calendario anual con las fiestas y los tiempos lit\u00fargicos en contracubierta.<br \/>Edades: 13-18 a\u00f1os. 144 p\u00e1ginas.Color. Tama\u00f1o: 13 x 18 cm.<br \/>Sin duda, Conecta2conJes\u00fas.ev es un libro para tenerlo cerca todo el a\u00f1o, porque nos habla Jes\u00fas.<\/p>\n","protected":false},"excerpt":{"rendered":"<p>FIGUEROA SERRA, MAR\u00cdA DEL CARMEN<\/p>\n","protected":false},"featured_media":362708,"template":"","meta":{"_acf_changed":false,"om_disable_all_campaigns":false,"rs_blank_template":"","rs_page_bg_color":"","slide_template_v7":"","inline_featured_image":false,"_monsterinsights_skip_tracking":false,"_monsterinsights_sitenote_active":false,"_monsterinsights_sitenote_note":"","_monsterinsights_sitenote_category":0},"product_brand":[],"product_cat":[86,352,346,80,344,78],"product_tag":[],"class_list":{"0":"post-172793","1":"product","2":"type-product","3":"status-publish","4":"has-post-thumbnail","6":"product_cat-infantil","7":"product_cat-infantil-3_infantil-juvenil-spa","8":"product_cat-libros-liturgia","9":"product_cat-liturgia","10":"product_cat-pastoral-1_espiritualidad","11":"product_cat-pastoral","13":"first","14":"outofstock","15":"taxable","16":"shipping-taxable","17":"purchasable","18":"product-type-simple"},"acf":{"autor":"FIGUEROA SERRA, MAR\u00cdA DEL CARMEN","codart":"849489532","libros-coleccion":"","ediciones":"1","encuadernacion":"R\u00fastica","fecha_de_publicacion":"31\/10\/2018","novedad":"1","paginas":"144","subtitulo":"EVANGELIO DOMINICAL PARA LOS J\u00d3VENES - CICLO C","orden":"0","portada":"0","idioma":"spa","editorial":[{"ID":8239,"post_author":"3","post_date":"2022-09-30 09:21:24","post_date_gmt":"2022-09-30 07:21:24","post_content":"","post_title":"FAMILIA DE JESUS, EDITORIAL","post_excerpt":"","post_status":"publish","comment_status":"closed","ping_status":"closed","post_password":"","post_name":"familia-de-jesus-editorial","to_ping":"","pinged":"","post_modified":"2022-09-30 09:21:24","post_modified_gmt":"2022-09-30 07:21:24","post_content_filtered":"","post_parent":0,"guid":"http:\/\/dev.claret.cat\/editorial\/familia-de-jesus-editorial\/","menu_order":0,"post_type":"editorial","post_mime_type":"","comment_count":"0","filter":"raw"}],"autores-libros":[{"ID":163583,"post_author":"3","post_date":"2022-10-14 17:40:12","post_date_gmt":"2022-10-14 15:40:12","post_content":"","post_title":"MAR\u00cdA DEL CARMEN FIGUEROA SERRA","post_excerpt":"","post_status":"publish","comment_status":"closed","ping_status":"closed","post_password":"","post_name":"maria-del-carmen-figueroa-serra","to_ping":"","pinged":"","post_modified":"2022-10-14 17:40:12","post_modified_gmt":"2022-10-14 15:40:12","post_content_filtered":"","post_parent":0,"guid":"http:\/\/dev.claret.cat\/autor\/maria-del-carmen-figueroa-serra\/","menu_order":0,"post_type":"autor","post_mime_type":"","comment_count":"0","filter":"raw"}]},"aioseo_notices":[],"_links":{"self":[{"href":"https:\/\/www.claret.cat\/es\/wp-json\/wp\/v2\/product\/172793","targetHints":{"allow":["GET"]}}],"collection":[{"href":"https:\/\/www.claret.cat\/es\/wp-json\/wp\/v2\/product"}],"about":[{"href":"https:\/\/www.claret.cat\/es\/wp-json\/wp\/v2\/types\/product"}],"wp:featuredmedia":[{"embeddable":true,"href":"https:\/\/www.claret.cat\/es\/wp-json\/wp\/v2\/media\/362708"}],"wp:attachment":[{"href":"https:\/\/www.claret.cat\/es\/wp-json\/wp\/v2\/media?parent=172793"}],"wp:term":[{"taxonomy":"product_brand","embeddable":true,"href":"https:\/\/www.claret.cat\/es\/wp-json\/wp\/v2\/product_brand?post=172793"},{"taxonomy":"product_cat","embeddable":true,"href":"https:\/\/www.claret.cat\/es\/wp-json\/wp\/v2\/product_cat?post=172793"},{"taxonomy":"product_tag","embeddable":true,"href":"https:\/\/www.claret.cat\/es\/wp-json\/wp\/v2\/product_tag?post=172793"}],"curies":[{"name":"wp","href":"https:\/\/api.w.org\/{rel}","templated":true}]}}