{"id":172889,"date":"2022-10-20T00:56:17","date_gmt":"2022-10-19T22:56:17","guid":{"rendered":"http:\/\/dev.claret.cat\/producte\/moleskine-2019-agenda-12m-diaria-p-ed-limitada-harry-potter\/"},"modified":"2025-12-16T13:52:28","modified_gmt":"2025-12-16T12:52:28","slug":"moleskine-2019-agenda-12m-diaria-p-ed-limitada-harry-potter-9788341716927","status":"publish","type":"product","link":"https:\/\/www.claret.cat\/es\/libro\/moleskine-2019-agenda-12m-diaria-p-ed-limitada-harry-potter-9788341716927\/","title":{"rendered":"MOLESKINE 2019 AGENDA 12M DIARIA P ED. LIMITADA HARRY POTTER"},"content":{"rendered":"<p>Esta agenda Harry Potter de edici\u00f3n limitada recurre a Lumos para amenizar tu planificaci\u00f3n. El formato diario te ofrece una p\u00e1gina completa por d\u00eda para todas tus listas de hechizos, planes, citas y eventos m\u00e1gicos que llenan tu tiempo. Fechada de enero a diciembre, tambi\u00e9n ofrece secciones mensuales de planificaci\u00f3n para tener una visi\u00f3n m\u00e1s amplia. <br \/>Descubre toda la gama de diarios\/agendas Harry Potter de edici\u00f3n limitada, creados con un toque de magia para ayudarte en tu viaje a convertirte en un mago hecho y derecho y muy bien organizado. <br \/>&#8211; La tapa dura tem\u00e1tica te permite escribir c\u00f3modamente incluso sin una superficie debajo<br \/>&#8211; Esquinas redondeadas<br \/>&#8211; Cierre el\u00e1stico<br \/>&#8211; Papel Moleskine de color marfil<br \/>&#8211; Gramaje del papel: 70 gsm<br \/>&#8211; Herramientas \u00fatiles: planificaci\u00f3n, zonas horarias, medidas internacionales, prefijos de llamada y duraciones de vuelos <br \/>&#8211; Calendario mundial de festivos disponible en moleskine.com\/diaryaddons<br \/>&#8211; Bolsillo interior extensible, a juego con el color de la libreta<br \/>&#8211; Mensaje \u00abin case of loss\u00bb impreso en la guarda<br \/>&#8211; Cinta marcap\u00e1ginas a juego<br \/>&#8211; Banda de papel tem\u00e1tica reutilizable, con contenido adicional en el reverso<br \/>&#8211; apertura de 180 grados<\/p>\n","protected":false},"excerpt":{"rendered":"<p>MOLESKINE<\/p>\n","protected":false},"featured_media":1070949,"template":"","meta":{"_acf_changed":false,"om_disable_all_campaigns":false,"rs_blank_template":"","rs_page_bg_color":"","slide_template_v7":"","inline_featured_image":false,"_monsterinsights_skip_tracking":false,"_monsterinsights_sitenote_active":false,"_monsterinsights_sitenote_note":"","_monsterinsights_sitenote_category":0},"product_brand":[],"product_cat":[552,102],"product_tag":[],"class_list":{"0":"post-172889","1":"product","2":"type-product","3":"status-publish","4":"has-post-thumbnail","6":"product_cat-calendarios-y-agendas","7":"product_cat-calendaris-i-agendes","9":"first","10":"outofstock","11":"taxable","12":"shipping-taxable","13":"purchasable","14":"product-type-simple"},"acf":{"autor":"MOLESKINE","codart":"834171692","libros-coleccion":"","ediciones":"1","encuadernacion":"R\u00fastica","fecha_de_publicacion":"24\/10\/2018","novedad":"1","paginas":"0","subtitulo":"","orden":"0","portada":"0","idioma":"spa","booktrailer":"","resenas":"","editorial":[{"ID":262326,"post_author":"3","post_date":"2022-10-24 11:22:54","post_date_gmt":"2022-10-24 09:22:54","post_content":"","post_title":"MOLESKINE","post_excerpt":"","post_status":"publish","comment_status":"closed","ping_status":"closed","post_password":"","post_name":"moleskine","to_ping":"","pinged":"","post_modified":"2022-10-24 11:22:54","post_modified_gmt":"2022-10-24 09:22:54","post_content_filtered":"","post_parent":0,"guid":"http:\/\/dev.claret.cat\/editorial\/moleskine\/","menu_order":0,"post_type":"editorial","post_mime_type":"","comment_count":"0","filter":"raw"}],"autores-libros":[{"ID":272740,"post_author":"3","post_date":"2022-12-09 04:35:05","post_date_gmt":"2022-12-09 03:35:05","post_content":"","post_title":"MOLESKINE","post_excerpt":"","post_status":"publish","comment_status":"closed","ping_status":"closed","post_password":"","post_name":"moleskine","to_ping":"","pinged":"","post_modified":"2022-12-09 04:35:05","post_modified_gmt":"2022-12-09 03:35:05","post_content_filtered":"","post_parent":0,"guid":"http:\/\/dev.claret.cat\/autor\/moleskine\/","menu_order":0,"post_type":"autor","post_mime_type":"","comment_count":"0","filter":"raw"}]},"aioseo_notices":[],"_links":{"self":[{"href":"https:\/\/www.claret.cat\/es\/wp-json\/wp\/v2\/product\/172889","targetHints":{"allow":["GET"]}}],"collection":[{"href":"https:\/\/www.claret.cat\/es\/wp-json\/wp\/v2\/product"}],"about":[{"href":"https:\/\/www.claret.cat\/es\/wp-json\/wp\/v2\/types\/product"}],"wp:featuredmedia":[{"embeddable":true,"href":"https:\/\/www.claret.cat\/es\/wp-json\/wp\/v2\/media\/1070949"}],"wp:attachment":[{"href":"https:\/\/www.claret.cat\/es\/wp-json\/wp\/v2\/media?parent=172889"}],"wp:term":[{"taxonomy":"product_brand","embeddable":true,"href":"https:\/\/www.claret.cat\/es\/wp-json\/wp\/v2\/product_brand?post=172889"},{"taxonomy":"product_cat","embeddable":true,"href":"https:\/\/www.claret.cat\/es\/wp-json\/wp\/v2\/product_cat?post=172889"},{"taxonomy":"product_tag","embeddable":true,"href":"https:\/\/www.claret.cat\/es\/wp-json\/wp\/v2\/product_tag?post=172889"}],"curies":[{"name":"wp","href":"https:\/\/api.w.org\/{rel}","templated":true}]}}