{"id":172944,"date":"2022-10-20T00:57:19","date_gmt":"2022-10-19T22:57:19","guid":{"rendered":"http:\/\/dev.claret.cat\/producte\/prevenir-la-radicalizacion-de-los-jovenes\/"},"modified":"2024-05-23T06:17:06","modified_gmt":"2024-05-23T04:17:06","slug":"prevenir-la-radicalizacion-de-los-jovenes-9788490236116","status":"publish","type":"product","link":"https:\/\/www.claret.cat\/es\/libro\/prevenir-la-radicalizacion-de-los-jovenes-9788490236116\/","title":{"rendered":"PREVENIR LA RADICALIZACI\u00d3N DE LOS J\u00d3VENES"},"content":{"rendered":"<p>Comprometido desde hace a\u00f1os con la educaci\u00f3n de los j\u00f3venes, especialmente de los barrios marginales, Jean-Marie Petitclerc se enfrenta ahora, como muchos educadores o padres, a un fen\u00f3meno nuevo: la radicalizaci\u00f3n de los j\u00f3venes. Son muchos los que abrazan un islam fan\u00e1tico, terminando en las filas del Daesch. Esta actitud de intransigencia radical ha sorprendido a todos los observadores por su brusca aparici\u00f3n. \u00bfSe puede explicar solamente por las diferencias econ\u00f3micas y la situaci\u00f3n actual de las periferias? \u00bfEs m\u00e1s la expresi\u00f3n de una falta de ideales o de una b\u00fasqueda religiosa? Sobre todo, \u00bfc\u00f3mo reaccionar frente a este movimiento y sacar a los j\u00f3venes de este callej\u00f3n sin salida? Es urgente que adultos responsables transmitan a las nuevas generaciones, verdaderas razones para vivir y esperar.<\/p>\n","protected":false},"excerpt":{"rendered":"<p>PETITCLERC, JEAN-MARIE<\/p>\n","protected":false},"featured_media":359425,"template":"","meta":{"_acf_changed":false,"om_disable_all_campaigns":false,"rs_blank_template":"","rs_page_bg_color":"","slide_template_v7":"","inline_featured_image":false,"_monsterinsights_skip_tracking":false,"_monsterinsights_sitenote_active":false,"_monsterinsights_sitenote_note":"","_monsterinsights_sitenote_category":0},"product_brand":[],"product_cat":[82,348],"product_tag":[],"class_list":{"0":"post-172944","1":"product","2":"type-product","3":"status-publish","4":"has-post-thumbnail","6":"product_cat-pedagogia","7":"product_cat-pedagogia-2_humanidades","9":"first","10":"instock","11":"taxable","12":"shipping-taxable","13":"purchasable","14":"product-type-simple"},"acf":{"autor":"PETITCLERC, JEAN-MARIE","codart":"849023611","libros-coleccion":"","ediciones":"1","encuadernacion":"R\u00fastica","fecha_de_publicacion":"22\/10\/2018","novedad":"1","paginas":"84","subtitulo":"","orden":"0","portada":"0","idioma":"spa","editorial":[{"ID":6155,"post_author":"3","post_date":"2022-07-28 17:46:04","post_date_gmt":"2022-07-28 15:46:04","post_content":"","post_title":"Central Catequ\u00edstica Salesiana","post_excerpt":"","post_status":"publish","comment_status":"closed","ping_status":"closed","post_password":"","post_name":"central-catequistica-salesiana","to_ping":"","pinged":"","post_modified":"2022-07-28 17:46:04","post_modified_gmt":"2022-07-28 15:46:04","post_content_filtered":"","post_parent":0,"guid":"http:\/\/dev.claret.cat\/editorial\/central-catequistica-salesiana\/","menu_order":0,"post_type":"editorial","post_mime_type":"","comment_count":"0","filter":"raw"}],"autores-libros":[{"ID":158908,"post_author":"3","post_date":"2022-10-14 15:40:33","post_date_gmt":"2022-10-14 13:40:33","post_content":"","post_title":"JEAN-MARIE PETITCLERC","post_excerpt":"","post_status":"publish","comment_status":"closed","ping_status":"closed","post_password":"","post_name":"jean-marie-petitclerc","to_ping":"","pinged":"","post_modified":"2022-10-14 15:40:33","post_modified_gmt":"2022-10-14 13:40:33","post_content_filtered":"","post_parent":0,"guid":"http:\/\/dev.claret.cat\/autor\/jean-marie-petitclerc\/","menu_order":0,"post_type":"autor","post_mime_type":"","comment_count":"0","filter":"raw"}]},"aioseo_notices":[],"_links":{"self":[{"href":"https:\/\/www.claret.cat\/es\/wp-json\/wp\/v2\/product\/172944","targetHints":{"allow":["GET"]}}],"collection":[{"href":"https:\/\/www.claret.cat\/es\/wp-json\/wp\/v2\/product"}],"about":[{"href":"https:\/\/www.claret.cat\/es\/wp-json\/wp\/v2\/types\/product"}],"wp:featuredmedia":[{"embeddable":true,"href":"https:\/\/www.claret.cat\/es\/wp-json\/wp\/v2\/media\/359425"}],"wp:attachment":[{"href":"https:\/\/www.claret.cat\/es\/wp-json\/wp\/v2\/media?parent=172944"}],"wp:term":[{"taxonomy":"product_brand","embeddable":true,"href":"https:\/\/www.claret.cat\/es\/wp-json\/wp\/v2\/product_brand?post=172944"},{"taxonomy":"product_cat","embeddable":true,"href":"https:\/\/www.claret.cat\/es\/wp-json\/wp\/v2\/product_cat?post=172944"},{"taxonomy":"product_tag","embeddable":true,"href":"https:\/\/www.claret.cat\/es\/wp-json\/wp\/v2\/product_tag?post=172944"}],"curies":[{"name":"wp","href":"https:\/\/api.w.org\/{rel}","templated":true}]}}