{"id":172947,"date":"2022-10-20T00:57:22","date_gmt":"2022-10-19T22:57:22","guid":{"rendered":"http:\/\/dev.claret.cat\/producte\/huelga-de-regalos\/"},"modified":"2024-05-23T06:11:54","modified_gmt":"2024-05-23T04:11:54","slug":"huelga-de-regalos-9788490239049","status":"publish","type":"product","link":"https:\/\/www.claret.cat\/es\/libro\/huelga-de-regalos-9788490239049\/","title":{"rendered":"HUELGA DE REGALOS"},"content":{"rendered":"<p>Tres comedias de contenido navide\u00f1o: Huelga de regalos, Una cola estelar y El \u00e1rbol de Navidad (adaptaci\u00f3n teatral del cuento de Liana Castello).<br \/>Todas ellas para ser representadas por ni\u00f1os y ni\u00f1as a partir de 8 a\u00f1os, con una escenograf\u00eda sencilla y numerosos personajes que favorecen la amplia participaci\u00f3n. El trabajo en equipo, y experiencia compartida que supone poner en escena una obra, ponen de manifiesto, una vez m\u00e1s, el potencial educativo del teatro<\/p>\n","protected":false},"excerpt":{"rendered":"<p>MART\u00cdNEZ RUBIO, ANTONIO<\/p>\n","protected":false},"featured_media":359499,"template":"","meta":{"_acf_changed":false,"om_disable_all_campaigns":false,"rs_blank_template":"","rs_page_bg_color":"","slide_template_v7":"","inline_featured_image":false,"_monsterinsights_skip_tracking":false,"_monsterinsights_sitenote_active":false,"_monsterinsights_sitenote_note":"","_monsterinsights_sitenote_category":0},"product_brand":[],"product_cat":[21,331],"product_tag":[],"class_list":{"0":"post-172947","1":"product","2":"type-product","3":"status-publish","4":"has-post-thumbnail","6":"product_cat-escolar","7":"product_cat-escolar-4_escolar-spa","9":"first","10":"instock","11":"taxable","12":"shipping-taxable","13":"purchasable","14":"product-type-simple"},"acf":{"autor":"MART\u00cdNEZ RUBIO, ANTONIO","codart":"849023904","libros-coleccion":"","ediciones":"1","encuadernacion":"R\u00fastica","fecha_de_publicacion":"22\/10\/2018","novedad":"0","paginas":"80","subtitulo":"TEATRO PARA NI\u00d1OS - ESCENA Y FIESTA","orden":"0","portada":"0","idioma":"spa","editorial":[{"ID":6155,"post_author":"3","post_date":"2022-07-28 17:46:04","post_date_gmt":"2022-07-28 15:46:04","post_content":"","post_title":"Central Catequ\u00edstica Salesiana","post_excerpt":"","post_status":"publish","comment_status":"closed","ping_status":"closed","post_password":"","post_name":"central-catequistica-salesiana","to_ping":"","pinged":"","post_modified":"2022-07-28 17:46:04","post_modified_gmt":"2022-07-28 15:46:04","post_content_filtered":"","post_parent":0,"guid":"http:\/\/dev.claret.cat\/editorial\/central-catequistica-salesiana\/","menu_order":0,"post_type":"editorial","post_mime_type":"","comment_count":"0","filter":"raw"}],"autores-libros":[{"ID":150964,"post_author":"3","post_date":"2022-10-14 14:37:08","post_date_gmt":"2022-10-14 12:37:08","post_content":"","post_title":"ANTONIO MART\u00cdNEZ RUBIO","post_excerpt":"","post_status":"publish","comment_status":"closed","ping_status":"closed","post_password":"","post_name":"antonio-martinez-rubio","to_ping":"","pinged":"","post_modified":"2022-10-14 14:37:08","post_modified_gmt":"2022-10-14 12:37:08","post_content_filtered":"","post_parent":0,"guid":"http:\/\/dev.claret.cat\/autor\/antonio-martinez-rubio\/","menu_order":0,"post_type":"autor","post_mime_type":"","comment_count":"0","filter":"raw"}]},"aioseo_notices":[],"_links":{"self":[{"href":"https:\/\/www.claret.cat\/es\/wp-json\/wp\/v2\/product\/172947","targetHints":{"allow":["GET"]}}],"collection":[{"href":"https:\/\/www.claret.cat\/es\/wp-json\/wp\/v2\/product"}],"about":[{"href":"https:\/\/www.claret.cat\/es\/wp-json\/wp\/v2\/types\/product"}],"wp:featuredmedia":[{"embeddable":true,"href":"https:\/\/www.claret.cat\/es\/wp-json\/wp\/v2\/media\/359499"}],"wp:attachment":[{"href":"https:\/\/www.claret.cat\/es\/wp-json\/wp\/v2\/media?parent=172947"}],"wp:term":[{"taxonomy":"product_brand","embeddable":true,"href":"https:\/\/www.claret.cat\/es\/wp-json\/wp\/v2\/product_brand?post=172947"},{"taxonomy":"product_cat","embeddable":true,"href":"https:\/\/www.claret.cat\/es\/wp-json\/wp\/v2\/product_cat?post=172947"},{"taxonomy":"product_tag","embeddable":true,"href":"https:\/\/www.claret.cat\/es\/wp-json\/wp\/v2\/product_tag?post=172947"}],"curies":[{"name":"wp","href":"https:\/\/api.w.org\/{rel}","templated":true}]}}