{"id":172992,"date":"2022-10-20T00:58:12","date_gmt":"2022-10-19T22:58:12","guid":{"rendered":"http:\/\/dev.claret.cat\/producte\/creo-en-un-solo-dios-el-credo-comentado-por-los-padres\/"},"modified":"2025-12-15T17:20:24","modified_gmt":"2025-12-15T16:20:24","slug":"creo-en-un-solo-dios-el-credo-comentado-por-los-padres-9788497154109","status":"publish","type":"product","link":"https:\/\/www.claret.cat\/es\/libro\/creo-en-un-solo-dios-el-credo-comentado-por-los-padres-9788497154109\/","title":{"rendered":"CREO EN UN SOLO DIOS. EL CREDO COMENTADO POR LOS PADRES"},"content":{"rendered":"<p>Especialmente apropiado para esta \u00e9poca que anhela una vuelta a las fuentes y a un conocimiento profundo para entender por qu\u00e9 el CREDO tom\u00f3 la forma que hoy tiene.<br \/>Del mismo editor-coordinador que la colecci\u00f3n de La Biblia comentada por los Padres de la Iglesia: THOMAS C. ODEN. Y un equipo internacional, multidisciplinar y ecum\u00e9nico de patr\u00f3logos, fil\u00f3logos y te\u00f3logos de diferentes pa\u00edses y universidades:<br \/>Universidad Latimer Trust &#8211; Samford<br \/>Seminario Union Theological y Universidad de Columbia<br \/>Universidad de Oxford<br \/>Universidad de Drew<br \/>Instituto Agustiniano de Roma<br \/>Universidad de Navarra (traducci\u00f3n y coordinaci\u00f3n de la edici\u00f3n espa\u00f1ola)<br \/>A partir de los textos originales de los Padres de la Iglesia en lat\u00edn, griego, copto y sir\u00edaco, desde el a\u00f1o 95 d. C. al 750 d. C. del Credo niceno-constantinopolitano.<\/p>\n","protected":false},"excerpt":{"rendered":"<p>TORRES MORENO, EDUARDO<\/p>\n","protected":false},"featured_media":387879,"template":"","meta":{"_acf_changed":false,"om_disable_all_campaigns":false,"rs_blank_template":"","rs_page_bg_color":"","slide_template_v7":"","inline_featured_image":false,"_monsterinsights_skip_tracking":false,"_monsterinsights_sitenote_active":false,"_monsterinsights_sitenote_note":"","_monsterinsights_sitenote_category":0},"product_brand":[],"product_cat":[543,93,76,342],"product_tag":[],"class_list":{"0":"post-172992","1":"product","2":"type-product","3":"status-publish","4":"has-post-thumbnail","6":"product_cat-eclesiologia-es","7":"product_cat-eclesiologia","8":"product_cat-teologia","9":"product_cat-teologia-1_espiritualidad","11":"first","12":"instock","13":"taxable","14":"shipping-taxable","15":"purchasable","16":"product-type-simple"},"acf":{"autor":"TORRES MORENO, EDUARDO","codart":"849715410","libros-coleccion":"El Credo comentado por los Padres de la","ediciones":"1","encuadernacion":"Carton\u00e9","fecha_de_publicacion":"18\/10\/2018","novedad":"1","paginas":"322","subtitulo":"EL CREDO COMENTADO POR LOS PADRES DE LA IGLESIA - 1","orden":"0","portada":"0","idioma":"spa","editorial":[{"ID":6157,"post_author":"3","post_date":"2022-07-28 17:46:07","post_date_gmt":"2022-07-28 15:46:07","post_content":"","post_title":"Ciudad Nueva","post_excerpt":"","post_status":"publish","comment_status":"closed","ping_status":"closed","post_password":"","post_name":"ciudad-nueva","to_ping":"","pinged":"","post_modified":"2022-07-28 17:46:07","post_modified_gmt":"2022-07-28 15:46:07","post_content_filtered":"","post_parent":0,"guid":"http:\/\/dev.claret.cat\/editorial\/ciudad-nueva\/","menu_order":0,"post_type":"editorial","post_mime_type":"","comment_count":"0","filter":"raw"}],"autores-libros":[{"ID":364010,"post_author":"3","post_date":"2023-01-15 13:05:45","post_date_gmt":"2023-01-15 12:05:45","post_content":"","post_title":"GERALD L. BRAY","post_excerpt":"","post_status":"publish","comment_status":"closed","ping_status":"closed","post_password":"","post_name":"gerald-l-bray","to_ping":"","pinged":"","post_modified":"2023-01-15 13:05:45","post_modified_gmt":"2023-01-15 12:05:45","post_content_filtered":"","post_parent":0,"guid":"https:\/\/www.claret.cat\/autor\/gerald-l-bray\/","menu_order":0,"post_type":"autor","post_mime_type":"","comment_count":"0","filter":"raw"},{"ID":364011,"post_author":"3","post_date":"2023-01-15 13:05:46","post_date_gmt":"2023-01-15 12:05:46","post_content":"","post_title":"THOMAS C. ODEN","post_excerpt":"","post_status":"publish","comment_status":"closed","ping_status":"closed","post_password":"","post_name":"thomas-c-oden-2","to_ping":"","pinged":"","post_modified":"2023-01-15 13:05:46","post_modified_gmt":"2023-01-15 12:05:46","post_content_filtered":"","post_parent":0,"guid":"https:\/\/www.claret.cat\/autor\/thomas-c-oden-2\/","menu_order":0,"post_type":"autor","post_mime_type":"","comment_count":"0","filter":"raw"},{"ID":154614,"post_author":"3","post_date":"2022-10-14 15:06:13","post_date_gmt":"2022-10-14 13:06:13","post_content":"","post_title":"EDUARDO TORRES MORENO","post_excerpt":"","post_status":"publish","comment_status":"closed","ping_status":"closed","post_password":"","post_name":"eduardo-torres-moreno","to_ping":"","pinged":"","post_modified":"2022-10-14 15:06:13","post_modified_gmt":"2022-10-14 13:06:13","post_content_filtered":"","post_parent":0,"guid":"http:\/\/dev.claret.cat\/autor\/eduardo-torres-moreno\/","menu_order":0,"post_type":"autor","post_mime_type":"","comment_count":"0","filter":"raw"}],"booktrailer":"","resenas":""},"aioseo_notices":[],"_links":{"self":[{"href":"https:\/\/www.claret.cat\/es\/wp-json\/wp\/v2\/product\/172992","targetHints":{"allow":["GET"]}}],"collection":[{"href":"https:\/\/www.claret.cat\/es\/wp-json\/wp\/v2\/product"}],"about":[{"href":"https:\/\/www.claret.cat\/es\/wp-json\/wp\/v2\/types\/product"}],"wp:featuredmedia":[{"embeddable":true,"href":"https:\/\/www.claret.cat\/es\/wp-json\/wp\/v2\/media\/387879"}],"wp:attachment":[{"href":"https:\/\/www.claret.cat\/es\/wp-json\/wp\/v2\/media?parent=172992"}],"wp:term":[{"taxonomy":"product_brand","embeddable":true,"href":"https:\/\/www.claret.cat\/es\/wp-json\/wp\/v2\/product_brand?post=172992"},{"taxonomy":"product_cat","embeddable":true,"href":"https:\/\/www.claret.cat\/es\/wp-json\/wp\/v2\/product_cat?post=172992"},{"taxonomy":"product_tag","embeddable":true,"href":"https:\/\/www.claret.cat\/es\/wp-json\/wp\/v2\/product_tag?post=172992"}],"curies":[{"name":"wp","href":"https:\/\/api.w.org\/{rel}","templated":true}]}}