{"id":172995,"date":"2022-10-20T00:58:15","date_gmt":"2022-10-19T22:58:15","guid":{"rendered":"http:\/\/dev.claret.cat\/producte\/la-invencion-de-jesus-de-nazaret\/"},"modified":"2024-06-19T11:45:59","modified_gmt":"2024-06-19T09:45:59","slug":"la-invencion-de-jesus-de-nazaret-9788432319204","status":"publish","type":"product","link":"https:\/\/www.claret.cat\/es\/libro\/la-invencion-de-jesus-de-nazaret-9788432319204\/","title":{"rendered":"LA INVENCI\u00d3N DE JES\u00daS DE NAZARET"},"content":{"rendered":"<p>En tiempos del emperador Tiberio, un jud\u00edo que predicaba la llegada del reino de Dios fue crucificado en Jerusal\u00e9n por orden del prefecto romano Poncio Pilato. Este fue el inicio de un proceso que acabar\u00eda presentando a Jes\u00fas como un ser divino. Que esta glorificaci\u00f3n prosiga hasta hoy exige del pensamiento cr\u00edtico un exhaustivo ejercicio de examen y estudio. \u00bfCabe distinguir la realidad del relato heredado? \u00bfTienen algo en com\u00fan el Cristo de la tradici\u00f3n y el Jes\u00fas que la investigaci\u00f3n hist\u00f3rica desvela? \u00bfC\u00f3mo se explica la divinizaci\u00f3n del personaje en la cuenca mediterr\u00e1nea del siglo I? \u00bfEs posible hallar un sentido a la proliferaci\u00f3n de obras sobre el \u00abJes\u00fas hist\u00f3rico\u00bb?<br \/>Tras una extensa investigaci\u00f3n que goza de difusi\u00f3n e impacto internacionales, Fernando Bermejo Rubio responde de modo iluminador a todas estas cuestiones. En La invenci\u00f3n de Jes\u00fas de Nazaret, el historiador de las religiones hace inteligible tanto la figura de Jes\u00fas como la construcci\u00f3n cultural que subyace al Cristo de la fe.<\/p>\n","protected":false},"excerpt":{"rendered":"<p>BERMEJO RUBIO, FERNANDO<\/p>\n","protected":false},"featured_media":971178,"template":"","meta":{"_acf_changed":false,"om_disable_all_campaigns":false,"rs_blank_template":"","rs_page_bg_color":"","slide_template_v7":"","inline_featured_image":false,"_monsterinsights_skip_tracking":false,"_monsterinsights_sitenote_active":false,"_monsterinsights_sitenote_note":"","_monsterinsights_sitenote_category":0},"product_brand":[],"product_cat":[541,91,351,85],"product_tag":[],"class_list":{"0":"post-172995","1":"product","2":"type-product","3":"status-publish","4":"has-post-thumbnail","6":"product_cat-cristologia-1_espiritualidad-spa","7":"product_cat-cristologia","8":"product_cat-historia-2_humanidades","9":"product_cat-historia","11":"first","12":"outofstock","13":"taxable","14":"shipping-taxable","15":"purchasable","16":"product-type-simple"},"acf":{"autor":"BERMEJO RUBIO, FERNANDO","codart":"843231920","libros-coleccion":"Siglo XXI de Espa\u00f1a General","ediciones":"1","encuadernacion":"R\u00fastica","fecha_de_publicacion":"18\/10\/2018","novedad":"1","paginas":"800","subtitulo":"HISTORIA, FICCI\u00d3N, HISTORIOGRAF\u00cdA","orden":"0","portada":"0","idioma":"spa","editorial":[{"ID":6363,"post_author":"3","post_date":"2022-07-28 17:50:35","post_date_gmt":"2022-07-28 15:50:35","post_content":"","post_title":"SIGLO XXI, EDICIONES","post_excerpt":"","post_status":"publish","comment_status":"closed","ping_status":"closed","post_password":"","post_name":"siglo-xxi-ediciones","to_ping":"","pinged":"","post_modified":"2022-07-28 17:50:35","post_modified_gmt":"2022-07-28 15:50:35","post_content_filtered":"","post_parent":0,"guid":"http:\/\/dev.claret.cat\/editorial\/siglo-xxi-ediciones\/","menu_order":0,"post_type":"editorial","post_mime_type":"","comment_count":"0","filter":"raw"}],"autores-libros":[{"ID":292917,"post_author":"3","post_date":"2022-12-11 02:15:15","post_date_gmt":"2022-12-11 01:15:15","post_content":"","post_title":"FERNANDO BERMEJO RUBIO","post_excerpt":"","post_status":"publish","comment_status":"closed","ping_status":"closed","post_password":"","post_name":"fernando-bermejo-rubio","to_ping":"","pinged":"","post_modified":"2022-12-11 02:15:15","post_modified_gmt":"2022-12-11 01:15:15","post_content_filtered":"","post_parent":0,"guid":"http:\/\/dev.claret.cat\/autor\/fernando-bermejo-rubio\/","menu_order":0,"post_type":"autor","post_mime_type":"","comment_count":"0","filter":"raw"}]},"aioseo_notices":[],"_links":{"self":[{"href":"https:\/\/www.claret.cat\/es\/wp-json\/wp\/v2\/product\/172995","targetHints":{"allow":["GET"]}}],"collection":[{"href":"https:\/\/www.claret.cat\/es\/wp-json\/wp\/v2\/product"}],"about":[{"href":"https:\/\/www.claret.cat\/es\/wp-json\/wp\/v2\/types\/product"}],"wp:featuredmedia":[{"embeddable":true,"href":"https:\/\/www.claret.cat\/es\/wp-json\/wp\/v2\/media\/971178"}],"wp:attachment":[{"href":"https:\/\/www.claret.cat\/es\/wp-json\/wp\/v2\/media?parent=172995"}],"wp:term":[{"taxonomy":"product_brand","embeddable":true,"href":"https:\/\/www.claret.cat\/es\/wp-json\/wp\/v2\/product_brand?post=172995"},{"taxonomy":"product_cat","embeddable":true,"href":"https:\/\/www.claret.cat\/es\/wp-json\/wp\/v2\/product_cat?post=172995"},{"taxonomy":"product_tag","embeddable":true,"href":"https:\/\/www.claret.cat\/es\/wp-json\/wp\/v2\/product_tag?post=172995"}],"curies":[{"name":"wp","href":"https:\/\/api.w.org\/{rel}","templated":true}]}}