{"id":173025,"date":"2022-10-20T00:58:49","date_gmt":"2022-10-19T22:58:49","guid":{"rendered":"http:\/\/dev.claret.cat\/producte\/el-arte-de-recomenzar\/"},"modified":"2026-03-12T18:55:11","modified_gmt":"2026-03-12T17:55:11","slug":"el-arte-de-recomenzar-9788432150357","status":"publish","type":"product","link":"https:\/\/www.claret.cat\/es\/libro\/el-arte-de-recomenzar-9788432150357\/","title":{"rendered":"EL ARTE DE RECOMENZAR"},"content":{"rendered":"<p>La vida es una serie interminable de inicios. Volver a empezar, en ocasiones, parece dif\u00edcil. Adem\u00e1s, tras un fracaso o una dura prueba, se puede llegar a pensar que recomenzar es ya imposible. Este libro demuestra exactamente lo contrario: recomenzar es posible, siempre. Es cierto que no es f\u00e1cil, pues se trata de un arte que exige humildad y unos pies que caminen en la realidad. Rosini introduce al lector en este arte, y lo hace con un recorrido existencial y espiritual de regeneraci\u00f3n y discernimiento, siguiendo los seis d\u00edas del relato de la creaci\u00f3n. Se conjuga as\u00ed la Palabra de Dios con nuestra propia vida, que a menudo necesita una nueva creaci\u00f3n que reconstruya la propia existencia.<\/p>\n","protected":false},"excerpt":{"rendered":"<p>ROSINI, FABIO<\/p>\n","protected":false},"featured_media":1086954,"template":"","meta":{"_acf_changed":false,"om_disable_all_campaigns":false,"rs_blank_template":"","rs_page_bg_color":"","slide_template_v7":"","inline_featured_image":false,"_monsterinsights_skip_tracking":false,"_monsterinsights_sitenote_active":false,"_monsterinsights_sitenote_note":"","_monsterinsights_sitenote_category":0},"product_brand":[],"product_cat":[345,79],"product_tag":[],"class_list":{"0":"post-173025","1":"product","2":"type-product","3":"status-publish","4":"has-post-thumbnail","6":"product_cat-espiritualidad","7":"product_cat-espiritualitat","9":"first","10":"instock","11":"taxable","12":"shipping-taxable","13":"purchasable","14":"product-type-simple"},"acf":{"autor":"ROSINI, FABIO","codart":"843215035","libros-coleccion":"PATMOS","ediciones":"1","encuadernacion":"R\u00fastica","fecha_de_publicacion":"16\/10\/2018","novedad":"0","paginas":"276","subtitulo":"LOS SEIS D\u00cdAS DE LA CREACI\u00d3N Y EL INICIO DEL DISCERNIMIENTO","orden":"0","portada":"0","idioma":"spa","editorial":[{"ID":6348,"post_author":"3","post_date":"2022-07-28 17:50:16","post_date_gmt":"2022-07-28 15:50:16","post_content":"","post_title":"Rialp","post_excerpt":"","post_status":"publish","comment_status":"closed","ping_status":"closed","post_password":"","post_name":"rialp","to_ping":"","pinged":"","post_modified":"2022-07-28 17:50:16","post_modified_gmt":"2022-07-28 15:50:16","post_content_filtered":"","post_parent":0,"guid":"http:\/\/dev.claret.cat\/editorial\/rialp\/","menu_order":0,"post_type":"editorial","post_mime_type":"","comment_count":"0","filter":"raw"}],"autores-libros":[{"ID":155612,"post_author":"3","post_date":"2022-10-14 15:14:13","post_date_gmt":"2022-10-14 13:14:13","post_content":"","post_title":"FABIO ROSINI","post_excerpt":"","post_status":"publish","comment_status":"closed","ping_status":"closed","post_password":"","post_name":"fabio-rosini","to_ping":"","pinged":"","post_modified":"2022-10-14 15:14:13","post_modified_gmt":"2022-10-14 13:14:13","post_content_filtered":"","post_parent":0,"guid":"http:\/\/dev.claret.cat\/autor\/fabio-rosini\/","menu_order":0,"post_type":"autor","post_mime_type":"","comment_count":"0","filter":"raw"}],"booktrailer":"","resenas":""},"aioseo_notices":[],"_links":{"self":[{"href":"https:\/\/www.claret.cat\/es\/wp-json\/wp\/v2\/product\/173025","targetHints":{"allow":["GET"]}}],"collection":[{"href":"https:\/\/www.claret.cat\/es\/wp-json\/wp\/v2\/product"}],"about":[{"href":"https:\/\/www.claret.cat\/es\/wp-json\/wp\/v2\/types\/product"}],"wp:featuredmedia":[{"embeddable":true,"href":"https:\/\/www.claret.cat\/es\/wp-json\/wp\/v2\/media\/1086954"}],"wp:attachment":[{"href":"https:\/\/www.claret.cat\/es\/wp-json\/wp\/v2\/media?parent=173025"}],"wp:term":[{"taxonomy":"product_brand","embeddable":true,"href":"https:\/\/www.claret.cat\/es\/wp-json\/wp\/v2\/product_brand?post=173025"},{"taxonomy":"product_cat","embeddable":true,"href":"https:\/\/www.claret.cat\/es\/wp-json\/wp\/v2\/product_cat?post=173025"},{"taxonomy":"product_tag","embeddable":true,"href":"https:\/\/www.claret.cat\/es\/wp-json\/wp\/v2\/product_tag?post=173025"}],"curies":[{"name":"wp","href":"https:\/\/api.w.org\/{rel}","templated":true}]}}