{"id":173139,"date":"2022-10-20T01:01:00","date_gmt":"2022-10-19T23:01:00","guid":{"rendered":"http:\/\/dev.claret.cat\/producte\/101-preguntas-y-respuestas-sobre-la-biblia\/"},"modified":"2024-05-24T06:30:46","modified_gmt":"2024-05-24T04:30:46","slug":"101-preguntas-y-respuestas-sobre-la-biblia-9788430120109","status":"publish","type":"product","link":"https:\/\/www.claret.cat\/es\/libro\/101-preguntas-y-respuestas-sobre-la-biblia-9788430120109\/","title":{"rendered":"101 PREGUNTAS Y RESPUESTAS SOBRE LA BIBLIA"},"content":{"rendered":"<p>Los grandes sabios han invitado a buscar aquello que creyeron primordial para una vida en plenitud: buscar la verdad, amar al pr\u00f3jimo, cultivar la sabidur\u00eda, descubrir el sentido de la historia, buscar a Dios. Cumplir con esta labor ha ocupado en todo momento a la teolog\u00eda cristiana, desde los padres de la Iglesia hasta los grandes te\u00f3logos del siglo pasado.<br \/>Esta obra es una invitaci\u00f3n a conocer desde dentro el cristianismo, cuyo origen est\u00e1 en el hecho hist\u00f3rico de Jesucristo y cuya propuesta es una particular forma de vida y de verdad.<br \/>La experiencia de millones de hombres y mujeres que a lo largo de siglos han pensado y vivido el cristianismo testimonia que se trata de una realidad intelectualmente pensable y habitable, que su pr\u00e1ctica es amable y realizable, y que contin\u00faa siendo un trayecto abierto y transitable para buscar al Dios de Jes\u00fas.<br \/>Invitar al cristianismo es, definitivamente, invitar a pensar y a obrar bien ante Dios, a pensar y obrar bien con el hombre.<br \/>Olegario Gonz\u00e1lez de Cardedal ha dedicado su vida a la ense\u00f1anza de la teolog\u00eda como profesor en la Universidad Pontificia de Salamanca. Sus libros y art\u00edculos son un referente del mejor pensamiento cristiano para la sociedad contempor\u00e1nea.<\/p>\n","protected":false},"excerpt":{"rendered":"<p>BROWN, RAYMOND E.<\/p>\n","protected":false},"featured_media":342218,"template":"","meta":{"_acf_changed":false,"om_disable_all_campaigns":false,"rs_blank_template":"","rs_page_bg_color":"","slide_template_v7":"","inline_featured_image":false,"_monsterinsights_skip_tracking":false,"_monsterinsights_sitenote_active":false,"_monsterinsights_sitenote_note":"","_monsterinsights_sitenote_category":0},"product_brand":[],"product_cat":[75,341,541,91],"product_tag":[],"class_list":{"0":"post-173139","1":"product","2":"type-product","3":"status-publish","4":"has-post-thumbnail","6":"product_cat-biblia","7":"product_cat-biblia-es","8":"product_cat-cristologia-1_espiritualidad-spa","9":"product_cat-cristologia","11":"first","12":"instock","13":"taxable","14":"shipping-taxable","15":"purchasable","16":"product-type-simple"},"acf":{"autor":"BROWN, RAYMOND E.","codart":"843012010","libros-coleccion":"Verdad e Imagen","ediciones":"5","encuadernacion":"R\u00fastica","fecha_de_publicacion":"11\/10\/2018","novedad":"1","paginas":"160","subtitulo":"","orden":"0","portada":"0","idioma":"spa","editorial":[{"ID":6364,"post_author":"3","post_date":"2022-07-28 17:50:36","post_date_gmt":"2022-07-28 15:50:36","post_content":"","post_title":"S\u00edgueme","post_excerpt":"","post_status":"publish","comment_status":"closed","ping_status":"closed","post_password":"","post_name":"sigueme","to_ping":"","pinged":"","post_modified":"2022-07-28 17:50:36","post_modified_gmt":"2022-07-28 15:50:36","post_content_filtered":"","post_parent":0,"guid":"http:\/\/dev.claret.cat\/editorial\/sigueme\/","menu_order":0,"post_type":"editorial","post_mime_type":"","comment_count":"0","filter":"raw"}],"autores-libros":[{"ID":288569,"post_author":"3","post_date":"2022-12-10 08:10:50","post_date_gmt":"2022-12-10 07:10:50","post_content":"","post_title":"OLEGARIO GONZ\u00c1LEZ DE CARDEDAL","post_excerpt":"","post_status":"publish","comment_status":"closed","ping_status":"closed","post_password":"","post_name":"olegario-gonzalez-de-cardedal","to_ping":"","pinged":"","post_modified":"2022-12-10 08:10:50","post_modified_gmt":"2022-12-10 07:10:50","post_content_filtered":"","post_parent":0,"guid":"http:\/\/dev.claret.cat\/autor\/olegario-gonzalez-de-cardedal\/","menu_order":0,"post_type":"autor","post_mime_type":"","comment_count":"0","filter":"raw"}]},"aioseo_notices":[],"_links":{"self":[{"href":"https:\/\/www.claret.cat\/es\/wp-json\/wp\/v2\/product\/173139","targetHints":{"allow":["GET"]}}],"collection":[{"href":"https:\/\/www.claret.cat\/es\/wp-json\/wp\/v2\/product"}],"about":[{"href":"https:\/\/www.claret.cat\/es\/wp-json\/wp\/v2\/types\/product"}],"wp:featuredmedia":[{"embeddable":true,"href":"https:\/\/www.claret.cat\/es\/wp-json\/wp\/v2\/media\/342218"}],"wp:attachment":[{"href":"https:\/\/www.claret.cat\/es\/wp-json\/wp\/v2\/media?parent=173139"}],"wp:term":[{"taxonomy":"product_brand","embeddable":true,"href":"https:\/\/www.claret.cat\/es\/wp-json\/wp\/v2\/product_brand?post=173139"},{"taxonomy":"product_cat","embeddable":true,"href":"https:\/\/www.claret.cat\/es\/wp-json\/wp\/v2\/product_cat?post=173139"},{"taxonomy":"product_tag","embeddable":true,"href":"https:\/\/www.claret.cat\/es\/wp-json\/wp\/v2\/product_tag?post=173139"}],"curies":[{"name":"wp","href":"https:\/\/api.w.org\/{rel}","templated":true}]}}