{"id":173154,"date":"2022-10-20T01:01:18","date_gmt":"2022-10-19T23:01:18","guid":{"rendered":"http:\/\/dev.claret.cat\/producte\/diez-cosas-que-el-papa-francisco-propone-a-los-catequistas\/"},"modified":"2026-02-25T17:36:09","modified_gmt":"2026-02-25T16:36:09","slug":"diez-cosas-que-el-papa-francisco-propone-a-los-catequistas-9788479666279","status":"publish","type":"product","link":"https:\/\/www.claret.cat\/es\/libro\/diez-cosas-que-el-papa-francisco-propone-a-los-catequistas-9788479666279\/","title":{"rendered":"DIEZ COSAS QUE EL PAPA FRANCISCO PROPONE A LOS CATEQUISTAS"},"content":{"rendered":"<p>\u00abAun cuando la tarea parece dif\u00edcil, los recursos resultan insuficientes y los grandes obst\u00e1culos demasiado grandes, les har\u00e1 bien recordar que el suyo es un trabajo santo (\u2026). El Esp\u00edritu Santo est\u00e1 presente all\u00ed donde se proclama el nombre de Cristo. \u00c9l est\u00e1 en medio de nosotros cada vez que en la oraci\u00f3n elevamos el coraz\u00f3n y la mente a Dios. \u00c9l les dar\u00e1 la luz y la fuerza que necesitan \u00bb.<br \/>Papa Francisco<\/p>\n","protected":false},"excerpt":{"rendered":"<p>P\u00c9REZ NAVARRO, JOS\u00c9 MAR\u00cdA<\/p>\n","protected":false},"featured_media":353243,"template":"","meta":{"_acf_changed":false,"om_disable_all_campaigns":false,"rs_blank_template":"","rs_page_bg_color":"","slide_template_v7":"","inline_featured_image":false,"_monsterinsights_skip_tracking":false,"_monsterinsights_sitenote_active":false,"_monsterinsights_sitenote_note":"","_monsterinsights_sitenote_category":0},"product_brand":[],"product_cat":[77,343,543,93,345,79,344,78],"product_tag":[],"class_list":{"0":"post-173154","1":"product","2":"type-product","3":"status-publish","4":"has-post-thumbnail","6":"product_cat-catequesi","7":"product_cat-catequesis","8":"product_cat-eclesiologia-es","9":"product_cat-eclesiologia","10":"product_cat-espiritualidad","11":"product_cat-espiritualitat","12":"product_cat-pastoral-1_espiritualidad","13":"product_cat-pastoral","15":"first","16":"instock","17":"taxable","18":"shipping-taxable","19":"purchasable","20":"product-type-simple"},"acf":{"autor":"P\u00c9REZ NAVARRO, JOS\u00c9 MAR\u00cdA","codart":"847966627","libros-coleccion":"","ediciones":"1","encuadernacion":"R\u00fastica","fecha_de_publicacion":"10\/10\/2018","novedad":"1","paginas":"72","subtitulo":"","orden":"0","portada":"0","idioma":"spa","editorial":[{"ID":6337,"post_author":"3","post_date":"2022-07-28 17:50:01","post_date_gmt":"2022-07-28 15:50:01","post_content":"","post_title":"Publicaciones Claretianas","post_excerpt":"","post_status":"publish","comment_status":"closed","ping_status":"closed","post_password":"","post_name":"publicaciones-claretianas","to_ping":"","pinged":"","post_modified":"2022-07-28 17:50:01","post_modified_gmt":"2022-07-28 15:50:01","post_content_filtered":"","post_parent":0,"guid":"http:\/\/dev.claret.cat\/editorial\/publicaciones-claretianas\/","menu_order":0,"post_type":"editorial","post_mime_type":"","comment_count":"0","filter":"raw"}],"autores-libros":[{"ID":160483,"post_author":"3","post_date":"2022-10-14 15:53:26","post_date_gmt":"2022-10-14 13:53:26","post_content":"","post_title":"JOS\u00c9 MAR\u00cdA P\u00c9REZ NAVARRO","post_excerpt":"","post_status":"publish","comment_status":"closed","ping_status":"closed","post_password":"","post_name":"jose-maria-perez-navarro","to_ping":"","pinged":"","post_modified":"2022-10-14 15:53:26","post_modified_gmt":"2022-10-14 13:53:26","post_content_filtered":"","post_parent":0,"guid":"http:\/\/dev.claret.cat\/autor\/jose-maria-perez-navarro\/","menu_order":0,"post_type":"autor","post_mime_type":"","comment_count":"0","filter":"raw"}],"booktrailer":"","resenas":""},"aioseo_notices":[],"_links":{"self":[{"href":"https:\/\/www.claret.cat\/es\/wp-json\/wp\/v2\/product\/173154","targetHints":{"allow":["GET"]}}],"collection":[{"href":"https:\/\/www.claret.cat\/es\/wp-json\/wp\/v2\/product"}],"about":[{"href":"https:\/\/www.claret.cat\/es\/wp-json\/wp\/v2\/types\/product"}],"wp:featuredmedia":[{"embeddable":true,"href":"https:\/\/www.claret.cat\/es\/wp-json\/wp\/v2\/media\/353243"}],"wp:attachment":[{"href":"https:\/\/www.claret.cat\/es\/wp-json\/wp\/v2\/media?parent=173154"}],"wp:term":[{"taxonomy":"product_brand","embeddable":true,"href":"https:\/\/www.claret.cat\/es\/wp-json\/wp\/v2\/product_brand?post=173154"},{"taxonomy":"product_cat","embeddable":true,"href":"https:\/\/www.claret.cat\/es\/wp-json\/wp\/v2\/product_cat?post=173154"},{"taxonomy":"product_tag","embeddable":true,"href":"https:\/\/www.claret.cat\/es\/wp-json\/wp\/v2\/product_tag?post=173154"}],"curies":[{"name":"wp","href":"https:\/\/api.w.org\/{rel}","templated":true}]}}