{"id":17319,"date":"2022-10-01T23:28:41","date_gmt":"2022-10-01T21:28:41","guid":{"rendered":"http:\/\/dev.claret.cat\/producte\/acompanando-a-simone-de-beauvoir\/"},"modified":"2023-01-28T02:15:45","modified_gmt":"2023-01-28T01:15:45","slug":"acompanando-a-simone-de-beauvoir-9788417971403","status":"publish","type":"product","link":"https:\/\/www.claret.cat\/es\/libro\/acompanando-a-simone-de-beauvoir-9788417971403\/","title":{"rendered":"ACOMPA\u00d1ANDO A SIMONE DE BEAUVOIR"},"content":{"rendered":"<p>No se nace mujer, se llega a serlo&#8221;: esta afirmaci\u00f3n surge como una flecha de El segundo sexo, obra maestra de Simone de Beauvoir, que provoc\u00f3 un verdadero choque cultural en 1949. M\u00e1s all\u00e1 de la &#8221;fabricaci\u00f3n&#8221; de la mujer, hoy vivimos la toma de conciencia de la forja de los seres humanos, de las identidades aceptadas o impuestas, del rol, en definitiva, apremiante del entorno y de la educaci\u00f3n sobre el individuo. Fundadora del pensamiento feminista moderno, fil\u00f3sofa, escritora, ensayista, militante comprometida, libre e independiente, ha marcado como nadie su tiempo e influye decisivamente sobre el nuestro. Sami Na\u00efr, su colaborador y amigo, ofrece, en este libro, un testimonio evocador sobre ella, llamada por Jean-Paul Sartre &#8221;el Castor&#8221;. De entre estas p\u00e1ginas surge su vida, desde la d\u00e9cada de 1930 hasta su desaparici\u00f3n, en 1986. Na\u00efr cuenta con agudeza y emoci\u00f3n los compromisos y batallas de esa \u00e9poca, que permiten entender las apuestas actuales del movimiento de emancipaci\u00f3n femenino,  y de los desaf\u00edos por afrontar la verdadera igualdad, que la mujer precisa todav\u00eda conquistar dentro de la sociedad masculina.<\/p>\n","protected":false},"excerpt":{"rendered":"<p>NA\u00cfR, SAMI<\/p>\n","protected":false},"featured_media":67256,"template":"","meta":{"_acf_changed":false,"om_disable_all_campaigns":false,"rs_blank_template":"","rs_page_bg_color":"","slide_template_v7":"","inline_featured_image":false,"_monsterinsights_skip_tracking":false,"_monsterinsights_sitenote_active":false,"_monsterinsights_sitenote_note":"","_monsterinsights_sitenote_category":0},"product_brand":[],"product_cat":[159],"product_tag":[],"class_list":{"0":"post-17319","1":"product","2":"type-product","3":"status-publish","4":"has-post-thumbnail","6":"product_cat-autors","8":"first","9":"instock","10":"taxable","11":"shipping-taxable","12":"purchasable","13":"product-type-simple"},"acf":{"autor":"NA\u00cfR, SAMI","codart":"841797140","libros-coleccion":"Ensayo","ediciones":"1","encuadernacion":"Carton\u00e9","fecha_de_publicacion":"01\/11\/2019","novedad":"1","paginas":"0","subtitulo":"MUJERES, HOMBRES, IGUALDAD","orden":"0","portada":"0","idioma":"spa","editorial":[{"ID":6260,"post_author":"3","post_date":"2022-07-28 17:48:23","post_date_gmt":"2022-07-28 15:48:23","post_content":"","post_title":"Galaxia Gutenberg","post_excerpt":"","post_status":"publish","comment_status":"closed","ping_status":"closed","post_password":"","post_name":"galaxia-gutenberg","to_ping":"","pinged":"","post_modified":"2022-07-28 17:48:23","post_modified_gmt":"2022-07-28 15:48:23","post_content_filtered":"","post_parent":0,"guid":"http:\/\/dev.claret.cat\/editorial\/galaxia-gutenberg\/","menu_order":0,"post_type":"editorial","post_mime_type":"","comment_count":"0","filter":"raw"}],"autores-libros":[{"ID":168897,"post_author":"3","post_date":"2022-10-14 22:22:49","post_date_gmt":"2022-10-14 20:22:49","post_content":"","post_title":"SAMI NAIR","post_excerpt":"","post_status":"publish","comment_status":"closed","ping_status":"closed","post_password":"","post_name":"sami-nair","to_ping":"","pinged":"","post_modified":"2022-10-14 22:22:49","post_modified_gmt":"2022-10-14 20:22:49","post_content_filtered":"","post_parent":0,"guid":"http:\/\/dev.claret.cat\/autor\/sami-nair\/","menu_order":0,"post_type":"autor","post_mime_type":"","comment_count":"0","filter":"raw"}]},"aioseo_notices":[],"_links":{"self":[{"href":"https:\/\/www.claret.cat\/es\/wp-json\/wp\/v2\/product\/17319","targetHints":{"allow":["GET"]}}],"collection":[{"href":"https:\/\/www.claret.cat\/es\/wp-json\/wp\/v2\/product"}],"about":[{"href":"https:\/\/www.claret.cat\/es\/wp-json\/wp\/v2\/types\/product"}],"wp:featuredmedia":[{"embeddable":true,"href":"https:\/\/www.claret.cat\/es\/wp-json\/wp\/v2\/media\/67256"}],"wp:attachment":[{"href":"https:\/\/www.claret.cat\/es\/wp-json\/wp\/v2\/media?parent=17319"}],"wp:term":[{"taxonomy":"product_brand","embeddable":true,"href":"https:\/\/www.claret.cat\/es\/wp-json\/wp\/v2\/product_brand?post=17319"},{"taxonomy":"product_cat","embeddable":true,"href":"https:\/\/www.claret.cat\/es\/wp-json\/wp\/v2\/product_cat?post=17319"},{"taxonomy":"product_tag","embeddable":true,"href":"https:\/\/www.claret.cat\/es\/wp-json\/wp\/v2\/product_tag?post=17319"}],"curies":[{"name":"wp","href":"https:\/\/api.w.org\/{rel}","templated":true}]}}