{"id":173277,"date":"2022-10-20T01:03:36","date_gmt":"2022-10-19T23:03:36","guid":{"rendered":"http:\/\/dev.claret.cat\/producte\/iconografia-de-santa-teresa-iii\/"},"modified":"2024-05-23T08:40:49","modified_gmt":"2024-05-23T06:40:49","slug":"iconografia-de-santa-teresa-iii-9788483539149","status":"publish","type":"product","link":"https:\/\/www.claret.cat\/es\/libro\/iconografia-de-santa-teresa-iii-9788483539149\/","title":{"rendered":"ICONOGRAF\u00cdA DE SANTA TERESA &#8211; III"},"content":{"rendered":"<p>El tercer volumen de la serie de Iconograf\u00eda teresiana est\u00e1 dedicado a los m\u00e1s importantes y difundidos temas, De las visiones a la vida cotidiana, comenzando por la humanidad de Cristo, a la que se dedica un cap\u00edtulo tras analizar el valor de las im\u00e1genes art\u00edsticas y visionadas para santa Teresa. Cap\u00edtulo independiente se dedica a la vera effigies, uno de los temas m\u00e1s propagados de iconograf\u00eda teresiana a partir del retrato que le hizo fray Juan de la Miseria en Sevilla y su vinculaci\u00f3n con otros significativos tipos iconogr\u00e1ficos, especialmente los que muestran su magisterio y su actividad escritora. Finalmente, se abordan las tareas dom\u00e9sticas, que surgen con la finalidad de simbolizar emblem\u00e1ticamente el valor de la cotidianidad para la descalcez carmelitana.<\/p>\n","protected":false},"excerpt":{"rendered":"<p>MORENO CUADRO, FERNANDO<\/p>\n","protected":false},"featured_media":357872,"template":"","meta":{"_acf_changed":false,"om_disable_all_campaigns":false,"rs_blank_template":"","rs_page_bg_color":"","slide_template_v7":"","inline_featured_image":false,"_monsterinsights_skip_tracking":false,"_monsterinsights_sitenote_active":false,"_monsterinsights_sitenote_note":"","_monsterinsights_sitenote_category":0},"product_brand":[],"product_cat":[110,560,543,93,545,95],"product_tag":[],"class_list":{"0":"post-173277","1":"product","2":"type-product","3":"status-publish","4":"has-post-thumbnail","6":"product_cat-art","7":"product_cat-arte","8":"product_cat-eclesiologia-es","9":"product_cat-eclesiologia","10":"product_cat-santoral-1_espiritualidad-spa","11":"product_cat-santoral","13":"first","14":"instock","15":"taxable","16":"shipping-taxable","17":"purchasable","18":"product-type-simple"},"acf":{"autor":"MORENO CUADRO, FERNANDO","codart":"848353914","libros-coleccion":"","ediciones":"1","encuadernacion":"R\u00fastica","fecha_de_publicacion":"04\/10\/2018","novedad":"1","paginas":"464","subtitulo":"DE LAS VISIONES A LA VIDA COTIDIANA","orden":"0","portada":"0","idioma":"spa","editorial":[{"ID":6309,"post_author":"3","post_date":"2022-07-28 17:49:25","post_date_gmt":"2022-07-28 15:49:25","post_content":"","post_title":"Monte Carmelo","post_excerpt":"","post_status":"publish","comment_status":"closed","ping_status":"closed","post_password":"","post_name":"monte-carmelo","to_ping":"","pinged":"","post_modified":"2022-07-28 17:49:25","post_modified_gmt":"2022-07-28 15:49:25","post_content_filtered":"","post_parent":0,"guid":"http:\/\/dev.claret.cat\/editorial\/monte-carmelo\/","menu_order":0,"post_type":"editorial","post_mime_type":"","comment_count":"0","filter":"raw"}],"autores-libros":[{"ID":155847,"post_author":"3","post_date":"2022-10-14 15:16:06","post_date_gmt":"2022-10-14 13:16:06","post_content":"","post_title":"FERNANDO MORENO CUADRO","post_excerpt":"","post_status":"publish","comment_status":"closed","ping_status":"closed","post_password":"","post_name":"fernando-moreno-cuadro","to_ping":"","pinged":"","post_modified":"2022-10-14 15:16:06","post_modified_gmt":"2022-10-14 13:16:06","post_content_filtered":"","post_parent":0,"guid":"http:\/\/dev.claret.cat\/autor\/fernando-moreno-cuadro\/","menu_order":0,"post_type":"autor","post_mime_type":"","comment_count":"0","filter":"raw"}]},"aioseo_notices":[],"_links":{"self":[{"href":"https:\/\/www.claret.cat\/es\/wp-json\/wp\/v2\/product\/173277","targetHints":{"allow":["GET"]}}],"collection":[{"href":"https:\/\/www.claret.cat\/es\/wp-json\/wp\/v2\/product"}],"about":[{"href":"https:\/\/www.claret.cat\/es\/wp-json\/wp\/v2\/types\/product"}],"wp:featuredmedia":[{"embeddable":true,"href":"https:\/\/www.claret.cat\/es\/wp-json\/wp\/v2\/media\/357872"}],"wp:attachment":[{"href":"https:\/\/www.claret.cat\/es\/wp-json\/wp\/v2\/media?parent=173277"}],"wp:term":[{"taxonomy":"product_brand","embeddable":true,"href":"https:\/\/www.claret.cat\/es\/wp-json\/wp\/v2\/product_brand?post=173277"},{"taxonomy":"product_cat","embeddable":true,"href":"https:\/\/www.claret.cat\/es\/wp-json\/wp\/v2\/product_cat?post=173277"},{"taxonomy":"product_tag","embeddable":true,"href":"https:\/\/www.claret.cat\/es\/wp-json\/wp\/v2\/product_tag?post=173277"}],"curies":[{"name":"wp","href":"https:\/\/api.w.org\/{rel}","templated":true}]}}