{"id":173280,"date":"2022-10-20T01:03:40","date_gmt":"2022-10-19T23:03:40","guid":{"rendered":"http:\/\/dev.claret.cat\/producte\/las-rutas-de-jesus-de-nazaret-2\/"},"modified":"2024-05-23T08:41:01","modified_gmt":"2024-05-23T06:41:01","slug":"las-rutas-de-jesus-de-nazaret-9788483539156","status":"publish","type":"product","link":"https:\/\/www.claret.cat\/es\/libro\/las-rutas-de-jesus-de-nazaret-9788483539156\/","title":{"rendered":"LAS RUTAS DE JES\u00daS DE NAZARET"},"content":{"rendered":"<p>Jes\u00fas aparece en este libro como hijo de su tierra, modelado f\u00edsica, ps\u00edquica y espiritualmente por ella; la tierra que le vio nacer y tambi\u00e9n morir. Jes\u00fas camina por sus colinas y valles, sus monta\u00f1as y torrentes, a la vera de sus r\u00edos y lagos, come de sus frutos, respira su aire, reza a su Padre en el silencio de sus noches y es celoso de conservar la santidad de la casa de su Padre en Jerusal\u00e9n. La tierra, testigo elocuente de la fidelidad del Dios de Israel a su pueblo, impregna a Jes\u00fas con su inspiraci\u00f3n divina. Somos conscientes de que la realidad de la persona de Jes\u00fas nos sobrepasa y no admite ser mostrada en profundidad por criterios puramente racionales, pero merece la pena profundizar tambi\u00e9n en estos \u00faltimos.No cabe duda de que lo peculiar de este libro son las muchas rutas, marchas que el autor ha realizado siguiendo la huella de Jes\u00fas y tratando de discernirla haciendo el camino.<\/p>\n","protected":false},"excerpt":{"rendered":"<p>NEGRAL RAMOS, FRANCISCO; ocd<\/p>\n","protected":false},"featured_media":357874,"template":"","meta":{"_acf_changed":false,"om_disable_all_campaigns":false,"rs_blank_template":"","rs_page_bg_color":"","slide_template_v7":"","inline_featured_image":false,"_monsterinsights_skip_tracking":false,"_monsterinsights_sitenote_active":false,"_monsterinsights_sitenote_note":"","_monsterinsights_sitenote_category":0},"product_brand":[],"product_cat":[341,75,541,91],"product_tag":[],"class_list":{"0":"post-173280","1":"product","2":"type-product","3":"status-publish","4":"has-post-thumbnail","6":"product_cat-biblia-es","7":"product_cat-biblia","8":"product_cat-cristologia-1_espiritualidad-spa","9":"product_cat-cristologia","11":"first","12":"outofstock","13":"taxable","14":"shipping-taxable","15":"purchasable","16":"product-type-simple"},"acf":{"autor":"NEGRAL RAMOS, FRANCISCO; ocd","codart":"848353915","libros-coleccion":"","ediciones":"1","encuadernacion":"R\u00fastica","fecha_de_publicacion":"04\/10\/2018","novedad":"1","paginas":"416","subtitulo":"SU DIOS. SU PUEBLO. SU TIERRA","orden":"0","portada":"0","idioma":"spa","editorial":[{"ID":6309,"post_author":"3","post_date":"2022-07-28 17:49:25","post_date_gmt":"2022-07-28 15:49:25","post_content":"","post_title":"Monte Carmelo","post_excerpt":"","post_status":"publish","comment_status":"closed","ping_status":"closed","post_password":"","post_name":"monte-carmelo","to_ping":"","pinged":"","post_modified":"2022-07-28 17:49:25","post_modified_gmt":"2022-07-28 15:49:25","post_content_filtered":"","post_parent":0,"guid":"http:\/\/dev.claret.cat\/editorial\/monte-carmelo\/","menu_order":0,"post_type":"editorial","post_mime_type":"","comment_count":"0","filter":"raw"}],"autores-libros":[{"ID":166086,"post_author":"3","post_date":"2022-10-14 18:00:19","post_date_gmt":"2022-10-14 16:00:19","post_content":"","post_title":"OCD","post_excerpt":"","post_status":"publish","comment_status":"closed","ping_status":"closed","post_password":"","post_name":"ocd","to_ping":"","pinged":"","post_modified":"2022-10-14 18:00:19","post_modified_gmt":"2022-10-14 16:00:19","post_content_filtered":"","post_parent":0,"guid":"http:\/\/dev.claret.cat\/autor\/ocd\/","menu_order":0,"post_type":"autor","post_mime_type":"","comment_count":"0","filter":"raw"},{"ID":156289,"post_author":"3","post_date":"2022-10-14 15:19:37","post_date_gmt":"2022-10-14 13:19:37","post_content":"","post_title":"FRANCISCO NEGRAL RAMOS","post_excerpt":"","post_status":"publish","comment_status":"closed","ping_status":"closed","post_password":"","post_name":"francisco-negral-ramos","to_ping":"","pinged":"","post_modified":"2022-10-14 15:19:37","post_modified_gmt":"2022-10-14 13:19:37","post_content_filtered":"","post_parent":0,"guid":"http:\/\/dev.claret.cat\/autor\/francisco-negral-ramos\/","menu_order":0,"post_type":"autor","post_mime_type":"","comment_count":"0","filter":"raw"}]},"aioseo_notices":[],"_links":{"self":[{"href":"https:\/\/www.claret.cat\/es\/wp-json\/wp\/v2\/product\/173280","targetHints":{"allow":["GET"]}}],"collection":[{"href":"https:\/\/www.claret.cat\/es\/wp-json\/wp\/v2\/product"}],"about":[{"href":"https:\/\/www.claret.cat\/es\/wp-json\/wp\/v2\/types\/product"}],"wp:featuredmedia":[{"embeddable":true,"href":"https:\/\/www.claret.cat\/es\/wp-json\/wp\/v2\/media\/357874"}],"wp:attachment":[{"href":"https:\/\/www.claret.cat\/es\/wp-json\/wp\/v2\/media?parent=173280"}],"wp:term":[{"taxonomy":"product_brand","embeddable":true,"href":"https:\/\/www.claret.cat\/es\/wp-json\/wp\/v2\/product_brand?post=173280"},{"taxonomy":"product_cat","embeddable":true,"href":"https:\/\/www.claret.cat\/es\/wp-json\/wp\/v2\/product_cat?post=173280"},{"taxonomy":"product_tag","embeddable":true,"href":"https:\/\/www.claret.cat\/es\/wp-json\/wp\/v2\/product_tag?post=173280"}],"curies":[{"name":"wp","href":"https:\/\/api.w.org\/{rel}","templated":true}]}}