{"id":173565,"date":"2022-10-20T01:08:50","date_gmt":"2022-10-19T23:08:50","guid":{"rendered":"http:\/\/dev.claret.cat\/producte\/cuaderno-de-viaje-de-la-tierra-media\/"},"modified":"2026-04-07T11:28:15","modified_gmt":"2026-04-07T09:28:15","slug":"cuaderno-de-viaje-de-la-tierra-media-9788445005576","status":"publish","type":"product","link":"https:\/\/www.claret.cat\/es\/libro\/cuaderno-de-viaje-de-la-tierra-media-9788445005576\/","title":{"rendered":"CUADERNO DE VIAJE DE LA TIERRA MEDIA"},"content":{"rendered":"<p>Cuaderno de viaje de la Tierra Media ofrece un paseo por la Tierra Media de Tolkien, visitando los lugares fundamentales en sus historias, pero tambi\u00e9n otros situados al otro lado de la colina o m\u00e1s all\u00e1 del horizonte. Se detiene en los sucesos narrados en los libros de Tolkien: batallas libradas en \u00e9pocas pasadas que casi son legendarias en el tiempo en el que se desarrolla El Se\u00f1or de los Anillos; reinos perdidos y mitos antiguos, as\u00ed como esos otros lugares que s\u00f3lo se insin\u00faan: reinos remotos en el norte y tierras al otro lado del mar. <br \/>Dibujos que transmiten una sensaci\u00f3n de inmediatez se entremezclan con las observaciones del artista John Howe, inspiradas en los libros de Tolkien mientras pinta tanto con las palabras como con el pincel. Tambi\u00e9n rememora su trabajo junto a Peter Jackson durante la filmaci\u00f3n de las trilog\u00edas El Se\u00f1or de los Anillos y El Hobbit.<\/p>\n","protected":false},"excerpt":{"rendered":"<p>HOWE, JOHN<\/p>\n","protected":false},"featured_media":1094936,"template":"","meta":{"_acf_changed":false,"om_disable_all_campaigns":false,"rs_blank_template":"","rs_page_bg_color":"","slide_template_v7":"","inline_featured_image":false,"_monsterinsights_skip_tracking":false,"_monsterinsights_sitenote_active":false,"_monsterinsights_sitenote_note":"","_monsterinsights_sitenote_category":0},"product_brand":[],"product_cat":[353,87,105,555],"product_tag":[],"class_list":{"0":"post-173565","1":"product","2":"type-product","3":"status-publish","4":"has-post-thumbnail","6":"product_cat-literatura-2_humanidades","7":"product_cat-literatura","8":"product_cat-regal","9":"product_cat-regalo","11":"first","12":"outofstock","13":"taxable","14":"shipping-taxable","15":"purchasable","16":"product-type-simple"},"acf":{"autor":"HOWE, JOHN","codart":"844500557","libros-coleccion":"BIBLIOTECA J. R. R. TOLKIEN","ediciones":"1","encuadernacion":"Carton\u00e9","fecha_de_publicacion":"01\/10\/2018","novedad":"0","paginas":"192","subtitulo":"DE BOLS\u00d3N CERRADO A MORDOR","orden":"0","portada":"0","idioma":"spa","editorial":[{"ID":6308,"post_author":"3","post_date":"2022-07-28 17:49:24","post_date_gmt":"2022-07-28 15:49:24","post_content":"","post_title":"Minotauro","post_excerpt":"","post_status":"publish","comment_status":"closed","ping_status":"closed","post_password":"","post_name":"minotauro","to_ping":"","pinged":"","post_modified":"2022-07-28 17:49:24","post_modified_gmt":"2022-07-28 15:49:24","post_content_filtered":"","post_parent":0,"guid":"http:\/\/dev.claret.cat\/editorial\/minotauro\/","menu_order":0,"post_type":"editorial","post_mime_type":"","comment_count":"0","filter":"raw"}],"booktrailer":"","resenas":"","autores-libros":[{"ID":424256,"post_author":"3","post_date":"2023-05-16 07:56:45","post_date_gmt":"2023-05-16 05:56:45","post_content":"","post_title":"JOHN HOWE","post_excerpt":"","post_status":"publish","comment_status":"closed","ping_status":"closed","post_password":"","post_name":"john-howe","to_ping":"","pinged":"","post_modified":"2023-05-16 07:56:45","post_modified_gmt":"2023-05-16 05:56:45","post_content_filtered":"","post_parent":0,"guid":"https:\/\/www.claret.cat\/autor\/john-howe\/","menu_order":0,"post_type":"autor","post_mime_type":"","comment_count":"0","filter":"raw"}]},"aioseo_notices":[],"_links":{"self":[{"href":"https:\/\/www.claret.cat\/es\/wp-json\/wp\/v2\/product\/173565","targetHints":{"allow":["GET"]}}],"collection":[{"href":"https:\/\/www.claret.cat\/es\/wp-json\/wp\/v2\/product"}],"about":[{"href":"https:\/\/www.claret.cat\/es\/wp-json\/wp\/v2\/types\/product"}],"wp:featuredmedia":[{"embeddable":true,"href":"https:\/\/www.claret.cat\/es\/wp-json\/wp\/v2\/media\/1094936"}],"wp:attachment":[{"href":"https:\/\/www.claret.cat\/es\/wp-json\/wp\/v2\/media?parent=173565"}],"wp:term":[{"taxonomy":"product_brand","embeddable":true,"href":"https:\/\/www.claret.cat\/es\/wp-json\/wp\/v2\/product_brand?post=173565"},{"taxonomy":"product_cat","embeddable":true,"href":"https:\/\/www.claret.cat\/es\/wp-json\/wp\/v2\/product_cat?post=173565"},{"taxonomy":"product_tag","embeddable":true,"href":"https:\/\/www.claret.cat\/es\/wp-json\/wp\/v2\/product_tag?post=173565"}],"curies":[{"name":"wp","href":"https:\/\/api.w.org\/{rel}","templated":true}]}}