{"id":17373,"date":"2022-10-01T23:29:22","date_gmt":"2022-10-01T21:29:22","guid":{"rendered":"http:\/\/dev.claret.cat\/producte\/que-hacemos-aqui\/"},"modified":"2023-01-28T06:57:02","modified_gmt":"2023-01-28T05:57:02","slug":"que-hacemos-aqui-9788417971748","status":"publish","type":"product","link":"https:\/\/www.claret.cat\/es\/libro\/que-hacemos-aqui-9788417971748\/","title":{"rendered":"\u00bfQU\u00c9 HACEMOS AQU\u00cd?"},"content":{"rendered":"<p>En este nuevo volumen de ensayos, Marilynne Robinson reflexiona con excepcional profundidad sobre de qu\u00e9 manera la pol\u00edtica y la sociedad actuales tienden a devaluar lo humano. &#8221;Resulta chocante lo desamparados que han estado en a\u00f1os recientes la protecci\u00f3n de la naturaleza, de los pobres y hasta de los derechos de los votantes. La gran maquinaria del capitalismo puede acabar con ellos&#8221;, afirma en la introducci\u00f3n del libro. Contra esta influyente tendencia contempor\u00e1nea, que pretende reducirlo todo a un simplista an\u00e1lisis coste-beneficio, Robinson reivindica el pensamiento inconformista y combativo y la necesidad de dar voz a los que no se tiene nunca en cuenta. Cr\u00edtica tanto con la derecha como con la izquierda (&#8221;Hemos rendido el pensamiento a la ideolog\u00eda. No es accidental que el marxismo y el darwinismo social surgieran a la vez, como dos narradores de un \u00fanico cuento&#8221;) concluye: &#8221;La disposici\u00f3n a dejarnos llevar por el pensamiento ideol\u00f3gico -es decir, un pensamiento que por definici\u00f3n no es el propio, que est\u00e1 ciego a la experiencia y a las contradicciones que surgen cuando se consultan esferas m\u00e1s amplias de conocimiento- supone una capitulaci\u00f3n que nunca deber\u00eda asumir nadie. Es una traici\u00f3n a nuestras mentes portentosas y a todos los epl\u00e9ndidos recursos que nuestra cultura ha preparado para que se usen.&#8221; A lo largo de todo el libro, Marilynne Robinson proclama su fe en la humanidad e insta a sus lectores a defender lo que nos hace humanos: &#8221;la creatividad, la sabidur\u00eda, el valor, la generosidad, la dignidad personal, el ser profundamente capaces de lealtad&#8221;.<\/p>\n","protected":false},"excerpt":{"rendered":"<p>ROBINSON, MARILYNNE<\/p>\n","protected":false},"featured_media":66156,"template":"","meta":{"_acf_changed":false,"om_disable_all_campaigns":false,"rs_blank_template":"","rs_page_bg_color":"","slide_template_v7":"","inline_featured_image":false,"_monsterinsights_skip_tracking":false,"_monsterinsights_sitenote_active":false,"_monsterinsights_sitenote_note":"","_monsterinsights_sitenote_category":0},"product_brand":[],"product_cat":[166],"product_tag":[],"class_list":{"0":"post-17373","1":"product","2":"type-product","3":"status-publish","4":"has-post-thumbnail","6":"product_cat-autors-filosofia","8":"first","9":"instock","10":"taxable","11":"shipping-taxable","12":"purchasable","13":"product-type-simple"},"acf":{"autor":"ROBINSON, MARILYNNE","codart":"841797174","libros-coleccion":"R\u00fastica Ensayo","ediciones":"1","encuadernacion":"R\u00fastica","fecha_de_publicacion":"01\/07\/2020","novedad":"1","paginas":"320","subtitulo":"","orden":"0","portada":"0","idioma":"spa","editorial":[{"ID":6260,"post_author":"3","post_date":"2022-07-28 17:48:23","post_date_gmt":"2022-07-28 15:48:23","post_content":"","post_title":"Galaxia Gutenberg","post_excerpt":"","post_status":"publish","comment_status":"closed","ping_status":"closed","post_password":"","post_name":"galaxia-gutenberg","to_ping":"","pinged":"","post_modified":"2022-07-28 17:48:23","post_modified_gmt":"2022-07-28 15:48:23","post_content_filtered":"","post_parent":0,"guid":"http:\/\/dev.claret.cat\/editorial\/galaxia-gutenberg\/","menu_order":0,"post_type":"editorial","post_mime_type":"","comment_count":"0","filter":"raw"}],"autores-libros":[{"ID":163926,"post_author":"3","post_date":"2022-10-14 17:42:57","post_date_gmt":"2022-10-14 15:42:57","post_content":"","post_title":"MARILYNNE ROBINSON","post_excerpt":"","post_status":"publish","comment_status":"closed","ping_status":"closed","post_password":"","post_name":"marilynne-robinson","to_ping":"","pinged":"","post_modified":"2022-10-14 17:42:57","post_modified_gmt":"2022-10-14 15:42:57","post_content_filtered":"","post_parent":0,"guid":"http:\/\/dev.claret.cat\/autor\/marilynne-robinson\/","menu_order":0,"post_type":"autor","post_mime_type":"","comment_count":"0","filter":"raw"}]},"aioseo_notices":[],"_links":{"self":[{"href":"https:\/\/www.claret.cat\/es\/wp-json\/wp\/v2\/product\/17373","targetHints":{"allow":["GET"]}}],"collection":[{"href":"https:\/\/www.claret.cat\/es\/wp-json\/wp\/v2\/product"}],"about":[{"href":"https:\/\/www.claret.cat\/es\/wp-json\/wp\/v2\/types\/product"}],"wp:featuredmedia":[{"embeddable":true,"href":"https:\/\/www.claret.cat\/es\/wp-json\/wp\/v2\/media\/66156"}],"wp:attachment":[{"href":"https:\/\/www.claret.cat\/es\/wp-json\/wp\/v2\/media?parent=17373"}],"wp:term":[{"taxonomy":"product_brand","embeddable":true,"href":"https:\/\/www.claret.cat\/es\/wp-json\/wp\/v2\/product_brand?post=17373"},{"taxonomy":"product_cat","embeddable":true,"href":"https:\/\/www.claret.cat\/es\/wp-json\/wp\/v2\/product_cat?post=17373"},{"taxonomy":"product_tag","embeddable":true,"href":"https:\/\/www.claret.cat\/es\/wp-json\/wp\/v2\/product_tag?post=17373"}],"curies":[{"name":"wp","href":"https:\/\/api.w.org\/{rel}","templated":true}]}}