{"id":173757,"date":"2022-10-20T01:12:05","date_gmt":"2022-10-19T23:12:05","guid":{"rendered":"http:\/\/dev.claret.cat\/producte\/jum-hecho-de-oscuridad\/"},"modified":"2024-06-04T17:01:02","modified_gmt":"2024-06-04T15:01:02","slug":"jum-hecho-de-oscuridad-9788417128555","status":"publish","type":"product","link":"https:\/\/www.claret.cat\/es\/libro\/jum-hecho-de-oscuridad-9788417128555\/","title":{"rendered":"JUM HECHO DE OSCURIDAD"},"content":{"rendered":"<p>Regresan Olga Tindal y sus magn\u00edficas historias, que los ciudadanos de Balic\u00f3 est\u00e1n impacientes por escuchar. Esta vez, un misterioso individuo merodea por el pueblo y todos tienen miedo. \u00bfQui\u00e9n es Jum? \u00bfQu\u00e9 quiere de ellos? La respuesta se esconde en las palabras de Olga&#8230;<\/p>\n","protected":false},"excerpt":{"rendered":"<p>GNONE, ELISABETTA<\/p>\n","protected":false},"featured_media":969006,"template":"","meta":{"_acf_changed":false,"om_disable_all_campaigns":false,"rs_blank_template":"","rs_page_bg_color":"","slide_template_v7":"","inline_featured_image":false,"_monsterinsights_skip_tracking":false,"_monsterinsights_sitenote_active":false,"_monsterinsights_sitenote_note":"","_monsterinsights_sitenote_category":0},"product_brand":[],"product_cat":[90,540],"product_tag":[],"class_list":{"0":"post-173757","1":"product","2":"type-product","3":"status-publish","4":"has-post-thumbnail","6":"product_cat-altres","7":"product_cat-otros","9":"first","10":"instock","11":"taxable","12":"shipping-taxable","13":"purchasable","14":"product-type-simple"},"acf":{"autor":"GNONE, ELISABETTA","codart":"841712855","libros-coleccion":"Juvenil","ediciones":"1","encuadernacion":"R\u00fastica","fecha_de_publicacion":"01\/10\/2018","novedad":"1","paginas":"215","subtitulo":"LAS HISTORIAS DE OLGA DE PAPEL","orden":"0","portada":"0","idioma":"spa","editorial":[{"ID":147763,"post_author":"3","post_date":"2022-10-14 11:53:02","post_date_gmt":"2022-10-14 09:53:02","post_content":"","post_title":"DUOMO EDITORIAL","post_excerpt":"","post_status":"publish","comment_status":"closed","ping_status":"closed","post_password":"","post_name":"duomo-editorial","to_ping":"","pinged":"","post_modified":"2022-10-14 11:53:02","post_modified_gmt":"2022-10-14 09:53:02","post_content_filtered":"","post_parent":0,"guid":"http:\/\/dev.claret.cat\/editorial\/duomo-editorial\/","menu_order":0,"post_type":"editorial","post_mime_type":"","comment_count":"0","filter":"raw"}],"autores-libros":[{"ID":154833,"post_author":"3","post_date":"2022-10-14 15:08:01","post_date_gmt":"2022-10-14 13:08:01","post_content":"","post_title":"ELISABETTA GNONE","post_excerpt":"","post_status":"publish","comment_status":"closed","ping_status":"closed","post_password":"","post_name":"elisabetta-gnone","to_ping":"","pinged":"","post_modified":"2022-10-14 15:08:01","post_modified_gmt":"2022-10-14 13:08:01","post_content_filtered":"","post_parent":0,"guid":"http:\/\/dev.claret.cat\/autor\/elisabetta-gnone\/","menu_order":0,"post_type":"autor","post_mime_type":"","comment_count":"0","filter":"raw"}]},"aioseo_notices":[],"_links":{"self":[{"href":"https:\/\/www.claret.cat\/es\/wp-json\/wp\/v2\/product\/173757","targetHints":{"allow":["GET"]}}],"collection":[{"href":"https:\/\/www.claret.cat\/es\/wp-json\/wp\/v2\/product"}],"about":[{"href":"https:\/\/www.claret.cat\/es\/wp-json\/wp\/v2\/types\/product"}],"wp:featuredmedia":[{"embeddable":true,"href":"https:\/\/www.claret.cat\/es\/wp-json\/wp\/v2\/media\/969006"}],"wp:attachment":[{"href":"https:\/\/www.claret.cat\/es\/wp-json\/wp\/v2\/media?parent=173757"}],"wp:term":[{"taxonomy":"product_brand","embeddable":true,"href":"https:\/\/www.claret.cat\/es\/wp-json\/wp\/v2\/product_brand?post=173757"},{"taxonomy":"product_cat","embeddable":true,"href":"https:\/\/www.claret.cat\/es\/wp-json\/wp\/v2\/product_cat?post=173757"},{"taxonomy":"product_tag","embeddable":true,"href":"https:\/\/www.claret.cat\/es\/wp-json\/wp\/v2\/product_tag?post=173757"}],"curies":[{"name":"wp","href":"https:\/\/api.w.org\/{rel}","templated":true}]}}