{"id":173865,"date":"2022-10-20T01:14:03","date_gmt":"2022-10-19T23:14:03","guid":{"rendered":"http:\/\/dev.claret.cat\/producte\/los-cracks-de-los-esports\/"},"modified":"2023-01-28T23:55:05","modified_gmt":"2023-01-28T22:55:05","slug":"los-cracks-de-los-esports-9788417305505","status":"publish","type":"product","link":"https:\/\/www.claret.cat\/es\/libro\/los-cracks-de-los-esports-9788417305505\/","title":{"rendered":"LOS CRACKS DE LOS ESPORTS"},"content":{"rendered":"<p>Los videojuegos en directo o eSports son, sin lugar a dudas, el deporte de mayor crecimiento en el mundo entero y tambi\u00e9n, junto con el f\u00fatbol, el otro deporte verdaderamente global.M\u00e1s de 10 millones de personas ven eSports cada d\u00eda a trav\u00e9s de la plataforma de streaming Twich, a la vez que los grandes clubes del f\u00fatbol mundial, como el PSG o el Schalke 04, han formado sus propios equipos de eSports para competir en los grandes torneos internacionales.Esta maravillosa gu\u00eda ilustrada del mundo de los eSports ayudar\u00e1 a todos los apasionados por los videojuegos a aprender los aspectos m\u00e1s importantes que deben conocer.Desde perfiles de los mejores equipos de eSports, los grandes jugadores internacionales, los torneos m\u00e1s importantes, juegos, r\u00e9cords y estad\u00edsticas de los grandes premios que genera esta nueva tendencia mundial, como los m\u00e1s de 2 millones de euros que ingresa Kaker, la gran estrella sudcoreana de los eSports.<\/p>\n","protected":false},"excerpt":{"rendered":"<p>PETTMAN, KEVIN<\/p>\n","protected":false},"featured_media":173866,"template":"","meta":{"_acf_changed":false,"om_disable_all_campaigns":false,"rs_blank_template":"","rs_page_bg_color":"","slide_template_v7":"","inline_featured_image":false,"_monsterinsights_skip_tracking":false,"_monsterinsights_sitenote_active":false,"_monsterinsights_sitenote_note":"","_monsterinsights_sitenote_category":0},"product_brand":[],"product_cat":[96,115],"product_tag":[],"class_list":{"0":"post-173865","1":"product","2":"type-product","3":"status-publish","4":"has-post-thumbnail","6":"product_cat-esports","7":"product_cat-videojocs","9":"first","10":"instock","11":"taxable","12":"shipping-taxable","13":"purchasable","14":"product-type-simple"},"acf":{"autor":"PETTMAN, KEVIN","codart":"841730550","libros-coleccion":"ROCA JUVENIL","ediciones":"1","encuadernacion":"Carton\u00e9","fecha_de_publicacion":"01\/10\/2018","novedad":"1","paginas":"63","subtitulo":"DESCUBRE LOS SECRETOS DEL MUNDO DE LOS VIDEOJUEGOS PROFESIONALES.","orden":"0","portada":"0","idioma":"spa","editorial":[{"ID":148755,"post_author":"3","post_date":"2022-10-14 12:00:44","post_date_gmt":"2022-10-14 10:00:44","post_content":"","post_title":"Roca Editorial","post_excerpt":"","post_status":"publish","comment_status":"closed","ping_status":"closed","post_password":"","post_name":"roca-editorial","to_ping":"","pinged":"","post_modified":"2022-10-14 12:00:44","post_modified_gmt":"2022-10-14 10:00:44","post_content_filtered":"","post_parent":0,"guid":"http:\/\/dev.claret.cat\/editorial\/roca-editorial\/","menu_order":0,"post_type":"editorial","post_mime_type":"","comment_count":"0","filter":"raw"}]},"aioseo_notices":[],"_links":{"self":[{"href":"https:\/\/www.claret.cat\/es\/wp-json\/wp\/v2\/product\/173865","targetHints":{"allow":["GET"]}}],"collection":[{"href":"https:\/\/www.claret.cat\/es\/wp-json\/wp\/v2\/product"}],"about":[{"href":"https:\/\/www.claret.cat\/es\/wp-json\/wp\/v2\/types\/product"}],"wp:featuredmedia":[{"embeddable":true,"href":"https:\/\/www.claret.cat\/es\/wp-json\/wp\/v2\/media\/173866"}],"wp:attachment":[{"href":"https:\/\/www.claret.cat\/es\/wp-json\/wp\/v2\/media?parent=173865"}],"wp:term":[{"taxonomy":"product_brand","embeddable":true,"href":"https:\/\/www.claret.cat\/es\/wp-json\/wp\/v2\/product_brand?post=173865"},{"taxonomy":"product_cat","embeddable":true,"href":"https:\/\/www.claret.cat\/es\/wp-json\/wp\/v2\/product_cat?post=173865"},{"taxonomy":"product_tag","embeddable":true,"href":"https:\/\/www.claret.cat\/es\/wp-json\/wp\/v2\/product_tag?post=173865"}],"curies":[{"name":"wp","href":"https:\/\/api.w.org\/{rel}","templated":true}]}}