{"id":173889,"date":"2022-10-20T01:14:30","date_gmt":"2022-10-19T23:14:30","guid":{"rendered":"http:\/\/dev.claret.cat\/producte\/el-cuaderno-del-ano-del-nobel\/"},"modified":"2023-01-28T17:30:34","modified_gmt":"2023-01-28T16:30:34","slug":"el-cuaderno-del-ano-del-nobel-9788420434599","status":"publish","type":"product","link":"https:\/\/www.claret.cat\/es\/libro\/el-cuaderno-del-ano-del-nobel-9788420434599\/","title":{"rendered":"EL CUADERNO DEL A\u00d1O DEL NOBEL"},"content":{"rendered":"<p>Un hallazgo inesperado con el que celebrar el 20.\u00ba aniversario de la concesi\u00f3n del Premio a Jos\u00e9 Saramago.  \u00abEran d\u00edas de hace veinte a\u00f1os, eran d\u00edas de hoy. El autor dici\u00e9ndose  de nuevo en Lanzarote, las palabras saliendo a borbotones, mes a mes, un a\u00f1o entero, ese a\u00f1o.\u00bb<br \/>Pilar del R\u00edo Fruto de un hallazgo fortuito en el archivo de Jos\u00e9 Saramago, este libro  es el \u00faltimo de los diarios personales que el escritor portugu\u00e9s dej\u00f3  escrito y que se qued\u00f3, como declara el propio autor, \u00abagarrado al disco duro del ordenador.\u00bb En sus p\u00e1ginas, que recorren d\u00eda a d\u00eda la vida de Jos\u00e9 Saramago durante  1998, hay apuntes personales, s\u00ed, pero sobre todo hay reflexiones e  ideas sobre su postura cultural y \u00e9tica. Ah\u00ed radica, sin duda, su  excepcionalidad: en ellas el lector descubre que la manera de entender  el mundo de Saramago -siempre desde la perspectiva del ser humano,  siempre desde la sensibilidad hacia los desfavorecidos, los vulnerables,  los oprimidos por el sistema- es hoy m\u00e1s necesaria, m\u00e1s urgente que  nunca. Su voz nos llega invariablemente viva porque, como \u00e9l intu\u00eda, el  tiempo es una tira el\u00e1stica, y estar cerca o lejos solo depende de la voluntad. Cuando se cumplen veinte a\u00f1os desde la concesi\u00f3n del Nobel, ve la luz  este diario -tal como Jos\u00e9 Saramago lo dej\u00f3 escrito- junto con las  cuatro conferencias que imparti\u00f3 en 1998, un a\u00f1o que cambi\u00f3 para siempre la vida y la obra del autor.<\/p>\n","protected":false},"excerpt":{"rendered":"<p>SARAMAGO, JOS\u00c9<\/p>\n","protected":false},"featured_media":173890,"template":"","meta":{"_acf_changed":false,"om_disable_all_campaigns":false,"rs_blank_template":"","rs_page_bg_color":"","slide_template_v7":"","inline_featured_image":false,"_monsterinsights_skip_tracking":false,"_monsterinsights_sitenote_active":false,"_monsterinsights_sitenote_note":"","_monsterinsights_sitenote_category":0},"product_brand":[],"product_cat":[87],"product_tag":[],"class_list":{"0":"post-173889","1":"product","2":"type-product","3":"status-publish","4":"has-post-thumbnail","6":"product_cat-literatura","8":"first","9":"instock","10":"taxable","11":"shipping-taxable","12":"purchasable","13":"product-type-simple"},"acf":{"autor":"SARAMAGO, JOS\u00c9","codart":"842043459","libros-coleccion":"LITERATURAS","ediciones":"1","encuadernacion":"R\u00fastica","fecha_de_publicacion":"01\/10\/2018","novedad":"1","paginas":"264","subtitulo":"","orden":"0","portada":"0","idioma":"spa","editorial":[{"ID":6118,"post_author":"3","post_date":"2022-07-28 17:45:17","post_date_gmt":"2022-07-28 15:45:17","post_content":"","post_title":"ALFAGUARA","post_excerpt":"","post_status":"publish","comment_status":"closed","ping_status":"closed","post_password":"","post_name":"alfaguara","to_ping":"","pinged":"","post_modified":"2022-07-28 17:45:17","post_modified_gmt":"2022-07-28 15:45:17","post_content_filtered":"","post_parent":0,"guid":"http:\/\/dev.claret.cat\/editorial\/alfaguara\/","menu_order":0,"post_type":"editorial","post_mime_type":"","comment_count":"0","filter":"raw"}],"autores-libros":[{"ID":5650,"post_author":"3","post_date":"2022-07-28 17:28:32","post_date_gmt":"2022-07-28 15:28:32","post_content":"","post_title":"JOSE SARAMAGO","post_excerpt":"","post_status":"publish","comment_status":"closed","ping_status":"closed","post_password":"","post_name":"jose-saramago","to_ping":"","pinged":"","post_modified":"2022-07-28 17:28:32","post_modified_gmt":"2022-07-28 15:28:32","post_content_filtered":"","post_parent":0,"guid":"http:\/\/dev.claret.cat\/autor\/jose-saramago\/","menu_order":0,"post_type":"autor","post_mime_type":"","comment_count":"0","filter":"raw"}]},"aioseo_notices":[],"_links":{"self":[{"href":"https:\/\/www.claret.cat\/es\/wp-json\/wp\/v2\/product\/173889","targetHints":{"allow":["GET"]}}],"collection":[{"href":"https:\/\/www.claret.cat\/es\/wp-json\/wp\/v2\/product"}],"about":[{"href":"https:\/\/www.claret.cat\/es\/wp-json\/wp\/v2\/types\/product"}],"wp:featuredmedia":[{"embeddable":true,"href":"https:\/\/www.claret.cat\/es\/wp-json\/wp\/v2\/media\/173890"}],"wp:attachment":[{"href":"https:\/\/www.claret.cat\/es\/wp-json\/wp\/v2\/media?parent=173889"}],"wp:term":[{"taxonomy":"product_brand","embeddable":true,"href":"https:\/\/www.claret.cat\/es\/wp-json\/wp\/v2\/product_brand?post=173889"},{"taxonomy":"product_cat","embeddable":true,"href":"https:\/\/www.claret.cat\/es\/wp-json\/wp\/v2\/product_cat?post=173889"},{"taxonomy":"product_tag","embeddable":true,"href":"https:\/\/www.claret.cat\/es\/wp-json\/wp\/v2\/product_tag?post=173889"}],"curies":[{"name":"wp","href":"https:\/\/api.w.org\/{rel}","templated":true}]}}