{"id":173961,"date":"2022-10-20T01:15:50","date_gmt":"2022-10-19T23:15:50","guid":{"rendered":"http:\/\/dev.claret.cat\/producte\/contes-per-estimar-te-millor\/"},"modified":"2026-03-17T17:32:03","modified_gmt":"2026-03-17T16:32:03","slug":"contes-per-estimarte-millor-9788491376385","status":"publish","type":"product","link":"https:\/\/www.claret.cat\/es\/libro\/contes-per-estimarte-millor-9788491376385\/","title":{"rendered":"CONTES PER ESTIMAR-TE MILLOR"},"content":{"rendered":"<p>L&#8217;autoestima \u00e9s l&#8217;eina m\u00e9s important amb qu\u00e8 comptem per circular feli\u00e7os per la muntanya russa de la vida. Les 35 hist\u00f2ries que integren aquest llibre ensenyen a cultivar aquest poder des de la infantesa, despertant la imaginaci\u00f3, l&#8217;humor, la resili\u00e8ncia, l&#8217;amor i l&#8217;acceptaci\u00f3 del que som.<br \/> Aquesta obra, dirigida a nens i nenes de totes les edats, il\u00b7lustra a trav\u00e9s d&#8217;inspiradors contes i reflexions les claus per integrar l&#8217;autoestima en la pr\u00f2pia vida, com un far que permetr\u00e0 als infants ser persones segures, independents, respectuoses amb elles mateixes i amb els altres, que saben estimar perqu\u00e8 han apr\u00e8s a estimar-se.<\/p>\n","protected":false},"excerpt":{"rendered":"<p>ROVIRA CELMA, \u00c1LEX \/ MIRALLES CONTIJOCH, FRANCESC<\/p>\n","protected":false},"featured_media":964610,"template":"","meta":{"_acf_changed":false,"om_disable_all_campaigns":false,"rs_blank_template":"","rs_page_bg_color":"","slide_template_v7":"","inline_featured_image":false,"_monsterinsights_skip_tracking":false,"_monsterinsights_sitenote_active":false,"_monsterinsights_sitenote_note":"","_monsterinsights_sitenote_category":0},"product_brand":[],"product_cat":[100,550,352,86,566,117],"product_tag":[],"class_list":{"0":"post-173961","1":"product","2":"type-product","3":"status-publish","4":"has-post-thumbnail","6":"product_cat-escola-de-pares","7":"product_cat-escuela-de-padres-3_infantil-juvenil-spa-spa","8":"product_cat-infantil-3_infantil-juvenil-spa","9":"product_cat-infantil","10":"product_cat-juvenil-3_infantil-juvenil-spa-spa","11":"product_cat-juvenil","13":"first","14":"instock","15":"taxable","16":"shipping-taxable","17":"purchasable","18":"product-type-simple"},"acf":{"autor":"ROVIRA CELMA, \u00c1LEX \/ MIRALLES CONTIJOCH, FRANCESC","codart":"849137638","libros-coleccion":"Contes","ediciones":"1","encuadernacion":"Carton\u00e9","fecha_de_publicacion":"01\/10\/2018","novedad":"1","paginas":"174","subtitulo":"IL\u00b7LUSTRACIONS DE RAQUEL D\u00cdAZ REGUERA","orden":"0","portada":"0","idioma":"cat","editorial":[{"ID":6249,"post_author":"3","post_date":"2022-07-28 17:48:09","post_date_gmt":"2022-07-28 15:48:09","post_content":"","post_title":"Estrella Polar","post_excerpt":"","post_status":"publish","comment_status":"closed","ping_status":"closed","post_password":"","post_name":"estrella-polar","to_ping":"","pinged":"","post_modified":"2022-07-28 17:48:09","post_modified_gmt":"2022-07-28 15:48:09","post_content_filtered":"","post_parent":0,"guid":"http:\/\/dev.claret.cat\/editorial\/estrella-polar\/","menu_order":0,"post_type":"editorial","post_mime_type":"","comment_count":"0","filter":"raw"}],"autores-libros":[{"ID":156109,"post_author":"3","post_date":"2022-10-14 15:18:11","post_date_gmt":"2022-10-14 13:18:11","post_content":"","post_title":"FRANCESC MIRALLES CONTIJOCH","post_excerpt":"","post_status":"publish","comment_status":"closed","ping_status":"closed","post_password":"","post_name":"francesc-miralles-contijoch","to_ping":"","pinged":"","post_modified":"2022-10-14 15:18:11","post_modified_gmt":"2022-10-14 13:18:11","post_content_filtered":"","post_parent":0,"guid":"http:\/\/dev.claret.cat\/autor\/francesc-miralles-contijoch\/","menu_order":0,"post_type":"autor","post_mime_type":"","comment_count":"0","filter":"raw"},{"ID":149676,"post_author":"3","post_date":"2022-10-14 14:26:49","post_date_gmt":"2022-10-14 12:26:49","post_content":"","post_title":"\u00c1LEX ROVIRA CELMA","post_excerpt":"","post_status":"publish","comment_status":"closed","ping_status":"closed","post_password":"","post_name":"alex-rovira-celma","to_ping":"","pinged":"","post_modified":"2022-10-14 14:26:49","post_modified_gmt":"2022-10-14 12:26:49","post_content_filtered":"","post_parent":0,"guid":"http:\/\/dev.claret.cat\/autor\/alex-rovira-celma\/","menu_order":0,"post_type":"autor","post_mime_type":"","comment_count":"0","filter":"raw"}],"booktrailer":"","resenas":""},"aioseo_notices":[],"_links":{"self":[{"href":"https:\/\/www.claret.cat\/es\/wp-json\/wp\/v2\/product\/173961","targetHints":{"allow":["GET"]}}],"collection":[{"href":"https:\/\/www.claret.cat\/es\/wp-json\/wp\/v2\/product"}],"about":[{"href":"https:\/\/www.claret.cat\/es\/wp-json\/wp\/v2\/types\/product"}],"wp:featuredmedia":[{"embeddable":true,"href":"https:\/\/www.claret.cat\/es\/wp-json\/wp\/v2\/media\/964610"}],"wp:attachment":[{"href":"https:\/\/www.claret.cat\/es\/wp-json\/wp\/v2\/media?parent=173961"}],"wp:term":[{"taxonomy":"product_brand","embeddable":true,"href":"https:\/\/www.claret.cat\/es\/wp-json\/wp\/v2\/product_brand?post=173961"},{"taxonomy":"product_cat","embeddable":true,"href":"https:\/\/www.claret.cat\/es\/wp-json\/wp\/v2\/product_cat?post=173961"},{"taxonomy":"product_tag","embeddable":true,"href":"https:\/\/www.claret.cat\/es\/wp-json\/wp\/v2\/product_tag?post=173961"}],"curies":[{"name":"wp","href":"https:\/\/api.w.org\/{rel}","templated":true}]}}