{"id":173982,"date":"2022-10-20T01:16:13","date_gmt":"2022-10-19T23:16:13","guid":{"rendered":"http:\/\/dev.claret.cat\/producte\/la-maquina-de-los-disfraces-mikeltube\/"},"modified":"2023-01-28T11:01:19","modified_gmt":"2023-01-28T10:01:19","slug":"la-maquina-de-los-disfraces-mikeltube-9788448850883","status":"publish","type":"product","link":"https:\/\/www.claret.cat\/es\/libro\/la-maquina-de-los-disfraces-mikeltube-9788448850883\/","title":{"rendered":"LA M\u00c1QUINA DE LOS DISFRACES (MIKELTUBE)"},"content":{"rendered":"<p>La segunda entrega de las aventuras del youtuber infantil m\u00e1s popular  del momento: MikelTube&#8230; \u00a1en formato c\u00f3mic! Despu\u00e9s del alucinante viaje interdimensional al planeta Dinotr\u00f3n, Mikel  y Leo reciben un nuevo paquete misterioso&#8230;, \u00a1una m\u00e1quina  de los disfraces! Pero, \u00bfqui\u00e9n iba a imaginar que la m\u00e1quina los enviar\u00eda a una nave espacial en plena batalla y repleta de robots malignos? \u00a1Acompa\u00f1a a Mikel y a su hermanito Leo en esta incre\u00edble aventura  gal\u00e1ctica! Tendr\u00e1n que ingeni\u00e1rselas para escapar de los malvados   robots y volver a casa sanos y salvos sin que sus padres se enteren de nada. Vamos all\u00e1&#8230; \u00a1vamos all\u00e1!<\/p>\n","protected":false},"excerpt":{"rendered":"<p>DOM\u00cdNGUEZ, DAVID \/ TORINOS, HENAR \/ S\u00c1NCHEZ, MIKEL<\/p>\n","protected":false},"featured_media":173983,"template":"","meta":{"_acf_changed":false,"om_disable_all_campaigns":false,"rs_blank_template":"","rs_page_bg_color":"","slide_template_v7":"","inline_featured_image":false,"_monsterinsights_skip_tracking":false,"_monsterinsights_sitenote_active":false,"_monsterinsights_sitenote_note":"","_monsterinsights_sitenote_category":0},"product_brand":[],"product_cat":[86],"product_tag":[],"class_list":{"0":"post-173982","1":"product","2":"type-product","3":"status-publish","4":"has-post-thumbnail","6":"product_cat-infantil","8":"first","9":"instock","10":"taxable","11":"shipping-taxable","12":"purchasable","13":"product-type-simple"},"acf":{"autor":"DOM\u00cdNGUEZ, DAVID \/ TORINOS, HENAR \/ S\u00c1NCHEZ, MIKEL","codart":"844885088","libros-coleccion":"Peque\u00f1os youtubers","ediciones":"1","encuadernacion":"Carton\u00e9","fecha_de_publicacion":"01\/10\/2018","novedad":"1","paginas":"78","subtitulo":"","orden":"0","portada":"0","idioma":"spa","editorial":[{"ID":6141,"post_author":"3","post_date":"2022-07-28 17:45:46","post_date_gmt":"2022-07-28 15:45:46","post_content":"","post_title":"BEASCOA","post_excerpt":"","post_status":"publish","comment_status":"closed","ping_status":"closed","post_password":"","post_name":"beascoa","to_ping":"","pinged":"","post_modified":"2022-07-28 17:45:46","post_modified_gmt":"2022-07-28 15:45:46","post_content_filtered":"","post_parent":0,"guid":"http:\/\/dev.claret.cat\/editorial\/beascoa\/","menu_order":0,"post_type":"editorial","post_mime_type":"","comment_count":"0","filter":"raw"}],"autores-libros":[{"ID":153798,"post_author":"3","post_date":"2022-10-14 14:59:37","post_date_gmt":"2022-10-14 12:59:37","post_content":"","post_title":"DAVID DOM\u00cdNGUEZ","post_excerpt":"","post_status":"publish","comment_status":"closed","ping_status":"closed","post_password":"","post_name":"david-dominguez","to_ping":"","pinged":"","post_modified":"2022-10-14 14:59:37","post_modified_gmt":"2022-10-14 12:59:37","post_content_filtered":"","post_parent":0,"guid":"http:\/\/dev.claret.cat\/autor\/david-dominguez\/","menu_order":0,"post_type":"autor","post_mime_type":"","comment_count":"0","filter":"raw"}]},"aioseo_notices":[],"_links":{"self":[{"href":"https:\/\/www.claret.cat\/es\/wp-json\/wp\/v2\/product\/173982","targetHints":{"allow":["GET"]}}],"collection":[{"href":"https:\/\/www.claret.cat\/es\/wp-json\/wp\/v2\/product"}],"about":[{"href":"https:\/\/www.claret.cat\/es\/wp-json\/wp\/v2\/types\/product"}],"wp:featuredmedia":[{"embeddable":true,"href":"https:\/\/www.claret.cat\/es\/wp-json\/wp\/v2\/media\/173983"}],"wp:attachment":[{"href":"https:\/\/www.claret.cat\/es\/wp-json\/wp\/v2\/media?parent=173982"}],"wp:term":[{"taxonomy":"product_brand","embeddable":true,"href":"https:\/\/www.claret.cat\/es\/wp-json\/wp\/v2\/product_brand?post=173982"},{"taxonomy":"product_cat","embeddable":true,"href":"https:\/\/www.claret.cat\/es\/wp-json\/wp\/v2\/product_cat?post=173982"},{"taxonomy":"product_tag","embeddable":true,"href":"https:\/\/www.claret.cat\/es\/wp-json\/wp\/v2\/product_tag?post=173982"}],"curies":[{"name":"wp","href":"https:\/\/api.w.org\/{rel}","templated":true}]}}