{"id":173985,"date":"2022-10-20T01:16:17","date_gmt":"2022-10-19T23:16:17","guid":{"rendered":"http:\/\/dev.claret.cat\/producte\/rosa-pionera-ingeniera\/"},"modified":"2023-01-28T04:06:10","modified_gmt":"2023-01-28T03:06:10","slug":"rosa-pionera-ingeniera-9788448850968","status":"publish","type":"product","link":"https:\/\/www.claret.cat\/es\/libro\/rosa-pionera-ingeniera-9788448850968\/","title":{"rendered":"ROSA PIONERA, INGENIERA"},"content":{"rendered":"<p>Rosa Pionera, ingeniera es el tercer libro de una colecci\u00f3n de  \u00e1lbumes ilustrados que se centran en la tendencia \u00abS.T.E.M\u00bb para ni\u00f1os;  temas relacionados con la ciencia, la tecnolog\u00eda, las ingenier\u00edas y las matem\u00e1ticas. Una colecci\u00f3n que celebra la creatividad, la perseverancia y la curiosidad cient\u00edfica. Rosa Pionera so\u00f1aba con ser una gran ingeniera&#8230; Sola en el desv\u00e1n, bajo la luz de la luna, montaba chismes y artefactos como ninguna. Por timidez no se atrev\u00eda a decir nada, rebuscaba en la basura y recog\u00eda  cachivaches que atesoraba. Con ellos constru\u00eda sus inventos, pero nadie  pod\u00eda ver sus descubrimientos. Todo sigui\u00f3 igual hasta que el oto\u00f1o  lleg\u00f3 y su pariente m\u00e1s antiguo se present\u00f3. \u00a1Su t\u00eda abuela Rosie! Y a  Rosa se le ocurri\u00f3 una idea de lo m\u00e1s atrevida: construir un artilugio para hacer volar a su t\u00eda. Un \u00e1lbum muy divertido que nos anima a perseverar en nuestras pasiones. Cr\u00edticas:<br \/>\u00abUna celebraci\u00f3n de la creatividad y la perseverancia contada en rima  que aporta dinamismo y un ritmo constante a la historia, consecuente con  la celebraci\u00f3n de su hero\u00edna, Rosa. Es una creadora imaginativa que  oculta sus m\u00e9ritos (debajo de la cama) despu\u00e9s de que se burlaran de uno de sus inventos.\u00bb<br \/>Booklist \u00abEscrito con una rima deliciosa y lleno de historias solapadas de  mujeres en la aviaci\u00f3n, es una inspiraci\u00f3n perfecta para j\u00f3venes creadores.\u00bb<br \/>Cory Doctorow, Boing Boing<\/p>\n","protected":false},"excerpt":{"rendered":"<p>BEATY, ANDREA \/ ROBERTS, DAVID<\/p>\n","protected":false},"featured_media":173986,"template":"","meta":{"_acf_changed":false,"om_disable_all_campaigns":false,"rs_blank_template":"","rs_page_bg_color":"","slide_template_v7":"","inline_featured_image":false,"_monsterinsights_skip_tracking":false,"_monsterinsights_sitenote_active":false,"_monsterinsights_sitenote_note":"","_monsterinsights_sitenote_category":0},"product_brand":[],"product_cat":[86],"product_tag":[],"class_list":{"0":"post-173985","1":"product","2":"type-product","3":"status-publish","4":"has-post-thumbnail","6":"product_cat-infantil","8":"first","9":"instock","10":"taxable","11":"shipping-taxable","12":"purchasable","13":"product-type-simple"},"acf":{"autor":"BEATY, ANDREA \/ ROBERTS, DAVID","codart":"844885096","libros-coleccion":"Peque\u00f1os creativos","ediciones":"1","encuadernacion":"Carton\u00e9","fecha_de_publicacion":"01\/10\/2018","novedad":"1","paginas":"65","subtitulo":"","orden":"0","portada":"0","idioma":"spa","editorial":[{"ID":6141,"post_author":"3","post_date":"2022-07-28 17:45:46","post_date_gmt":"2022-07-28 15:45:46","post_content":"","post_title":"BEASCOA","post_excerpt":"","post_status":"publish","comment_status":"closed","ping_status":"closed","post_password":"","post_name":"beascoa","to_ping":"","pinged":"","post_modified":"2022-07-28 17:45:46","post_modified_gmt":"2022-07-28 15:45:46","post_content_filtered":"","post_parent":0,"guid":"http:\/\/dev.claret.cat\/editorial\/beascoa\/","menu_order":0,"post_type":"editorial","post_mime_type":"","comment_count":"0","filter":"raw"}],"autores-libros":[{"ID":150199,"post_author":"3","post_date":"2022-10-14 14:31:02","post_date_gmt":"2022-10-14 12:31:02","post_content":"","post_title":"ANDREA BEATY","post_excerpt":"","post_status":"publish","comment_status":"closed","ping_status":"closed","post_password":"","post_name":"andrea-beaty","to_ping":"","pinged":"","post_modified":"2022-10-14 14:31:02","post_modified_gmt":"2022-10-14 12:31:02","post_content_filtered":"","post_parent":0,"guid":"http:\/\/dev.claret.cat\/autor\/andrea-beaty\/","menu_order":0,"post_type":"autor","post_mime_type":"","comment_count":"0","filter":"raw"},{"ID":153940,"post_author":"3","post_date":"2022-10-14 15:00:47","post_date_gmt":"2022-10-14 13:00:47","post_content":"","post_title":"DAVID ROBERTS","post_excerpt":"","post_status":"publish","comment_status":"closed","ping_status":"closed","post_password":"","post_name":"david-roberts","to_ping":"","pinged":"","post_modified":"2022-10-14 15:00:47","post_modified_gmt":"2022-10-14 13:00:47","post_content_filtered":"","post_parent":0,"guid":"http:\/\/dev.claret.cat\/autor\/david-roberts\/","menu_order":0,"post_type":"autor","post_mime_type":"","comment_count":"0","filter":"raw"}]},"aioseo_notices":[],"_links":{"self":[{"href":"https:\/\/www.claret.cat\/es\/wp-json\/wp\/v2\/product\/173985","targetHints":{"allow":["GET"]}}],"collection":[{"href":"https:\/\/www.claret.cat\/es\/wp-json\/wp\/v2\/product"}],"about":[{"href":"https:\/\/www.claret.cat\/es\/wp-json\/wp\/v2\/types\/product"}],"wp:featuredmedia":[{"embeddable":true,"href":"https:\/\/www.claret.cat\/es\/wp-json\/wp\/v2\/media\/173986"}],"wp:attachment":[{"href":"https:\/\/www.claret.cat\/es\/wp-json\/wp\/v2\/media?parent=173985"}],"wp:term":[{"taxonomy":"product_brand","embeddable":true,"href":"https:\/\/www.claret.cat\/es\/wp-json\/wp\/v2\/product_brand?post=173985"},{"taxonomy":"product_cat","embeddable":true,"href":"https:\/\/www.claret.cat\/es\/wp-json\/wp\/v2\/product_cat?post=173985"},{"taxonomy":"product_tag","embeddable":true,"href":"https:\/\/www.claret.cat\/es\/wp-json\/wp\/v2\/product_tag?post=173985"}],"curies":[{"name":"wp","href":"https:\/\/api.w.org\/{rel}","templated":true}]}}