{"id":173988,"date":"2022-10-20T01:16:20","date_gmt":"2022-10-19T23:16:20","guid":{"rendered":"http:\/\/dev.claret.cat\/producte\/rosa-pionera-enginyera\/"},"modified":"2023-01-28T18:19:43","modified_gmt":"2023-01-28T17:19:43","slug":"rosa-pionera-enginyera-9788448850975","status":"publish","type":"product","link":"https:\/\/www.claret.cat\/es\/libro\/rosa-pionera-enginyera-9788448850975\/","title":{"rendered":"ROSA PIONERA, ENGINYERA"},"content":{"rendered":"<p>La Rosa Pionera, enginyera \u00e9s el tercer llibre d&#8217;una col\u00b7lecci\u00f3  d&#8217;\u00e0lbums il\u00b7lustrats que es centren en la tend\u00e8ncia \u00abS.T.E.M\u00bb per a nens  i nenes; temes relacionats amb la ci\u00e8ncia, la tecnologia, les enginyeries i les matem\u00e0tiques. Una col\u00b7lecci\u00f3 que celebra la creativitat, la perseveran\u00e7a i la curiositat cient\u00edfica. La Rosa Pionera somniava que seria una gran enginyera&#8230; Tota sola a les golfes, quan la lluna llu\u00efa al cel, constru\u00efa els  invents que havia pensat amb anhel. Ella pensava, per\u00f2 callava: remenava  la paperera i hi buscava andr\u00f2mines per a la seva passi\u00f3 enginyera. Amb  aquestes constru\u00efa els seus invents, per\u00f2 ning\u00fa podia veure els seus  descobriments. I aix\u00ed va anar creixent, fins que un bon dia de tardor va  arribar la tieta Rosalia del mocador. I la  Rosa va tenir al cap una  idea: I si ella constru\u00eds un artefacte volador per a la seva tieta? Un \u00e0lbum molt divertit que ens anima a perseverar en les nostres passions. Ressenyes:<br \/> \u00abElogi de la creativitat i la perseveran\u00e7a explicat amb el text rimat,  que aporta intensitat i ritme a la narraci\u00f3, i elogi tamb\u00e9 de la seva  protagonista, la Rosie. Aquesta pensadora inquieta amaga la seva  genialitat sota una capa de mod\u00e8stia (b\u00e9, de fet, sota el  llit) perqu\u00e8 no es riguin dels seus invents.\u00bb <br \/>Booklist \u00abEscrit en sorprenents versos rimats i ple d&#8217;an\u00e8cdotes sobre dones aviadores, \u00e9s un llibre ideal per inspirar joves talents.\u00bb <br \/>Cory Doctorow, Boing Boing<\/p>\n","protected":false},"excerpt":{"rendered":"<p>BEATY, ANDREA \/ ROBERTS, DAVID<\/p>\n","protected":false},"featured_media":173989,"template":"","meta":{"_acf_changed":false,"om_disable_all_campaigns":false,"rs_blank_template":"","rs_page_bg_color":"","slide_template_v7":"","inline_featured_image":false,"_monsterinsights_skip_tracking":false,"_monsterinsights_sitenote_active":false,"_monsterinsights_sitenote_note":"","_monsterinsights_sitenote_category":0},"product_brand":[],"product_cat":[86],"product_tag":[],"class_list":{"0":"post-173988","1":"product","2":"type-product","3":"status-publish","4":"has-post-thumbnail","6":"product_cat-infantil","8":"first","9":"instock","10":"taxable","11":"shipping-taxable","12":"purchasable","13":"product-type-simple"},"acf":{"autor":"BEATY, ANDREA \/ ROBERTS, DAVID","codart":"844885097","libros-coleccion":"Petits creatius","ediciones":"1","encuadernacion":"Carton\u00e9","fecha_de_publicacion":"01\/10\/2018","novedad":"1","paginas":"65","subtitulo":"","orden":"0","portada":"0","idioma":"cat","editorial":[{"ID":6141,"post_author":"3","post_date":"2022-07-28 17:45:46","post_date_gmt":"2022-07-28 15:45:46","post_content":"","post_title":"BEASCOA","post_excerpt":"","post_status":"publish","comment_status":"closed","ping_status":"closed","post_password":"","post_name":"beascoa","to_ping":"","pinged":"","post_modified":"2022-07-28 17:45:46","post_modified_gmt":"2022-07-28 15:45:46","post_content_filtered":"","post_parent":0,"guid":"http:\/\/dev.claret.cat\/editorial\/beascoa\/","menu_order":0,"post_type":"editorial","post_mime_type":"","comment_count":"0","filter":"raw"}],"autores-libros":[{"ID":150199,"post_author":"3","post_date":"2022-10-14 14:31:02","post_date_gmt":"2022-10-14 12:31:02","post_content":"","post_title":"ANDREA BEATY","post_excerpt":"","post_status":"publish","comment_status":"closed","ping_status":"closed","post_password":"","post_name":"andrea-beaty","to_ping":"","pinged":"","post_modified":"2022-10-14 14:31:02","post_modified_gmt":"2022-10-14 12:31:02","post_content_filtered":"","post_parent":0,"guid":"http:\/\/dev.claret.cat\/autor\/andrea-beaty\/","menu_order":0,"post_type":"autor","post_mime_type":"","comment_count":"0","filter":"raw"},{"ID":153940,"post_author":"3","post_date":"2022-10-14 15:00:47","post_date_gmt":"2022-10-14 13:00:47","post_content":"","post_title":"DAVID ROBERTS","post_excerpt":"","post_status":"publish","comment_status":"closed","ping_status":"closed","post_password":"","post_name":"david-roberts","to_ping":"","pinged":"","post_modified":"2022-10-14 15:00:47","post_modified_gmt":"2022-10-14 13:00:47","post_content_filtered":"","post_parent":0,"guid":"http:\/\/dev.claret.cat\/autor\/david-roberts\/","menu_order":0,"post_type":"autor","post_mime_type":"","comment_count":"0","filter":"raw"}]},"aioseo_notices":[],"_links":{"self":[{"href":"https:\/\/www.claret.cat\/es\/wp-json\/wp\/v2\/product\/173988","targetHints":{"allow":["GET"]}}],"collection":[{"href":"https:\/\/www.claret.cat\/es\/wp-json\/wp\/v2\/product"}],"about":[{"href":"https:\/\/www.claret.cat\/es\/wp-json\/wp\/v2\/types\/product"}],"wp:featuredmedia":[{"embeddable":true,"href":"https:\/\/www.claret.cat\/es\/wp-json\/wp\/v2\/media\/173989"}],"wp:attachment":[{"href":"https:\/\/www.claret.cat\/es\/wp-json\/wp\/v2\/media?parent=173988"}],"wp:term":[{"taxonomy":"product_brand","embeddable":true,"href":"https:\/\/www.claret.cat\/es\/wp-json\/wp\/v2\/product_brand?post=173988"},{"taxonomy":"product_cat","embeddable":true,"href":"https:\/\/www.claret.cat\/es\/wp-json\/wp\/v2\/product_cat?post=173988"},{"taxonomy":"product_tag","embeddable":true,"href":"https:\/\/www.claret.cat\/es\/wp-json\/wp\/v2\/product_tag?post=173988"}],"curies":[{"name":"wp","href":"https:\/\/api.w.org\/{rel}","templated":true}]}}