{"id":174147,"date":"2022-10-20T01:19:20","date_gmt":"2022-10-19T23:19:20","guid":{"rendered":"http:\/\/dev.claret.cat\/producte\/croquetes-mandonguilles\/"},"modified":"2023-01-28T16:02:22","modified_gmt":"2023-01-28T15:02:22","slug":"croquetes-mandonguilles-9788490347775","status":"publish","type":"product","link":"https:\/\/www.claret.cat\/es\/libro\/croquetes-mandonguilles-9788490347775\/","title":{"rendered":"CROQUETES &amp; MANDONGUILLES"},"content":{"rendered":"<p>Atreveix-te a fer korokke japoneses, coxinhas brasileres, arancini sicilians, frikadeller daneses o kefta libanesa&#8230; Croquetes i mandonguilles per fer la volta al m\u00f3n i con\u00e8ixer noves versions de dues preparacions cl\u00e0ssiques a trav\u00e9s de receptes molt senzilles i amb ingredients f\u00e0cils de trobar<\/p>\n","protected":false},"excerpt":{"rendered":"<p>MONN\u00c9 CAMPA\u00d1A, TONI<\/p>\n","protected":false},"featured_media":320530,"template":"","meta":{"_acf_changed":false,"om_disable_all_campaigns":false,"rs_blank_template":"","rs_page_bg_color":"","slide_template_v7":"","inline_featured_image":false,"_monsterinsights_skip_tracking":false,"_monsterinsights_sitenote_active":false,"_monsterinsights_sitenote_note":"","_monsterinsights_sitenote_category":0},"product_brand":[],"product_cat":[553,103],"product_tag":[],"class_list":{"0":"post-174147","1":"product","2":"type-product","3":"status-publish","4":"has-post-thumbnail","6":"product_cat-cocina","7":"product_cat-cuina","9":"first","10":"instock","11":"taxable","12":"shipping-taxable","13":"purchasable","14":"product-type-simple"},"acf":{"autor":"MONN\u00c9 CAMPA\u00d1A, TONI","codart":"849034777","libros-coleccion":"NOVELAS ORIGINALES","ediciones":"1","encuadernacion":"Carton\u00e9","fecha_de_publicacion":"01\/10\/2018","novedad":"1","paginas":"62","subtitulo":"","orden":"0","portada":"0","idioma":"cat","editorial":[{"ID":6171,"post_author":"3","post_date":"2022-07-28 17:46:25","post_date_gmt":"2022-07-28 15:46:25","post_content":"","post_title":"COSSETANIA EDICIONS","post_excerpt":"","post_status":"publish","comment_status":"closed","ping_status":"closed","post_password":"","post_name":"cossetania-edicions","to_ping":"","pinged":"","post_modified":"2022-07-28 17:46:25","post_modified_gmt":"2022-07-28 15:46:25","post_content_filtered":"","post_parent":0,"guid":"http:\/\/dev.claret.cat\/editorial\/cossetania-edicions\/","menu_order":0,"post_type":"editorial","post_mime_type":"","comment_count":"0","filter":"raw"}],"autores-libros":[{"ID":319845,"post_author":"3","post_date":"2023-01-02 23:41:54","post_date_gmt":"2023-01-02 22:41:54","post_content":"","post_title":"TONI MONN\u00c9 CAMPA\u00d1\u00c1","post_excerpt":"","post_status":"publish","comment_status":"closed","ping_status":"closed","post_password":"","post_name":"toni-monne-campana","to_ping":"","pinged":"","post_modified":"2023-01-02 23:41:54","post_modified_gmt":"2023-01-02 22:41:54","post_content_filtered":"","post_parent":0,"guid":"https:\/\/www.claret.cat\/autor\/toni-monne-campana\/","menu_order":0,"post_type":"autor","post_mime_type":"","comment_count":"0","filter":"raw"}]},"aioseo_notices":[],"_links":{"self":[{"href":"https:\/\/www.claret.cat\/es\/wp-json\/wp\/v2\/product\/174147","targetHints":{"allow":["GET"]}}],"collection":[{"href":"https:\/\/www.claret.cat\/es\/wp-json\/wp\/v2\/product"}],"about":[{"href":"https:\/\/www.claret.cat\/es\/wp-json\/wp\/v2\/types\/product"}],"wp:featuredmedia":[{"embeddable":true,"href":"https:\/\/www.claret.cat\/es\/wp-json\/wp\/v2\/media\/320530"}],"wp:attachment":[{"href":"https:\/\/www.claret.cat\/es\/wp-json\/wp\/v2\/media?parent=174147"}],"wp:term":[{"taxonomy":"product_brand","embeddable":true,"href":"https:\/\/www.claret.cat\/es\/wp-json\/wp\/v2\/product_brand?post=174147"},{"taxonomy":"product_cat","embeddable":true,"href":"https:\/\/www.claret.cat\/es\/wp-json\/wp\/v2\/product_cat?post=174147"},{"taxonomy":"product_tag","embeddable":true,"href":"https:\/\/www.claret.cat\/es\/wp-json\/wp\/v2\/product_tag?post=174147"}],"curies":[{"name":"wp","href":"https:\/\/api.w.org\/{rel}","templated":true}]}}