{"id":174186,"date":"2022-10-20T01:20:03","date_gmt":"2022-10-19T23:20:03","guid":{"rendered":"http:\/\/dev.claret.cat\/producte\/una-historia-de-archibaldo-a-dormir\/"},"modified":"2023-01-28T12:50:23","modified_gmt":"2023-01-28T11:50:23","slug":"una-historia-de-archibaldo-a-dormir-9788417074340","status":"publish","type":"product","link":"https:\/\/www.claret.cat\/es\/libro\/una-historia-de-archibaldo-a-dormir-9788417074340\/","title":{"rendered":"UNA HISTORIA DE ARCHIBALDO. \u00a1A DORMIR!"},"content":{"rendered":"<p>La mam\u00e1, el pap\u00e1 y la abuela de Archibaldo est\u00e1n desesperados&#8230; Por muchos recursos que utilizan, no hay forma de que el peque\u00f1o deje de jugar y concilie el sue\u00f1o. \u00bfConseguir\u00e1n que se duerma o se dormir\u00e1n ellos primero?<br \/> La mam\u00e1 de Archibaldo le lee un cuento; m\u00e1s tarde, el pap\u00e1 le cuenta otro cuento y uno m\u00e1s; despu\u00e9s, la mam\u00e1 vuelve a hacerle un \u00faltimo mimo y la abuela le explica en ingl\u00e9s que es tiempo de irse a la cama&#8230; Pasan las horas y todo es in\u00fatil. Archibaldo sigue jugando con su tren, totalmente despierto. La familia ya no sabe qu\u00e9 hacer. Finalmente, a las tantas de la madrugada, todos se duermen, agotados y en cualquier sitio, mientras Archibaldo sigue en pie y es \u00e9l quien se ocupa de arroparlos y recoger los trastos. Al fin, se acuesta  feliz en la cama vac\u00eda de sus padres.<br \/> Una nueva historia del simp\u00e1tico Archibaldo y su deliciosa familia, personajes que los ni\u00f1os ya conocieron en Mi amor, Un amor de hermanita, Lo que pap\u00e1 me ha dicho y Lo que de verdad me gusta.<br \/> Con mucho humor, tanto en el texto como en las ilustraciones, y con un ingenioso final del rev\u00e9s, este libro har\u00e1 que los rebeldes insomnes, esos que dan batalla cada noche, se queden fritos como lirones, a una hora razonable y en su propia cama.<\/p>\n","protected":false},"excerpt":{"rendered":"<p>DESBORDES, ASTRID<\/p>\n","protected":false},"featured_media":174187,"template":"","meta":{"_acf_changed":false,"om_disable_all_campaigns":false,"rs_blank_template":"","rs_page_bg_color":"","slide_template_v7":"","inline_featured_image":false,"_monsterinsights_skip_tracking":false,"_monsterinsights_sitenote_active":false,"_monsterinsights_sitenote_note":"","_monsterinsights_sitenote_category":0},"product_brand":[],"product_cat":[86],"product_tag":[],"class_list":{"0":"post-174186","1":"product","2":"type-product","3":"status-publish","4":"has-post-thumbnail","6":"product_cat-infantil","8":"first","9":"instock","10":"taxable","11":"shipping-taxable","12":"purchasable","13":"product-type-simple"},"acf":{"autor":"DESBORDES, ASTRID","codart":"841707434","libros-coleccion":"Kokinos","ediciones":"1","encuadernacion":"Carton\u00e9","fecha_de_publicacion":"01\/10\/2018","novedad":"1","paginas":"35","subtitulo":"","orden":"0","portada":"0","idioma":"cat","editorial":[{"ID":147996,"post_author":"3","post_date":"2022-10-14 11:54:50","post_date_gmt":"2022-10-14 09:54:50","post_content":"","post_title":"Editorial K\u00f3kinos","post_excerpt":"","post_status":"publish","comment_status":"closed","ping_status":"closed","post_password":"","post_name":"editorial-kokinos","to_ping":"","pinged":"","post_modified":"2022-10-14 11:54:50","post_modified_gmt":"2022-10-14 09:54:50","post_content_filtered":"","post_parent":0,"guid":"http:\/\/dev.claret.cat\/editorial\/editorial-kokinos\/","menu_order":0,"post_type":"editorial","post_mime_type":"","comment_count":"0","filter":"raw"}],"autores-libros":[{"ID":151206,"post_author":"3","post_date":"2022-10-14 14:39:03","post_date_gmt":"2022-10-14 12:39:03","post_content":"","post_title":"ASTRID DESBORDES","post_excerpt":"","post_status":"publish","comment_status":"closed","ping_status":"closed","post_password":"","post_name":"astrid-desbordes","to_ping":"","pinged":"","post_modified":"2022-10-14 14:39:03","post_modified_gmt":"2022-10-14 12:39:03","post_content_filtered":"","post_parent":0,"guid":"http:\/\/dev.claret.cat\/autor\/astrid-desbordes\/","menu_order":0,"post_type":"autor","post_mime_type":"","comment_count":"0","filter":"raw"}]},"aioseo_notices":[],"_links":{"self":[{"href":"https:\/\/www.claret.cat\/es\/wp-json\/wp\/v2\/product\/174186","targetHints":{"allow":["GET"]}}],"collection":[{"href":"https:\/\/www.claret.cat\/es\/wp-json\/wp\/v2\/product"}],"about":[{"href":"https:\/\/www.claret.cat\/es\/wp-json\/wp\/v2\/types\/product"}],"wp:featuredmedia":[{"embeddable":true,"href":"https:\/\/www.claret.cat\/es\/wp-json\/wp\/v2\/media\/174187"}],"wp:attachment":[{"href":"https:\/\/www.claret.cat\/es\/wp-json\/wp\/v2\/media?parent=174186"}],"wp:term":[{"taxonomy":"product_brand","embeddable":true,"href":"https:\/\/www.claret.cat\/es\/wp-json\/wp\/v2\/product_brand?post=174186"},{"taxonomy":"product_cat","embeddable":true,"href":"https:\/\/www.claret.cat\/es\/wp-json\/wp\/v2\/product_cat?post=174186"},{"taxonomy":"product_tag","embeddable":true,"href":"https:\/\/www.claret.cat\/es\/wp-json\/wp\/v2\/product_tag?post=174186"}],"curies":[{"name":"wp","href":"https:\/\/api.w.org\/{rel}","templated":true}]}}