{"id":174273,"date":"2022-10-20T01:21:43","date_gmt":"2022-10-19T23:21:43","guid":{"rendered":"http:\/\/dev.claret.cat\/producte\/veins-2\/"},"modified":"2023-01-28T10:51:12","modified_gmt":"2023-01-28T09:51:12","slug":"veins-9788494584350","status":"publish","type":"product","link":"https:\/\/www.claret.cat\/es\/libro\/veins-9788494584350\/","title":{"rendered":"VE\u00cfNS"},"content":{"rendered":"<p>Una nena, un nen. Dues realitats, dues paletes de color. I una doble p\u00e0gina per compartir.<br \/>Per\u00f2 qu\u00e8 passa si un dia un d&#8217;ells s&#8217;aventura a entrar a la p\u00e0gina de l&#8217;altre? Aquest ser\u00e0 el punt d&#8217;inflexi\u00f3 per a una batalla de color i espai. Un \u00e0lbum il\u00b7lustrat a quatre mans per fer-nos reflexionar sobre el fet de compartir la vida.<\/p>\n","protected":false},"excerpt":{"rendered":"<p>BUURGAS, \u00c0NGEL \/ BLANCH, IGNASI \/ APARICIO, ANNA<\/p>\n","protected":false},"featured_media":321383,"template":"","meta":{"_acf_changed":false,"om_disable_all_campaigns":false,"rs_blank_template":"","rs_page_bg_color":"","slide_template_v7":"","inline_featured_image":false,"_monsterinsights_skip_tracking":false,"_monsterinsights_sitenote_active":false,"_monsterinsights_sitenote_note":"","_monsterinsights_sitenote_category":0},"product_brand":[],"product_cat":[86,352],"product_tag":[],"class_list":{"0":"post-174273","1":"product","2":"type-product","3":"status-publish","4":"has-post-thumbnail","6":"product_cat-infantil","7":"product_cat-infantil-3_infantil-juvenil-spa","9":"first","10":"instock","11":"taxable","12":"shipping-taxable","13":"purchasable","14":"product-type-simple"},"acf":{"autor":"BUURGAS, \u00c0NGEL \/ BLANCH, IGNASI \/ APARICIO, ANNA","codart":"849458435","libros-coleccion":"","ediciones":"1","encuadernacion":"Carton\u00e9","fecha_de_publicacion":"01\/10\/2018","novedad":"1","paginas":"32","subtitulo":"","orden":"0","portada":"0","idioma":"cat","editorial":[{"ID":147512,"post_author":"3","post_date":"2022-10-14 11:51:09","post_date_gmt":"2022-10-14 09:51:09","post_content":"","post_title":"BABULINKA BOOKS","post_excerpt":"","post_status":"publish","comment_status":"closed","ping_status":"closed","post_password":"","post_name":"babulinka-books","to_ping":"","pinged":"","post_modified":"2022-10-14 11:51:09","post_modified_gmt":"2022-10-14 09:51:09","post_content_filtered":"","post_parent":0,"guid":"http:\/\/dev.claret.cat\/editorial\/babulinka-books\/","menu_order":0,"post_type":"editorial","post_mime_type":"","comment_count":"0","filter":"raw"}],"autores-libros":[{"ID":157794,"post_author":"3","post_date":"2022-10-14 15:31:41","post_date_gmt":"2022-10-14 13:31:41","post_content":"","post_title":"IGNASI BLANCH","post_excerpt":"","post_status":"publish","comment_status":"closed","ping_status":"closed","post_password":"","post_name":"ignasi-blanch","to_ping":"","pinged":"","post_modified":"2022-10-14 15:31:41","post_modified_gmt":"2022-10-14 13:31:41","post_content_filtered":"","post_parent":0,"guid":"http:\/\/dev.claret.cat\/autor\/ignasi-blanch\/","menu_order":0,"post_type":"autor","post_mime_type":"","comment_count":"0","filter":"raw"},{"ID":321367,"post_author":"3","post_date":"2023-01-03 01:31:28","post_date_gmt":"2023-01-03 00:31:28","post_content":"","post_title":"ANNA APARICIO","post_excerpt":"","post_status":"publish","comment_status":"closed","ping_status":"closed","post_password":"","post_name":"anna-aparicio","to_ping":"","pinged":"","post_modified":"2023-01-03 01:31:28","post_modified_gmt":"2023-01-03 00:31:28","post_content_filtered":"","post_parent":0,"guid":"https:\/\/www.claret.cat\/autor\/anna-aparicio\/","menu_order":0,"post_type":"autor","post_mime_type":"","comment_count":"0","filter":"raw"},{"ID":321382,"post_author":"3","post_date":"2023-01-03 01:32:30","post_date_gmt":"2023-01-03 00:32:30","post_content":"","post_title":"\u00c0NGEL BUURGAS","post_excerpt":"","post_status":"publish","comment_status":"closed","ping_status":"closed","post_password":"","post_name":"angel-buurgas","to_ping":"","pinged":"","post_modified":"2023-01-03 01:32:30","post_modified_gmt":"2023-01-03 00:32:30","post_content_filtered":"","post_parent":0,"guid":"https:\/\/www.claret.cat\/autor\/angel-buurgas\/","menu_order":0,"post_type":"autor","post_mime_type":"","comment_count":"0","filter":"raw"}]},"aioseo_notices":[],"_links":{"self":[{"href":"https:\/\/www.claret.cat\/es\/wp-json\/wp\/v2\/product\/174273","targetHints":{"allow":["GET"]}}],"collection":[{"href":"https:\/\/www.claret.cat\/es\/wp-json\/wp\/v2\/product"}],"about":[{"href":"https:\/\/www.claret.cat\/es\/wp-json\/wp\/v2\/types\/product"}],"wp:featuredmedia":[{"embeddable":true,"href":"https:\/\/www.claret.cat\/es\/wp-json\/wp\/v2\/media\/321383"}],"wp:attachment":[{"href":"https:\/\/www.claret.cat\/es\/wp-json\/wp\/v2\/media?parent=174273"}],"wp:term":[{"taxonomy":"product_brand","embeddable":true,"href":"https:\/\/www.claret.cat\/es\/wp-json\/wp\/v2\/product_brand?post=174273"},{"taxonomy":"product_cat","embeddable":true,"href":"https:\/\/www.claret.cat\/es\/wp-json\/wp\/v2\/product_cat?post=174273"},{"taxonomy":"product_tag","embeddable":true,"href":"https:\/\/www.claret.cat\/es\/wp-json\/wp\/v2\/product_tag?post=174273"}],"curies":[{"name":"wp","href":"https:\/\/api.w.org\/{rel}","templated":true}]}}