{"id":174420,"date":"2022-10-20T01:24:25","date_gmt":"2022-10-19T23:24:25","guid":{"rendered":"http:\/\/dev.claret.cat\/producte\/lo-que-de-verdad-me-gusta\/"},"modified":"2023-01-28T02:48:37","modified_gmt":"2023-01-28T01:48:37","slug":"lo-que-de-verdad-me-gusta-9788417074364","status":"publish","type":"product","link":"https:\/\/www.claret.cat\/es\/libro\/lo-que-de-verdad-me-gusta-9788417074364\/","title":{"rendered":"LO QUE DE VERDAD ME GUSTA"},"content":{"rendered":"<p>Archibaldo anda con su autoestima por los suelos porque no sabe jugar bien al tenis y piensa que no sirve para nada. Su mam\u00e1 le demostrar\u00e1 que si encuentra lo que de verdad le gusta hacer, lo conseguir\u00e1 y sentir\u00e1 que sirve para mucho.<br \/> Para explicarle esto, la mam\u00e1 lleva a Archibaldo a dar un paseo. Le hace ver que un p\u00e1jaro sirve aunque no pueda nadar, que una mariposa sirve aunque no pueda cantar y que un manzano sirve aunque no pueda volar. La clave est\u00e1 en encontrar lo que uno desea hacer y en luchar para hacerlo bien. Archibaldo entonces busca y rebusca qu\u00e9 es lo que de verdad le gusta. \u00bfCocinar? \u00bfBailar? \u00bfDisparar flechas?&#8230; Hasta que por fin lo encuentra. Sin embargo, a\u00fan le queda mucho trabajo y momentos de des\u00e1nimo que vencer. Un d\u00eda, al fin, se sienta en el piano y emociona a todos con su m\u00fasica. Un libro m\u00e1s de la saga de Archibaldo, un ni\u00f1o afortunado porque tiene padres sensibles, sabios y muy cari\u00f1osos que lo escuchan, le hablan, lo apoyan y est\u00e1n ah\u00ed para lo que necesite. <br \/> Un \u00e1lbum po\u00e9tico, profundo, con toques de humor, ideal para que los ni\u00f1os hallen su verdadera pasi\u00f3n, su talento y aprendan a quererse y valorarse por lo que son.<\/p>\n","protected":false},"excerpt":{"rendered":"<p>DESBORDES, ASTRID<\/p>\n","protected":false},"featured_media":174421,"template":"","meta":{"_acf_changed":false,"om_disable_all_campaigns":false,"rs_blank_template":"","rs_page_bg_color":"","slide_template_v7":"","inline_featured_image":false,"_monsterinsights_skip_tracking":false,"_monsterinsights_sitenote_active":false,"_monsterinsights_sitenote_note":"","_monsterinsights_sitenote_category":0},"product_brand":[],"product_cat":[86],"product_tag":[],"class_list":{"0":"post-174420","1":"product","2":"type-product","3":"status-publish","4":"has-post-thumbnail","6":"product_cat-infantil","8":"first","9":"instock","10":"taxable","11":"shipping-taxable","12":"purchasable","13":"product-type-simple"},"acf":{"autor":"DESBORDES, ASTRID","codart":"841707436","libros-coleccion":"Kokinos","ediciones":"1","encuadernacion":"Carton\u00e9","fecha_de_publicacion":"01\/10\/2018","novedad":"1","paginas":"65","subtitulo":"","orden":"0","portada":"0","idioma":"spa","editorial":[{"ID":147996,"post_author":"3","post_date":"2022-10-14 11:54:50","post_date_gmt":"2022-10-14 09:54:50","post_content":"","post_title":"Editorial K\u00f3kinos","post_excerpt":"","post_status":"publish","comment_status":"closed","ping_status":"closed","post_password":"","post_name":"editorial-kokinos","to_ping":"","pinged":"","post_modified":"2022-10-14 11:54:50","post_modified_gmt":"2022-10-14 09:54:50","post_content_filtered":"","post_parent":0,"guid":"http:\/\/dev.claret.cat\/editorial\/editorial-kokinos\/","menu_order":0,"post_type":"editorial","post_mime_type":"","comment_count":"0","filter":"raw"}],"autores-libros":[{"ID":151206,"post_author":"3","post_date":"2022-10-14 14:39:03","post_date_gmt":"2022-10-14 12:39:03","post_content":"","post_title":"ASTRID DESBORDES","post_excerpt":"","post_status":"publish","comment_status":"closed","ping_status":"closed","post_password":"","post_name":"astrid-desbordes","to_ping":"","pinged":"","post_modified":"2022-10-14 14:39:03","post_modified_gmt":"2022-10-14 12:39:03","post_content_filtered":"","post_parent":0,"guid":"http:\/\/dev.claret.cat\/autor\/astrid-desbordes\/","menu_order":0,"post_type":"autor","post_mime_type":"","comment_count":"0","filter":"raw"}]},"aioseo_notices":[],"_links":{"self":[{"href":"https:\/\/www.claret.cat\/es\/wp-json\/wp\/v2\/product\/174420","targetHints":{"allow":["GET"]}}],"collection":[{"href":"https:\/\/www.claret.cat\/es\/wp-json\/wp\/v2\/product"}],"about":[{"href":"https:\/\/www.claret.cat\/es\/wp-json\/wp\/v2\/types\/product"}],"wp:featuredmedia":[{"embeddable":true,"href":"https:\/\/www.claret.cat\/es\/wp-json\/wp\/v2\/media\/174421"}],"wp:attachment":[{"href":"https:\/\/www.claret.cat\/es\/wp-json\/wp\/v2\/media?parent=174420"}],"wp:term":[{"taxonomy":"product_brand","embeddable":true,"href":"https:\/\/www.claret.cat\/es\/wp-json\/wp\/v2\/product_brand?post=174420"},{"taxonomy":"product_cat","embeddable":true,"href":"https:\/\/www.claret.cat\/es\/wp-json\/wp\/v2\/product_cat?post=174420"},{"taxonomy":"product_tag","embeddable":true,"href":"https:\/\/www.claret.cat\/es\/wp-json\/wp\/v2\/product_tag?post=174420"}],"curies":[{"name":"wp","href":"https:\/\/api.w.org\/{rel}","templated":true}]}}