{"id":174480,"date":"2022-10-20T01:25:34","date_gmt":"2022-10-19T23:25:34","guid":{"rendered":"http:\/\/dev.claret.cat\/producte\/monstruas-y-centauras\/"},"modified":"2023-01-28T09:50:35","modified_gmt":"2023-01-28T08:50:35","slug":"monstruas-y-centauras-9788433916228","status":"publish","type":"product","link":"https:\/\/www.claret.cat\/es\/libro\/monstruas-y-centauras-9788433916228\/","title":{"rendered":"MONSTRUAS Y CENTAURAS"},"content":{"rendered":"<p>Tres acontecimientos m\u00e1s una sentencia (el #MeToo, la carta de las intelectuales francesas, la huelga feminista del 8 de marzo y la sentencia de La Manada) han marcado la agenda en los \u00faltimos meses y han puesto en el punto de mira el concepto del feminismo hoy. Marta Sanz reflexiona acerca de lo que ello supone, c\u00f3mo posicionarse ante esos hechos concretos, c\u00f3mo \u00abproteger\u00bb la lucha feminista de la simplificaci\u00f3n y comercializaci\u00f3n de un capitalismo que lo puede absorber todo, y piensa tambi\u00e9n sobre las cuotas y el poder, para llegar a la conclusi\u00f3n de que quiz\u00e1s lo que deba modificarse sea la noci\u00f3n de poder misma&#8230;<br \/> Una reflexi\u00f3n de una mujer que se pregunta, en sus actuaciones p\u00fablicas y privadas, en cada gesto y cada palabra, cu\u00e1l es el camino hacia la igualdad.<\/p>\n","protected":false},"excerpt":{"rendered":"<p>SANZ, MARTA<\/p>\n","protected":false},"featured_media":174481,"template":"","meta":{"_acf_changed":false,"om_disable_all_campaigns":false,"rs_blank_template":"","rs_page_bg_color":"","slide_template_v7":"","inline_featured_image":false,"_monsterinsights_skip_tracking":false,"_monsterinsights_sitenote_active":false,"_monsterinsights_sitenote_note":"","_monsterinsights_sitenote_category":0},"product_brand":[],"product_cat":[16],"product_tag":[],"class_list":{"0":"post-174480","1":"product","2":"type-product","3":"status-publish","4":"has-post-thumbnail","6":"product_cat-sense-categoria","8":"first","9":"instock","10":"taxable","11":"shipping-taxable","12":"purchasable","13":"product-type-simple"},"acf":{"autor":"SANZ, MARTA","codart":"843391622","libros-coleccion":"Nuevos cuadernos Anagrama","ediciones":"1","encuadernacion":"R\u00fastica","fecha_de_publicacion":"01\/10\/2018","novedad":"1","paginas":"132","subtitulo":"","orden":"0","portada":"0","idioma":"spa","editorial":[{"ID":6219,"post_author":"3","post_date":"2022-07-28 17:47:26","post_date_gmt":"2022-07-28 15:47:26","post_content":"","post_title":"Editorial Anagrama S.A.","post_excerpt":"","post_status":"publish","comment_status":"closed","ping_status":"closed","post_password":"","post_name":"editorial-anagrama-s-a","to_ping":"","pinged":"","post_modified":"2022-07-28 17:47:26","post_modified_gmt":"2022-07-28 15:47:26","post_content_filtered":"","post_parent":0,"guid":"http:\/\/dev.claret.cat\/editorial\/editorial-anagrama-s-a\/","menu_order":0,"post_type":"editorial","post_mime_type":"","comment_count":"0","filter":"raw"}],"autores-libros":[{"ID":164220,"post_author":"3","post_date":"2022-10-14 17:45:20","post_date_gmt":"2022-10-14 15:45:20","post_content":"","post_title":"MARTA SANZ","post_excerpt":"","post_status":"publish","comment_status":"closed","ping_status":"closed","post_password":"","post_name":"marta-sanz","to_ping":"","pinged":"","post_modified":"2022-10-14 17:45:20","post_modified_gmt":"2022-10-14 15:45:20","post_content_filtered":"","post_parent":0,"guid":"http:\/\/dev.claret.cat\/autor\/marta-sanz\/","menu_order":0,"post_type":"autor","post_mime_type":"","comment_count":"0","filter":"raw"}]},"aioseo_notices":[],"_links":{"self":[{"href":"https:\/\/www.claret.cat\/es\/wp-json\/wp\/v2\/product\/174480","targetHints":{"allow":["GET"]}}],"collection":[{"href":"https:\/\/www.claret.cat\/es\/wp-json\/wp\/v2\/product"}],"about":[{"href":"https:\/\/www.claret.cat\/es\/wp-json\/wp\/v2\/types\/product"}],"wp:featuredmedia":[{"embeddable":true,"href":"https:\/\/www.claret.cat\/es\/wp-json\/wp\/v2\/media\/174481"}],"wp:attachment":[{"href":"https:\/\/www.claret.cat\/es\/wp-json\/wp\/v2\/media?parent=174480"}],"wp:term":[{"taxonomy":"product_brand","embeddable":true,"href":"https:\/\/www.claret.cat\/es\/wp-json\/wp\/v2\/product_brand?post=174480"},{"taxonomy":"product_cat","embeddable":true,"href":"https:\/\/www.claret.cat\/es\/wp-json\/wp\/v2\/product_cat?post=174480"},{"taxonomy":"product_tag","embeddable":true,"href":"https:\/\/www.claret.cat\/es\/wp-json\/wp\/v2\/product_tag?post=174480"}],"curies":[{"name":"wp","href":"https:\/\/api.w.org\/{rel}","templated":true}]}}