{"id":174486,"date":"2022-10-20T01:25:41","date_gmt":"2022-10-19T23:25:41","guid":{"rendered":"http:\/\/dev.claret.cat\/producte\/trilogia-nube-blanca-estuche-con-en-el-pais-de-la-nube-blanca-la-cancion-de\/"},"modified":"2023-01-28T21:42:10","modified_gmt":"2023-01-28T20:42:10","slug":"trilogia-nube-blanca-estuche-con-en-el-pais-de-la-nube-blanca-la-cancion-de-9788490709986","status":"publish","type":"product","link":"https:\/\/www.claret.cat\/es\/libro\/trilogia-nube-blanca-estuche-con-en-el-pais-de-la-nube-blanca-la-cancion-de-9788490709986\/","title":{"rendered":"TRILOG\u00cdA NUBE BLANCA (ESTUCHE CON: EN EL PA\u00cdS DE LA NUBE BLANCA | LA CANCI\u00d3N DE"},"content":{"rendered":"<p>Edici\u00f3n especial en estuche que re\u00fane los tres vol\u00famenes de la \u00abTrilog\u00eda de la Nube Blanca\u00bb de Sarah Lark. Una epopeya fascinante, recomendada por la cr\u00edtica y los libreros, sobre dos familias cuyo destino est\u00e1 unido para siempre, en el ex\u00f3tico marco de Nueva Zelanda. En el pa\u00eds de la nube blanca<br \/>Londres, 1852: dos chicas emprenden la traves\u00eda en barco hacia Nueva Zelanda. Para ellas significa el comienzo de una nueva vida como futuras esposas de unos hombres a quienes no conocen. Gwyneira, de origen noble, est\u00e1 prometida al hijo de un magnate de la lana, mientras que Helen, institutriz de profesi\u00f3n, ha respondido a la solicitud de matrimonio de un granjero. Ambas deber\u00e1n seguir su destino en una tierra a la que se compara con el para\u00edso. Pero \u00bfhallar\u00e1n el amor y la felicidad en el extremo opuesto del mundo? La canci\u00f3n de los maor\u00edes<br \/>Nueva Zelanda, 1893. Elaine es la atractiva nieta de Gwyneira, quien un d\u00eda viaj\u00f3 desde el extremo opuesto del mundo para casarse con un desconocido. De su abuela ha heredado la melena pelirroja y el esp\u00edritu libre&#8230; hasta que William, un misterioso irland\u00e9s, irrumpe en su vida y ella cae rendida a sus encantos. Pero entonces, la llegada de su prima Kura, con su sensualidad maor\u00ed, cambia el destino de Elaine, y ambas tendr\u00e1n que enfrentarse a sus propias decisiones y a los vaivenes de una tierra comparada con el para\u00edso. El grito de la tierra<br \/>Nueva Zelanda, 1907. La infancia de Gloria, bisnieta de Gwyneira, termina abruptamente cuando es enviada junto a su prima Lilian a un colegia en Gran Breta\u00f1a. Una vez all\u00ed, Lilian encaja en las costumbres que impone en Viejo Mundo, pero Gloria quiere volver a toda costa a la tierra que la vio nacer, en el extremo opuesto del mundo. Y es ese profundo sentimiento el que la empuja a coger las riendas de su vida e idear un atrevido plan que marcar\u00e1 su destino para siempre.<\/p>\n","protected":false},"excerpt":{"rendered":"<p>SARAH LARK<\/p>\n","protected":false},"featured_media":174487,"template":"","meta":{"_acf_changed":false,"om_disable_all_campaigns":false,"rs_blank_template":"","rs_page_bg_color":"","slide_template_v7":"","inline_featured_image":false,"_monsterinsights_skip_tracking":false,"_monsterinsights_sitenote_active":false,"_monsterinsights_sitenote_note":"","_monsterinsights_sitenote_category":0},"product_brand":[],"product_cat":[87],"product_tag":[],"class_list":{"0":"post-174486","1":"product","2":"type-product","3":"status-publish","4":"has-post-thumbnail","6":"product_cat-literatura","8":"first","9":"instock","10":"taxable","11":"shipping-taxable","12":"purchasable","13":"product-type-simple"},"acf":{"autor":"SARAH LARK","codart":"849070998","libros-coleccion":"Maxi","ediciones":"1","encuadernacion":"R\u00fastica","fecha_de_publicacion":"01\/10\/2018","novedad":"1","paginas":"0","subtitulo":"","orden":"0","portada":"0","idioma":"spa","editorial":[{"ID":6138,"post_author":"3","post_date":"2022-07-28 17:45:42","post_date_gmt":"2022-07-28 15:45:42","post_content":"","post_title":"B de Bolsillo (Ediciones B)","post_excerpt":"","post_status":"publish","comment_status":"closed","ping_status":"closed","post_password":"","post_name":"b-de-bolsillo-ediciones-b","to_ping":"","pinged":"","post_modified":"2022-07-28 17:45:42","post_modified_gmt":"2022-07-28 15:45:42","post_content_filtered":"","post_parent":0,"guid":"http:\/\/dev.claret.cat\/editorial\/b-de-bolsillo-ediciones-b\/","menu_order":0,"post_type":"editorial","post_mime_type":"","comment_count":"0","filter":"raw"}],"autores-libros":[{"ID":169150,"post_author":"3","post_date":"2022-10-14 22:24:52","post_date_gmt":"2022-10-14 20:24:52","post_content":"","post_title":"SARAH LARK","post_excerpt":"","post_status":"publish","comment_status":"closed","ping_status":"closed","post_password":"","post_name":"sarah-lark-2","to_ping":"","pinged":"","post_modified":"2022-10-14 22:24:52","post_modified_gmt":"2022-10-14 20:24:52","post_content_filtered":"","post_parent":0,"guid":"http:\/\/dev.claret.cat\/autor\/sarah-lark-2\/","menu_order":0,"post_type":"autor","post_mime_type":"","comment_count":"0","filter":"raw"}]},"aioseo_notices":[],"_links":{"self":[{"href":"https:\/\/www.claret.cat\/es\/wp-json\/wp\/v2\/product\/174486","targetHints":{"allow":["GET"]}}],"collection":[{"href":"https:\/\/www.claret.cat\/es\/wp-json\/wp\/v2\/product"}],"about":[{"href":"https:\/\/www.claret.cat\/es\/wp-json\/wp\/v2\/types\/product"}],"wp:featuredmedia":[{"embeddable":true,"href":"https:\/\/www.claret.cat\/es\/wp-json\/wp\/v2\/media\/174487"}],"wp:attachment":[{"href":"https:\/\/www.claret.cat\/es\/wp-json\/wp\/v2\/media?parent=174486"}],"wp:term":[{"taxonomy":"product_brand","embeddable":true,"href":"https:\/\/www.claret.cat\/es\/wp-json\/wp\/v2\/product_brand?post=174486"},{"taxonomy":"product_cat","embeddable":true,"href":"https:\/\/www.claret.cat\/es\/wp-json\/wp\/v2\/product_cat?post=174486"},{"taxonomy":"product_tag","embeddable":true,"href":"https:\/\/www.claret.cat\/es\/wp-json\/wp\/v2\/product_tag?post=174486"}],"curies":[{"name":"wp","href":"https:\/\/api.w.org\/{rel}","templated":true}]}}