{"id":174522,"date":"2022-10-20T01:26:22","date_gmt":"2022-10-19T23:26:22","guid":{"rendered":"http:\/\/dev.claret.cat\/producte\/operaciones-especiales-en-la-edad-de-la-caballeria\/"},"modified":"2023-01-28T08:09:56","modified_gmt":"2023-01-28T07:09:56","slug":"operaciones-especiales-en-la-edad-de-la-caballeria-9788441439030","status":"publish","type":"product","link":"https:\/\/www.claret.cat\/es\/libro\/operaciones-especiales-en-la-edad-de-la-caballeria-9788441439030\/","title":{"rendered":"OPERACIONES ESPECIALES EN LA EDAD DE LA CABALLER\u00cdA"},"content":{"rendered":"<p>Adem\u00e1s de las conocidas batallas campales, los asedios regulares y las maniobras a gran escala, las guerras medievales y de principios de la \u00e9poca moderna tambi\u00e9n inclu\u00edan asesinatos, secuestros, traiciones y sabotajes. Estas operaciones encubiertas o especiales se dirigieron principalmente contra personas clave principalmente la realeza o los l\u00edderes del ej\u00e9rcito enemigo, y contra castillos o lugares estrat\u00e9gicos fortificados, incluidos puentes, molinos y presas. Sin embargo, debido a su naturaleza clandestina, estas acciones de \u00abprovocaci\u00f3n\u00bb nunca se han estudiado en detalle.<br \/>Esta obra de Yuval Hoah Harari viene a rellenar esta importante laguna. Examina en primer lugar una amplia variedad de operaciones especiales, desde el siglo XI hasta el XVI. Tras este repaso, el proferor Harari, se centra en analizar con mayor profundidad seis selectas y emocionantes operaciones: la traici\u00f3n de Antioqu\u00eda en 1098; el intento de rescatar al rey Balduino II de la mazmorra de Khartpert en 1123; el asesinato de Conrad de Montferrat en 1192; el intento de asaltar Calais en 1350; la \u00abguerra sucia\u00bb emprendida por los gobernantes de Francia y Borgo\u00f1a en las d\u00e9cadas de 1460 y 1470 y la demolici\u00f3n del molino harinero de Auriol en 1536.<\/p>\n","protected":false},"excerpt":{"rendered":"<p>NOAH HARARI, YUVAL<\/p>\n","protected":false},"featured_media":372478,"template":"","meta":{"_acf_changed":false,"om_disable_all_campaigns":false,"rs_blank_template":"","rs_page_bg_color":"","slide_template_v7":"","inline_featured_image":false,"_monsterinsights_skip_tracking":false,"_monsterinsights_sitenote_active":false,"_monsterinsights_sitenote_note":"","_monsterinsights_sitenote_category":0},"product_brand":[],"product_cat":[85,351],"product_tag":[],"class_list":{"0":"post-174522","1":"product","2":"type-product","3":"status-publish","4":"has-post-thumbnail","6":"product_cat-historia","7":"product_cat-historia-2_humanidades","9":"first","10":"instock","11":"taxable","12":"shipping-taxable","13":"purchasable","14":"product-type-simple"},"acf":{"autor":"NOAH HARARI, YUVAL","codart":"844143903","libros-coleccion":"Cl\u00edo cr\u00f3nicas de la historia","ediciones":"1","encuadernacion":"R\u00fastica","fecha_de_publicacion":"01\/10\/2018","novedad":"1","paginas":"384","subtitulo":"","orden":"0","portada":"0","idioma":"spa","editorial":[{"ID":147770,"post_author":"3","post_date":"2022-10-14 11:53:05","post_date_gmt":"2022-10-14 09:53:05","post_content":"","post_title":"EDAF","post_excerpt":"","post_status":"publish","comment_status":"closed","ping_status":"closed","post_password":"","post_name":"edaf","to_ping":"","pinged":"","post_modified":"2022-10-14 11:53:05","post_modified_gmt":"2022-10-14 09:53:05","post_content_filtered":"","post_parent":0,"guid":"http:\/\/dev.claret.cat\/editorial\/edaf\/","menu_order":0,"post_type":"editorial","post_mime_type":"","comment_count":"0","filter":"raw"}],"autores-libros":[{"ID":6105,"post_author":"3","post_date":"2022-07-28 17:38:17","post_date_gmt":"2022-07-28 15:38:17","post_content":"","post_title":"YUVAL NOAH HARARI","post_excerpt":"","post_status":"publish","comment_status":"closed","ping_status":"closed","post_password":"","post_name":"yuval-noah-harari","to_ping":"","pinged":"","post_modified":"2022-07-28 17:38:17","post_modified_gmt":"2022-07-28 15:38:17","post_content_filtered":"","post_parent":0,"guid":"http:\/\/dev.claret.cat\/autor\/yuval-noah-harari\/","menu_order":0,"post_type":"autor","post_mime_type":"","comment_count":"0","filter":"raw"}]},"aioseo_notices":[],"_links":{"self":[{"href":"https:\/\/www.claret.cat\/es\/wp-json\/wp\/v2\/product\/174522","targetHints":{"allow":["GET"]}}],"collection":[{"href":"https:\/\/www.claret.cat\/es\/wp-json\/wp\/v2\/product"}],"about":[{"href":"https:\/\/www.claret.cat\/es\/wp-json\/wp\/v2\/types\/product"}],"wp:featuredmedia":[{"embeddable":true,"href":"https:\/\/www.claret.cat\/es\/wp-json\/wp\/v2\/media\/372478"}],"wp:attachment":[{"href":"https:\/\/www.claret.cat\/es\/wp-json\/wp\/v2\/media?parent=174522"}],"wp:term":[{"taxonomy":"product_brand","embeddable":true,"href":"https:\/\/www.claret.cat\/es\/wp-json\/wp\/v2\/product_brand?post=174522"},{"taxonomy":"product_cat","embeddable":true,"href":"https:\/\/www.claret.cat\/es\/wp-json\/wp\/v2\/product_cat?post=174522"},{"taxonomy":"product_tag","embeddable":true,"href":"https:\/\/www.claret.cat\/es\/wp-json\/wp\/v2\/product_tag?post=174522"}],"curies":[{"name":"wp","href":"https:\/\/api.w.org\/{rel}","templated":true}]}}