{"id":174546,"date":"2022-10-20T01:26:51","date_gmt":"2022-10-19T23:26:51","guid":{"rendered":"http:\/\/dev.claret.cat\/producte\/la-hermana-luna-las-siete-hermanas-5-2\/"},"modified":"2025-01-30T19:13:49","modified_gmt":"2025-01-30T18:13:49","slug":"la-hermana-luna-las-siete-hermanas-5-9788401021022","status":"publish","type":"product","link":"https:\/\/www.claret.cat\/es\/libro\/la-hermana-luna-las-siete-hermanas-5-9788401021022\/","title":{"rendered":"LA HERMANA LUNA (LAS SIETE HERMANAS 5)"},"content":{"rendered":"<p>La hermana luna es el quinto volumen de la emocionante saga de  Lucinda Riley Las  Siete Hermanas, una serie de novelas basada en la  mitolog\u00eda griega y en la astrolog\u00eda que enamorar\u00e1 a sus lectoras y que en este caso nos transporta a Granada, Barcelona y Madrid. Siete hermanas, siete destinos, un padre con un pasado misterioso&#8230; Cuando Tiggy D&#8221;Apli\u00e8se acepta trabajar en una de las zonas m\u00e1s  rec\u00f3nditas de Escocia, en concreto en la enorme finca Kinnaird, nada  le  hace sospechar que el misterioso terrateniente, Charlie Kinnaird, est\u00e1 a  punto de alterar su futuro e, ir\u00f3nicamente, revelarle su pasado. En su  nuevo hogar Tiggy descubrir\u00e1 que tiene un don, el sexto sentido, una herencia de sus antepasados gitanos. Luc\u00eda Amaya-Albayc\u00edn naci\u00f3 en 1912 en el barrio del Sacromonte, frente a la Alhambra, y la apodaron La Candela. En su destino  est\u00e1 escrito  convertirse en una de las grandes bailarinas de la historia, y por eso  su padre se la lleva a los bares de flamenco de Barcelona con solo diez  a\u00f1os. Al estallar la Guerra Civil, Luc\u00eda y su grupo de bailaores se ven  obligados a buscar refugio en Nueva York. Pero para ver cumplido su  sue\u00f1o Luc\u00eda tendr\u00e1 que elegir entre la pasi\u00f3n por el baile o el hombre al que ama&#8230; Conforme conoce sus ra\u00edces espa\u00f1olas y desentra\u00f1a el pasado de su  familia, Tiggy comienza a aceptar y a controlar su don sin saber que  ella tambi\u00e9n deber\u00e1 tomar una dif\u00edcil decisi\u00f3n, no muy distinta a la que en su d\u00eda afront\u00f3 Luc\u00eda.   Si quieres saber m\u00e1s, incluso sobre mitolog\u00eda griega, las Pl\u00e9yades,  las esferas armilares&#8230;, visita la web de Lucinda Riley en espa\u00f1ol:  esp.lucindariley.co.uk. Tambi\u00e9n encontrar\u00e1s documentaci\u00f3n sobre las  Highlands, Carmen Amaya, las cuevas del Sacromonte, el flamenco, los gitanos en Espa\u00f1a y los ciervos blancos. La cr\u00edtica ha dicho sobre la saga Las Siete Hermanas&#8230;<br \/>\u00abUn libro brillante que no puedes dejar, lleno de glamour y romance.\u00bb<br \/>The Daily Mail \u00abRiley es una experta contadora de relatos rom\u00e1nticos que entreteje con  habilidad la historia con la ficci\u00f3n. Un libro absorbente y fascinante.\u00bb<br \/>Booklist \u00abUna pizca de misterio, un poco de romance, algo de ficci\u00f3n hist\u00f3rica y  mucho drama familiar en una historia maravillosa. Una apuesta segura para fans de Kate Morton, Kristin Hannah o Maeve Binchy.\u00bb<br \/>Library Journal<\/p>\n","protected":false},"excerpt":{"rendered":"<p>RILEY, LUCINDA<\/p>\n","protected":false},"featured_media":174547,"template":"","meta":{"_acf_changed":false,"om_disable_all_campaigns":false,"rs_blank_template":"","rs_page_bg_color":"","slide_template_v7":"","inline_featured_image":false,"_monsterinsights_skip_tracking":false,"_monsterinsights_sitenote_active":false,"_monsterinsights_sitenote_note":"","_monsterinsights_sitenote_category":0},"product_brand":[],"product_cat":[87,353],"product_tag":[],"class_list":{"0":"post-174546","1":"product","2":"type-product","3":"status-publish","4":"has-post-thumbnail","6":"product_cat-literatura","7":"product_cat-literatura-2_humanidades","9":"first","10":"instock","11":"taxable","12":"shipping-taxable","13":"purchasable","14":"product-type-simple"},"acf":{"autor":"RILEY, LUCINDA","codart":"840102102","libros-coleccion":"\u00c9XITOS","ediciones":"1","encuadernacion":"Carton\u00e9","fecha_de_publicacion":"01\/10\/2018","novedad":"1","paginas":"620","subtitulo":"","orden":"0","portada":"0","idioma":"spa","editorial":[{"ID":6110,"post_author":"3","post_date":"2022-07-28 17:43:46","post_date_gmt":"2022-07-28 15:43:46","post_content":"","post_title":"(516).GRATA","post_excerpt":"","post_status":"publish","comment_status":"closed","ping_status":"closed","post_password":"","post_name":"516-grata","to_ping":"","pinged":"","post_modified":"2022-07-28 17:43:46","post_modified_gmt":"2022-07-28 15:43:46","post_content_filtered":"","post_parent":0,"guid":"http:\/\/dev.claret.cat\/editorial\/516-grata\/","menu_order":0,"post_type":"editorial","post_mime_type":"","comment_count":"0","filter":"raw"}],"autores-libros":[{"ID":5748,"post_author":"3","post_date":"2022-07-28 17:30:38","post_date_gmt":"2022-07-28 15:30:38","post_content":"","post_title":"LUCINDA RILEY","post_excerpt":"","post_status":"publish","comment_status":"closed","ping_status":"closed","post_password":"","post_name":"lucinda-riley","to_ping":"","pinged":"","post_modified":"2022-07-28 17:30:38","post_modified_gmt":"2022-07-28 15:30:38","post_content_filtered":"","post_parent":0,"guid":"http:\/\/dev.claret.cat\/autor\/lucinda-riley\/","menu_order":0,"post_type":"autor","post_mime_type":"","comment_count":"0","filter":"raw"}]},"aioseo_notices":[],"_links":{"self":[{"href":"https:\/\/www.claret.cat\/es\/wp-json\/wp\/v2\/product\/174546","targetHints":{"allow":["GET"]}}],"collection":[{"href":"https:\/\/www.claret.cat\/es\/wp-json\/wp\/v2\/product"}],"about":[{"href":"https:\/\/www.claret.cat\/es\/wp-json\/wp\/v2\/types\/product"}],"wp:featuredmedia":[{"embeddable":true,"href":"https:\/\/www.claret.cat\/es\/wp-json\/wp\/v2\/media\/174547"}],"wp:attachment":[{"href":"https:\/\/www.claret.cat\/es\/wp-json\/wp\/v2\/media?parent=174546"}],"wp:term":[{"taxonomy":"product_brand","embeddable":true,"href":"https:\/\/www.claret.cat\/es\/wp-json\/wp\/v2\/product_brand?post=174546"},{"taxonomy":"product_cat","embeddable":true,"href":"https:\/\/www.claret.cat\/es\/wp-json\/wp\/v2\/product_cat?post=174546"},{"taxonomy":"product_tag","embeddable":true,"href":"https:\/\/www.claret.cat\/es\/wp-json\/wp\/v2\/product_tag?post=174546"}],"curies":[{"name":"wp","href":"https:\/\/api.w.org\/{rel}","templated":true}]}}