{"id":17470,"date":"2022-10-01T23:30:41","date_gmt":"2022-10-01T21:30:41","guid":{"rendered":"http:\/\/dev.claret.cat\/producte\/ever-after-high-3-un-mundo-maravillastico\/"},"modified":"2023-01-28T20:52:42","modified_gmt":"2023-01-28T19:52:42","slug":"ever-after-high-3-un-mundo-maravillastico-9788420417745","status":"publish","type":"product","link":"https:\/\/www.claret.cat\/es\/libro\/ever-after-high-3-un-mundo-maravillastico-9788420417745\/","title":{"rendered":"EVER AFTER HIGH 3. UN MUNDO MARAVILL\u00c1STICO"},"content":{"rendered":"<p>\u00bfVas de REAL o de REBELDE? Los estudiantes de Ever After High est\u00e1n desconcertados tras lo ocurrido el D\u00eda del Destino, en que se supon\u00eda que todos ellos jurar\u00edan seguir los pasos de sus padres. Pero Raven Queen, la hija de la madrastra de Blancanieves, rehus\u00f3 firmar, y con ello ha puesto en riesgo los cuentos de sus compa\u00f1eros. Cuando un misterioso ser del Pa\u00eds de las Maravillas comienza a infectar Ever After con una magia incomprensible, todo se vuelve t\u00e9-liciosamente loco. Los estudiantes se transforman en animales y objetos, los ratones de palacio parlotean por las esquinas y los hermosos jardines verdes del campus pierden su color. Lizzie Hearts, futura reina del Pa\u00eds de las Maravillas, Cedar Wood, hija de Pinocho, y Madeline Hatter, heredera del  Sombrerero Loco, parecen ser las \u00fanicas que no han perdido por completo la cabeza. Todo depende de ellas y deber\u00e1n actuar r\u00e1pido si quieren salvar a sus mejores amigos por siempre jam\u00e1s de una maldici\u00f3n que amenaza con acabar con todos sus finales felices&#8230; para siempre.<\/p>\n","protected":false},"excerpt":{"rendered":"<p>DALE,SHANNON<\/p>\n","protected":false},"featured_media":0,"template":"","meta":{"_acf_changed":false,"om_disable_all_campaigns":false,"rs_blank_template":"","rs_page_bg_color":"","slide_template_v7":"","inline_featured_image":false,"_monsterinsights_skip_tracking":false,"_monsterinsights_sitenote_active":false,"_monsterinsights_sitenote_note":"","_monsterinsights_sitenote_category":0},"product_brand":[],"product_cat":[16],"product_tag":[],"class_list":{"0":"post-17470","1":"product","2":"type-product","3":"status-publish","5":"product_cat-sense-categoria","7":"first","8":"instock","9":"taxable","10":"shipping-taxable","11":"purchasable","12":"product-type-simple"},"acf":{"autor":"DALE,SHANNON","codart":"842041774","libros-coleccion":"","ediciones":"1","encuadernacion":"R\u00fastica","fecha_de_publicacion":"01\/10\/2014","novedad":"0","paginas":"343","subtitulo":"UN MUNDO MARAVILL\u00c1STICO","orden":"999","portada":"0","idioma":"spa","editorial":[{"ID":147392,"post_author":"3","post_date":"2022-10-14 11:50:13","post_date_gmt":"2022-10-14 09:50:13","post_content":"","post_title":"ALFAGUARA, EDITORIAL","post_excerpt":"","post_status":"publish","comment_status":"closed","ping_status":"closed","post_password":"","post_name":"alfaguara-editorial","to_ping":"","pinged":"","post_modified":"2022-10-14 11:50:13","post_modified_gmt":"2022-10-14 09:50:13","post_content_filtered":"","post_parent":0,"guid":"http:\/\/dev.claret.cat\/editorial\/alfaguara-editorial\/","menu_order":0,"post_type":"editorial","post_mime_type":"","comment_count":"0","filter":"raw"}],"autores-libros":[{"ID":169395,"post_author":"3","post_date":"2022-10-14 22:26:53","post_date_gmt":"2022-10-14 20:26:53","post_content":"","post_title":"SHANNON DALE","post_excerpt":"","post_status":"publish","comment_status":"closed","ping_status":"closed","post_password":"","post_name":"shannon-dale","to_ping":"","pinged":"","post_modified":"2022-10-14 22:26:53","post_modified_gmt":"2022-10-14 20:26:53","post_content_filtered":"","post_parent":0,"guid":"http:\/\/dev.claret.cat\/autor\/shannon-dale\/","menu_order":0,"post_type":"autor","post_mime_type":"","comment_count":"0","filter":"raw"}]},"aioseo_notices":[],"_links":{"self":[{"href":"https:\/\/www.claret.cat\/es\/wp-json\/wp\/v2\/product\/17470","targetHints":{"allow":["GET"]}}],"collection":[{"href":"https:\/\/www.claret.cat\/es\/wp-json\/wp\/v2\/product"}],"about":[{"href":"https:\/\/www.claret.cat\/es\/wp-json\/wp\/v2\/types\/product"}],"wp:attachment":[{"href":"https:\/\/www.claret.cat\/es\/wp-json\/wp\/v2\/media?parent=17470"}],"wp:term":[{"taxonomy":"product_brand","embeddable":true,"href":"https:\/\/www.claret.cat\/es\/wp-json\/wp\/v2\/product_brand?post=17470"},{"taxonomy":"product_cat","embeddable":true,"href":"https:\/\/www.claret.cat\/es\/wp-json\/wp\/v2\/product_cat?post=17470"},{"taxonomy":"product_tag","embeddable":true,"href":"https:\/\/www.claret.cat\/es\/wp-json\/wp\/v2\/product_tag?post=17470"}],"curies":[{"name":"wp","href":"https:\/\/api.w.org\/{rel}","templated":true}]}}