{"id":174705,"date":"2022-10-20T01:29:55","date_gmt":"2022-10-19T23:29:55","guid":{"rendered":"http:\/\/dev.claret.cat\/producte\/decisiones-instintivas\/"},"modified":"2023-01-28T22:40:56","modified_gmt":"2023-01-28T21:40:56","slug":"decisiones-instintivas-9788434429178","status":"publish","type":"product","link":"https:\/\/www.claret.cat\/es\/libro\/decisiones-instintivas-9788434429178\/","title":{"rendered":"DECISIONES INSTINTIVAS"},"content":{"rendered":"<p>El proceso para tomar decisiones correctas no consiste en amasar una gran cantidad de informaci\u00f3n, sino en descartar intuitivamente aquella que no necesitamos. Decisiones instintivas propone un an\u00e1lisis de los m\u00faltiples factores e influencias (innatas y adquiridas) que condicionan nuestro proceso de decisi\u00f3n. Este libro, fruto de m\u00e1s de diez a\u00f1os de investigaci\u00f3n por parte de uno de los m\u00e1s prestigiosos cient\u00edficos en la materia, llega a conclusiones sorprendentes.<\/p>\n","protected":false},"excerpt":{"rendered":"<p>GIGERENZER, GERD<\/p>\n","protected":false},"featured_media":174706,"template":"","meta":{"_acf_changed":false,"om_disable_all_campaigns":false,"rs_blank_template":"","rs_page_bg_color":"","slide_template_v7":"","inline_featured_image":false,"_monsterinsights_skip_tracking":false,"_monsterinsights_sitenote_active":false,"_monsterinsights_sitenote_note":"","_monsterinsights_sitenote_category":0},"product_brand":[],"product_cat":[16],"product_tag":[],"class_list":{"0":"post-174705","1":"product","2":"type-product","3":"status-publish","4":"has-post-thumbnail","6":"product_cat-sense-categoria","8":"first","9":"instock","10":"taxable","11":"shipping-taxable","12":"purchasable","13":"product-type-simple"},"acf":{"autor":"GIGERENZER, GERD","codart":"843442917","libros-coleccion":"Ariel","ediciones":"1","encuadernacion":"R\u00fastica","fecha_de_publicacion":"01\/10\/2018","novedad":"1","paginas":"309","subtitulo":"LA INTELIGENCIA DEL INCONSCIENTE","orden":"0","portada":"0","idioma":"spa","editorial":[{"ID":6220,"post_author":"3","post_date":"2022-07-28 17:47:28","post_date_gmt":"2022-07-28 15:47:28","post_content":"","post_title":"Editorial Ariel","post_excerpt":"","post_status":"publish","comment_status":"closed","ping_status":"closed","post_password":"","post_name":"editorial-ariel","to_ping":"","pinged":"","post_modified":"2022-07-28 17:47:28","post_modified_gmt":"2022-07-28 15:47:28","post_content_filtered":"","post_parent":0,"guid":"http:\/\/dev.claret.cat\/editorial\/editorial-ariel\/","menu_order":0,"post_type":"editorial","post_mime_type":"","comment_count":"0","filter":"raw"}]},"aioseo_notices":[],"_links":{"self":[{"href":"https:\/\/www.claret.cat\/es\/wp-json\/wp\/v2\/product\/174705","targetHints":{"allow":["GET"]}}],"collection":[{"href":"https:\/\/www.claret.cat\/es\/wp-json\/wp\/v2\/product"}],"about":[{"href":"https:\/\/www.claret.cat\/es\/wp-json\/wp\/v2\/types\/product"}],"wp:featuredmedia":[{"embeddable":true,"href":"https:\/\/www.claret.cat\/es\/wp-json\/wp\/v2\/media\/174706"}],"wp:attachment":[{"href":"https:\/\/www.claret.cat\/es\/wp-json\/wp\/v2\/media?parent=174705"}],"wp:term":[{"taxonomy":"product_brand","embeddable":true,"href":"https:\/\/www.claret.cat\/es\/wp-json\/wp\/v2\/product_brand?post=174705"},{"taxonomy":"product_cat","embeddable":true,"href":"https:\/\/www.claret.cat\/es\/wp-json\/wp\/v2\/product_cat?post=174705"},{"taxonomy":"product_tag","embeddable":true,"href":"https:\/\/www.claret.cat\/es\/wp-json\/wp\/v2\/product_tag?post=174705"}],"curies":[{"name":"wp","href":"https:\/\/api.w.org\/{rel}","templated":true}]}}